{"id":37,"date":"2017-10-31T07:45:20","date_gmt":"2017-10-31T07:45:20","guid":{"rendered":"http:\/\/demo2.drfuri.com\/manufactory\/?page_id=37"},"modified":"2024-11-08T16:13:32","modified_gmt":"2024-11-08T13:13:32","slug":"iletisim","status":"publish","type":"page","link":"https:\/\/moscheeteppich.net\/ar\/iletisim\/","title":{"rendered":"\u062a\u0648\u0627\u0635\u0644"},"content":{"rendered":"<div class=\"wpb-content-wrapper\"><div class=\"vc_row wpb_row vc_row-fluid\"><div class=\"container\"><div class=\"row\"><div class=\"wpb_column vc_column_container vc_col-sm-12\"><div class=\"vc_column-inner\"><div class=\"wpb_wrapper\"><div class=\"mf-empty-space\" style=\"\"><div class=\"mf_empty_space_lg\"  style=\"height: 80px\"><\/div><div class=\"mf_empty_space_md\"  style=\"height: 50px\"><\/div><div class=\"mf_empty_space_xs\"  style=\"height: 50px\"><\/div><\/div><\/div><\/div><\/div><\/div><\/div><\/div><div class=\"vc_row wpb_row vc_row-fluid\"><div class=\"container\"><div class=\"row\"><div class=\"wpb_column vc_column_container vc_col-sm-12\"><div class=\"vc_column-inner\"><div class=\"wpb_wrapper\"><div class=\"mf-section-title text-left dark large-size\"><h2 >\u0645\u0639\u0644\u0648\u0645\u0627\u062a \u0627\u0644\u0627\u062a\u0635\u0627\u0644<\/h2><\/div><div class=\"mf-empty-space\" style=\"\"><div class=\"mf_empty_space_lg\"  style=\"height: 10px\"><\/div><div class=\"mf_empty_space_md\"  style=\"height: 10px\"><\/div><div class=\"mf_empty_space_xs\"  style=\"height: 10px\"><\/div><\/div><div class=\"vc_row wpb_row vc_inner vc_row-fluid vc_custom_1729088776231 vc_row-has-fill\"><div class=\"wpb_column vc_column_container vc_col-sm-4 vc_col-lg-4 vc_col-md-12 vc_col-has-fill\"><div class=\"vc_column-inner vc_custom_1729088830260\"><div class=\"wpb_wrapper\"><div class=\"mf-contact-box clearfix\"><div class=\"mf-section-title text-left dark medium-size\"><h2 >\u062a\u0648\u0627\u0635\u0644<\/h2><\/div><div class=\"contact-info address\"><i class=\"flaticon-arrow\"><\/i><div><span>Address:<\/span> G3CM+29G Gelsenkirchen, Almanya<\/div><\/div><div class=\"contact-info phone\"><i class=\"fa fa-phone\"><\/i><div><span>Call Us:<\/span> +49 177 3276 389<\/p>\n<p>+90 537 447 6211<\/div><\/div><div class=\"contact-info email\"><i class=\"flaticon-note\"><\/i><div><span>Mail Us:<\/span> info@moscheeteppich.net<\/div><\/div><ul class=\"contact-social\"><li class=\"facebook\">\n\t\t\t\t\t\t<a href=\"#\" target=\"_blank\">\n\t\t\t\t\t\t\t<i class=\"fa fa-facebook\"><\/i>\n\t\t\t\t\t\t<\/a>\n\t\t\t\t\t<\/li><li class=\"youtube\">\n\t\t\t\t\t\t<a href=\"#\" target=\"_blank\">\n\t\t\t\t\t\t\t<i class=\"fa fa-youtube\"><\/i>\n\t\t\t\t\t\t<\/a>\n\t\t\t\t\t<\/li><li class=\"instagram\">\n\t\t\t\t\t\t<a href=\"#\" target=\"_blank\">\n\t\t\t\t\t\t\t<i class=\"fa fa-instagram\"><\/i>\n\t\t\t\t\t\t<\/a>\n\t\t\t\t\t<\/li><\/ul><\/div><\/div><\/div><\/div><div class=\"wpb_column vc_column_container vc_col-sm-4 vc_col-has-fill\"><div class=\"vc_column-inner vc_custom_1729088858462\"><div class=\"wpb_wrapper\"><div class=\"mf-working-hour\"><div class=\"mf-section-title text-left dark medium-size\"><h2 >\u0633\u0627\u0639\u0627\u062a \u0627\u0644\u0639\u0645\u0644<\/h2><\/div><ul class=\"mf-list-hour\"><li><span class=\"day\">\u0627\u0644\u0627\u062b\u0646\u064a\u0646<\/span><span class=\"hour\">09:00 - 22:00<\/span><\/li><li><span class=\"day\">\u064a\u0648\u0645 \u0627\u0644\u062b\u0644\u0627\u062b\u0627\u0621<\/span><span class=\"hour\">09:00 - 22:00<\/span><\/li><li><span class=\"day\">\u0627\u0644\u0623\u0631\u0628\u0639\u0627\u0621<\/span><span class=\"hour\">09:00 - 22:00<\/span><\/li><li><span class=\"day\">\u064a\u0648\u0645 \u0627\u0644\u062e\u0645\u064a\u0633<\/span><span class=\"hour\">09:00 - 22:00<\/span><\/li><li><span class=\"day\">\u062c\u0645\u0639\u0629<\/span><span class=\"hour\">09:00 - 22:00<\/span><\/li><li><span class=\"day\">\u0627\u0644\u0633\u0628\u062a<\/span><span class=\"hour\">09:00 - 22:00<\/span><\/li><li><span class=\"day\">\u0627\u0644\u0623\u062d\u062f<\/span><span class=\"hour\">09:00 - 22:00<\/span><\/li><li><\/li><\/ul><\/div><\/div><\/div><\/div><div class=\"wpb_column vc_column_container vc_col-sm-4 vc_col-has-fill\"><div class=\"vc_column-inner vc_custom_1730292352306\"><div class=\"wpb_wrapper\"><div class=\"mf-empty-space\" style=\"\"><div class=\"mf_empty_space_lg\"  style=\"height: 30px\"><\/div><div class=\"mf_empty_space_md\"  style=\"height: 10px\"><\/div><div class=\"mf_empty_space_xs\"  style=\"height: 10px\"><\/div><\/div><div class=\"mf-section-title text-left dark medium-size\"><h2 >\u0646\u0645\u0648\u0630\u062c \u0627\u0644\u0627\u062a\u0635\u0627\u0644<\/h2><\/div><div class=\"mf-empty-space\" style=\"\"><div class=\"mf_empty_space_lg\"  style=\"height: 20px\"><\/div><div class=\"mf_empty_space_md\"  style=\"height: 10px\"><\/div><div class=\"mf_empty_space_xs\"  style=\"height: 10px\"><\/div><\/div><div class=\"mf-contact-form-7 form-light\" style=\"padding-right: 20px; padding-left: 20px;\">\n<div class=\"wpcf7 no-js\" id=\"wpcf7-f47-o1\" lang=\"tr-TR\" dir=\"ltr\" data-wpcf7-id=\"47\">\n<div class=\"screen-reader-response\"><p role=\"status\" aria-live=\"polite\" aria-atomic=\"true\"><\/p> <ul><\/ul><\/div>\n<form action=\"\/ar\/wp-json\/wp\/v2\/pages\/37#wpcf7-f47-o1\" method=\"post\" class=\"wpcf7-form init\" aria-label=\"\u0130leti\u015fim Formu\" novalidate=\"novalidate\" data-status=\"init\" data-trp-original-action=\"\/ar\/wp-json\/wp\/v2\/pages\/37#wpcf7-f47-o1\">\n<fieldset class=\"hidden-fields-container\"><input type=\"hidden\" name=\"_wpcf7\" value=\"47\" \/><input type=\"hidden\" name=\"_wpcf7_version\" value=\"6.1.4\" \/><input type=\"hidden\" name=\"_wpcf7_locale\" value=\"tr_TR\" \/><input type=\"hidden\" name=\"_wpcf7_unit_tag\" value=\"wpcf7-f47-o1\" \/><input type=\"hidden\" name=\"_wpcf7_container_post\" value=\"0\" \/><input type=\"hidden\" name=\"_wpcf7_posted_data_hash\" value=\"\" \/>\n<\/fieldset>\n<p><label> \u0627\u0633\u0645\u0643 \u0648\u0644\u0642\u0628\u0643<br \/>\n<span class=\"wpcf7-form-control-wrap\" data-name=\"your-name\"><input size=\"40\" maxlength=\"400\" class=\"wpcf7-form-control wpcf7-text wpcf7-validates-as-required\" autocomplete=\"name\" aria-required=\"true\" aria-invalid=\"false\" value=\"\" type=\"text\" name=\"your-name\" \/><\/span> <\/label>\n<\/p>\n<p><label> \u0639\u0646\u0648\u0627\u0646 \u0628\u0631\u064a\u062f\u0643  \u0627\u0644\u0625\u0644\u0643\u062a\u0631\u0648\u0646\u064a<br \/>\n<span class=\"wpcf7-form-control-wrap\" data-name=\"your-email\"><input size=\"40\" maxlength=\"400\" class=\"wpcf7-form-control wpcf7-email wpcf7-validates-as-required wpcf7-text wpcf7-validates-as-email\" autocomplete=\"email\" aria-required=\"true\" aria-invalid=\"false\" value=\"\" type=\"email\" name=\"your-email\" \/><\/span> <\/label>\n<\/p>\n<p><label> \u0647\u0627\u062a\u0641<br \/>\n<span class=\"wpcf7-form-control-wrap\" data-name=\"your-Tel\"><input size=\"40\" maxlength=\"400\" class=\"wpcf7-form-control wpcf7-text wpcf7-validates-as-required\" aria-required=\"true\" aria-invalid=\"false\" value=\"\" type=\"text\" name=\"your-Tel\" \/><\/span> <\/label>\n<\/p>\n<p><label> \u0631\u0633\u0627\u0644\u062a\u0643<br \/>\n<span class=\"wpcf7-form-control-wrap\" data-name=\"your-message\"><textarea cols=\"40\" rows=\"10\" maxlength=\"2000\" class=\"wpcf7-form-control wpcf7-textarea\" aria-invalid=\"false\" name=\"your-message\"><\/textarea><\/span> <\/label>\n<\/p>\n<div class=\"cf7-cf-turnstile\" style=\"margin-top: 0px; margin-bottom: -15px;\"> <div id=\"cf-turnstile-cf7-428709101\" class=\"cf-turnstile\" data-callback=\"turnstileCF7Callback\" data-sitekey=\"0x4AAAAAAAc0xV4EGmkC0NNW\" data-theme=\"light\" data-language=\"auto\" data-size=\"\" data-retry=\"auto\" data-retry-interval=\"1000\" data-action=\"contact-form-7\" data-appearance=\"always\"><\/div> <style>.wpcf7-submit { pointer-events: none; opacity: 0.5; }<\/style> <script>document.addEventListener(\"DOMContentLoaded\", function() { setTimeout(function(){ var e=document.getElementById(\"cf-turnstile-cf7-428709101\"); e&&!e.innerHTML.trim()&&(turnstile.remove(\"#cf-turnstile-cf7-428709101\"), turnstile.render(\"#cf-turnstile-cf7-428709101\", {sitekey:\"0x4AAAAAAAc0xV4EGmkC0NNW\"})); }, 0); });<\/script> <br class=\"cf-turnstile-br cf-turnstile-br-cf7-428709101\"> <style>#cf-turnstile-cf7-428709101 { margin-left: -15px; }<\/style> <script>document.addEventListener(\"DOMContentLoaded\",function(){document.querySelectorAll('.wpcf7-form').forEach(function(e){e.addEventListener('submit',function(){if(document.getElementById('cf-turnstile-cf7-428709101')){setTimeout(function(){turnstile.reset('#cf-turnstile-cf7-428709101');},1000)}})})});<\/script> <\/div><input class=\"wpcf7-form-control wpcf7-submit has-spinner\" type=\"submit\" value=\"\u064a\u0631\u0633\u0644\" \/>\n<\/p><p style=\"display: none !important;\" class=\"akismet-fields-container\" data-prefix=\"_wpcf7_ak_\"><label>&#916;<textarea name=\"_wpcf7_ak_hp_textarea\" cols=\"45\" rows=\"8\" maxlength=\"100\"><\/textarea><\/label><input type=\"hidden\" id=\"ak_js_1\" name=\"_wpcf7_ak_js\" value=\"47\"\/><script>document.getElementById( \"ak_js_1\" ).setAttribute( \"value\", ( new Date() ).getTime() );<\/script><\/p><div class=\"wpcf7-response-output\" aria-hidden=\"true\"><\/div>\n<input type=\"hidden\" name=\"trp-form-language\" value=\"ar\"\/><\/form>\n<\/div>\n<\/div><\/div><\/div><\/div><\/div><div class=\"mf-empty-space\" style=\"\"><div class=\"mf_empty_space_lg\"  style=\"height: 20px\"><\/div><div class=\"mf_empty_space_md\"  style=\"height: 20px\"><\/div><div class=\"mf_empty_space_xs\"  style=\"height: 20px\"><\/div><\/div><\/div><\/div><\/div><\/div><\/div><\/div><div data-vc-full-width=\"true\" data-vc-full-width-init=\"false\" class=\"vc_row wpb_row vc_row-fluid un-row-full-width\"><div class=\"container-fluid\"><div class=\"row\"><div class=\"wpb_column vc_column_container vc_col-sm-6\"><div class=\"vc_column-inner\"><div class=\"wpb_wrapper\">\n\t<div class=\"wpb_raw_code wpb_raw_html wpb_content_element\" >\n\t\t<div class=\"wpb_wrapper\">\n\t\t\t<iframe src=\"https:\/\/www.google.com\/maps\/embed?pb=!1m14!1m8!1m3!1d9930.508238394064!2d7.0830738!3d51.5200577!3m2!1i1024!2i768!4f13.1!3m3!1m2!1s0x47b8e7e1382f154b%3A0xae069bd7e0612b84!2sMoschee%20Teppich!5e0!3m2!1str!2sus!4v1731069426607!5m2!1str!2sus\" width=\"100%\" height=\"450\" style=\"border:0;\" allowfullscreen=\"\" loading=\"lazy\" referrerpolicy=\"no-referrer-when-downgrade\"><\/iframe>\n\t\t<\/div>\n\t<\/div>\n<\/div><\/div><\/div><div class=\"wpb_column vc_column_container vc_col-sm-6\"><div class=\"vc_column-inner\"><div class=\"wpb_wrapper\">\n\t<div class=\"wpb_raw_code wpb_raw_html wpb_content_element\" >\n\t\t<div class=\"wpb_wrapper\">\n\t\t\t<iframe loading=\"lazy\" src=\"https:\/\/yandex.com.tr\/map-widget\/v1\/?z=12&ol=biz&oid=145527324017\" width=\"100%\" height=\"450\" frameborder=\"0\"><\/iframe>\n\t\t<\/div>\n\t<\/div>\n<\/div><\/div><\/div><\/div><\/div><\/div><div class=\"vc_row-full-width vc_clearfix\"><\/div>\n<\/div>","protected":false},"excerpt":{"rendered":"\u0130leti\u015fim Bilgileri\u0130leti\u015fimAddress: G3CM+29G Gelsenkirchen, AlmanyaCall Us: +49 177 3276 389 +90 537 447 6211Mail Us: info@moscheeteppich.net \u00c7al\u0131\u015fma SaatleriPazartesi09:00 - 22:00Sal\u013109:00 - 22:00\u00c7ar\u015famba09:00 - 22:00Per\u015fembe09:00 - 22:00Cuma09:00 - 22:00Cumartesi09:00 - 22:00Pazar09:00 - 22:00Form Ad\u0131n\u0131z E-posta adresiniz Telefon Mesaj\u0131n\u0131z &#916;","protected":false},"author":1,"featured_media":0,"parent":0,"menu_order":0,"comment_status":"closed","ping_status":"closed","template":"template-fullwidth.php","meta":{"_themeisle_gutenberg_block_has_review":false,"footnotes":""},"class_list":["post-37","page","type-page","status-publish","hentry","no-thumb"],"yoast_head":"<!-- This site is optimized with the Yoast SEO Premium plugin v20.6 (Yoast SEO v26.6) - https:\/\/yoast.com\/wordpress\/plugins\/seo\/ -->\n<title>\u0130leti\u015fim - Moschee Teppich<\/title>\n<meta name=\"description\" content=\"\u0130leti\u015fim\" \/>\n<meta name=\"robots\" content=\"index, follow, max-snippet:-1, max-image-preview:large, max-video-preview:-1\" \/>\n<link rel=\"canonical\" href=\"https:\/\/moscheeteppich.net\/ar\/iletisim\/\" \/>\n<meta property=\"og:locale\" content=\"ar_AR\" \/>\n<meta property=\"og:type\" content=\"article\" \/>\n<meta property=\"og:title\" content=\"\u0130leti\u015fim\" \/>\n<meta property=\"og:description\" content=\"\u0130leti\u015fim\" \/>\n<meta property=\"og:url\" content=\"https:\/\/moscheeteppich.net\/ar\/iletisim\/\" \/>\n<meta property=\"og:site_name\" content=\"Moschee Teppich\" \/>\n<meta property=\"article:modified_time\" content=\"2024-11-08T13:13:32+00:00\" \/>\n<meta property=\"og:image\" content=\"https:\/\/moscheeteppich.net\/wp-content\/uploads\/2024\/11\/LOGO-1.jpg\" \/>\n\t<meta property=\"og:image:width\" content=\"188\" \/>\n\t<meta property=\"og:image:height\" content=\"68\" \/>\n\t<meta property=\"og:image:type\" content=\"image\/jpeg\" \/>\n<meta name=\"twitter:card\" content=\"summary_large_image\" \/>\n<meta name=\"twitter:label1\" content=\"\u0648\u0642\u062a \u0627\u0644\u0642\u0631\u0627\u0621\u0629 \u0627\u0644\u0645\u064f\u0642\u062f\u0651\u0631\" \/>\n\t<meta name=\"twitter:data1\" content=\"\u062f\u0642\u064a\u0642\u0629 \u0648\u0627\u062d\u062f\u0629\" \/>\n<script type=\"application\/ld+json\" class=\"yoast-schema-graph\">{\"@context\":\"https:\/\/schema.org\",\"@graph\":[{\"@type\":\"Article\",\"@id\":\"https:\/\/moscheeteppich.net\/iletisim\/#article\",\"isPartOf\":{\"@id\":\"https:\/\/moscheeteppich.net\/iletisim\/\"},\"author\":{\"name\":\"Moscheeteppich-Metin\",\"@id\":\"https:\/\/moscheeteppich.net\/#\/schema\/person\/bb41ec405224e657cf72022ef62c711f\"},\"headline\":\"\u0130leti\u015fim\",\"datePublished\":\"2017-10-31T07:45:20+00:00\",\"dateModified\":\"2024-11-08T13:13:32+00:00\",\"mainEntityOfPage\":{\"@id\":\"https:\/\/moscheeteppich.net\/iletisim\/\"},\"wordCount\":380,\"publisher\":{\"@id\":\"https:\/\/moscheeteppich.net\/#organization\"},\"inLanguage\":\"ar\"},{\"@type\":\"WebPage\",\"@id\":\"https:\/\/moscheeteppich.net\/iletisim\/\",\"url\":\"https:\/\/moscheeteppich.net\/iletisim\/\",\"name\":\"\u0130leti\u015fim - Moschee Teppich\",\"isPartOf\":{\"@id\":\"https:\/\/moscheeteppich.net\/#website\"},\"datePublished\":\"2017-10-31T07:45:20+00:00\",\"dateModified\":\"2024-11-08T13:13:32+00:00\",\"description\":\"\u0130leti\u015fim\",\"breadcrumb\":{\"@id\":\"https:\/\/moscheeteppich.net\/iletisim\/#breadcrumb\"},\"inLanguage\":\"ar\",\"potentialAction\":[{\"@type\":\"ReadAction\",\"target\":[\"https:\/\/moscheeteppich.net\/iletisim\/\"]}]},{\"@type\":\"BreadcrumbList\",\"@id\":\"https:\/\/moscheeteppich.net\/iletisim\/#breadcrumb\",\"itemListElement\":[{\"@type\":\"ListItem\",\"position\":1,\"name\":\"Anasayfa\",\"item\":\"https:\/\/moscheeteppich.net\/\"},{\"@type\":\"ListItem\",\"position\":2,\"name\":\"\u0130leti\u015fim\"}]},{\"@type\":\"WebSite\",\"@id\":\"https:\/\/moscheeteppich.net\/#website\",\"url\":\"https:\/\/moscheeteppich.net\/\",\"name\":\"https:\/\/moscheeteppich.net\/\",\"description\":\"Moschee Teppich\",\"publisher\":{\"@id\":\"https:\/\/moscheeteppich.net\/#organization\"},\"potentialAction\":[{\"@type\":\"SearchAction\",\"target\":{\"@type\":\"EntryPoint\",\"urlTemplate\":\"https:\/\/moscheeteppich.net\/?s={search_term_string}\"},\"query-input\":{\"@type\":\"PropertyValueSpecification\",\"valueRequired\":true,\"valueName\":\"search_term_string\"}}],\"inLanguage\":\"ar\"},{\"@type\":[\"Organization\",\"Place\",\"LocalBusiness\"],\"@id\":\"https:\/\/moscheeteppich.net\/#organization\",\"name\":\"Moschee Teppich\",\"alternateName\":\"Moschee Teppich\",\"url\":\"https:\/\/moscheeteppich.net\/\",\"logo\":{\"@id\":\"https:\/\/moscheeteppich.net\/iletisim\/#local-main-organization-logo\"},\"image\":{\"@id\":\"https:\/\/moscheeteppich.net\/iletisim\/#local-main-organization-logo\"},\"address\":{\"@id\":\"https:\/\/moscheeteppich.net\/iletisim\/#local-main-place-address\"},\"geo\":{\"@type\":\"GeoCoordinates\",\"latitude\":\"51.52012440287321\",\"longitude\":\"7.083073803230826\"},\"telephone\":[\"+49 177 3276 389\"],\"openingHoursSpecification\":[{\"@type\":\"OpeningHoursSpecification\",\"dayOfWeek\":[\"Monday\",\"Tuesday\",\"Wednesday\",\"Thursday\",\"Friday\",\"Saturday\",\"Sunday\"],\"opens\":\"09:00\",\"closes\":\"17:00\"}],\"email\":\"info@moscheeteppich.net\"},{\"@type\":\"Person\",\"@id\":\"https:\/\/moscheeteppich.net\/#\/schema\/person\/bb41ec405224e657cf72022ef62c711f\",\"name\":\"Moscheeteppich-Metin\",\"image\":{\"@type\":\"ImageObject\",\"inLanguage\":\"ar\",\"@id\":\"https:\/\/moscheeteppich.net\/#\/schema\/person\/image\/\",\"url\":\"https:\/\/secure.gravatar.com\/avatar\/35107ac0e47cbcbcfa7ca45a7c9b38c13972f3597eca9316c825572c4dcbc75b?s=96&d=mm&r=g\",\"contentUrl\":\"https:\/\/secure.gravatar.com\/avatar\/35107ac0e47cbcbcfa7ca45a7c9b38c13972f3597eca9316c825572c4dcbc75b?s=96&d=mm&r=g\",\"caption\":\"Moscheeteppich-Metin\"},\"sameAs\":[\"https:\/\/moscheeteppich.net\"],\"url\":\"https:\/\/moscheeteppich.net\/ar\/author\/admin\/\"},{\"@type\":\"PostalAddress\",\"@id\":\"https:\/\/moscheeteppich.net\/iletisim\/#local-main-place-address\",\"streetAddress\":\"Meraner Weg 4\",\"addressLocality\":\"Gelsenkirchen\",\"postalCode\":\"45881\",\"addressCountry\":\"DE\"},{\"@type\":\"ImageObject\",\"inLanguage\":\"ar\",\"@id\":\"https:\/\/moscheeteppich.net\/iletisim\/#local-main-organization-logo\",\"url\":\"https:\/\/moscheeteppich.net\/wp-content\/uploads\/2024\/11\/LOGO-1.jpg\",\"contentUrl\":\"https:\/\/moscheeteppich.net\/wp-content\/uploads\/2024\/11\/LOGO-1.jpg\",\"width\":188,\"height\":68,\"caption\":\"Moschee Teppich\"}]}<\/script>\n<meta name=\"geo.placename\" content=\"Gelsenkirchen\" \/>\n<meta name=\"geo.position\" content=\"51.52012440287321;7.083073803230826\" \/>\n<meta name=\"geo.region\" content=\"\u0623\u0644\u0645\u0627\u0646\u064a\u0627\" \/>\n<!-- \/ Yoast SEO Premium plugin. -->","yoast_head_json":{"title":"\u0130leti\u015fim - Moschee Teppich","description":"\u062a\u0648\u0627\u0635\u0644","robots":{"index":"index","follow":"follow","max-snippet":"max-snippet:-1","max-image-preview":"max-image-preview:large","max-video-preview":"max-video-preview:-1"},"canonical":"https:\/\/moscheeteppich.net\/ar\/iletisim\/","og_locale":"ar_AR","og_type":"article","og_title":"\u0130leti\u015fim","og_description":"\u0130leti\u015fim","og_url":"https:\/\/moscheeteppich.net\/ar\/iletisim\/","og_site_name":"Moschee Teppich","article_modified_time":"2024-11-08T13:13:32+00:00","og_image":[{"width":188,"height":68,"url":"https:\/\/moscheeteppich.net\/wp-content\/uploads\/2024\/11\/LOGO-1.jpg","type":"image\/jpeg"}],"twitter_card":"summary_large_image","twitter_misc":{"\u0648\u0642\u062a \u0627\u0644\u0642\u0631\u0627\u0621\u0629 \u0627\u0644\u0645\u064f\u0642\u062f\u0651\u0631":"\u062f\u0642\u064a\u0642\u0629 \u0648\u0627\u062d\u062f\u0629"},"schema":{"@context":"https:\/\/schema.org","@graph":[{"@type":"Article","@id":"https:\/\/moscheeteppich.net\/iletisim\/#article","isPartOf":{"@id":"https:\/\/moscheeteppich.net\/iletisim\/"},"author":{"name":"Moscheeteppich-Metin","@id":"https:\/\/moscheeteppich.net\/#\/schema\/person\/bb41ec405224e657cf72022ef62c711f"},"headline":"\u0130leti\u015fim","datePublished":"2017-10-31T07:45:20+00:00","dateModified":"2024-11-08T13:13:32+00:00","mainEntityOfPage":{"@id":"https:\/\/moscheeteppich.net\/iletisim\/"},"wordCount":380,"publisher":{"@id":"https:\/\/moscheeteppich.net\/#organization"},"inLanguage":"ar"},{"@type":"WebPage","@id":"https:\/\/moscheeteppich.net\/iletisim\/","url":"https:\/\/moscheeteppich.net\/iletisim\/","name":"\u0130leti\u015fim - Moschee Teppich","isPartOf":{"@id":"https:\/\/moscheeteppich.net\/#website"},"datePublished":"2017-10-31T07:45:20+00:00","dateModified":"2024-11-08T13:13:32+00:00","description":"\u062a\u0648\u0627\u0635\u0644","breadcrumb":{"@id":"https:\/\/moscheeteppich.net\/iletisim\/#breadcrumb"},"inLanguage":"ar","potentialAction":[{"@type":"ReadAction","target":["https:\/\/moscheeteppich.net\/iletisim\/"]}]},{"@type":"BreadcrumbList","@id":"https:\/\/moscheeteppich.net\/iletisim\/#breadcrumb","itemListElement":[{"@type":"ListItem","position":1,"name":"Anasayfa","item":"https:\/\/moscheeteppich.net\/"},{"@type":"ListItem","position":2,"name":"\u0130leti\u015fim"}]},{"@type":"WebSite","@id":"https:\/\/moscheeteppich.net\/#website","url":"https:\/\/moscheeteppich.net\/","name":"https:\/\/moscheeteppich.net\/ar\/","description":"\u0628\u0633\u0627\u0637 \u0645\u0648\u0634\u064a","publisher":{"@id":"https:\/\/moscheeteppich.net\/#organization"},"potentialAction":[{"@type":"SearchAction","target":{"@type":"EntryPoint","urlTemplate":"https:\/\/moscheeteppich.net\/?s={search_term_string}"},"query-input":{"@type":"PropertyValueSpecification","valueRequired":true,"valueName":"search_term_string"}}],"inLanguage":"ar"},{"@type":["Organization","Place","LocalBusiness"],"@id":"https:\/\/moscheeteppich.net\/#organization","name":"\u0628\u0633\u0627\u0637 \u0645\u0648\u0634\u064a","alternateName":"Moschee Teppich","url":"https:\/\/moscheeteppich.net\/","logo":{"@id":"https:\/\/moscheeteppich.net\/iletisim\/#local-main-organization-logo"},"image":{"@id":"https:\/\/moscheeteppich.net\/iletisim\/#local-main-organization-logo"},"address":{"@id":"https:\/\/moscheeteppich.net\/iletisim\/#local-main-place-address"},"geo":{"@type":"GeoCoordinates","latitude":"51.52012440287321","longitude":"7.083073803230826"},"telephone":["+49 177 3276 389"],"openingHoursSpecification":[{"@type":"OpeningHoursSpecification","dayOfWeek":["Monday","Tuesday","Wednesday","Thursday","Friday","Saturday","Sunday"],"opens":"09:00","closes":"17:00"}],"email":"info@moscheeteppich.net"},{"@type":"Person","@id":"https:\/\/moscheeteppich.net\/#\/schema\/person\/bb41ec405224e657cf72022ef62c711f","name":"Moscheeteppich-Metin","image":{"@type":"ImageObject","inLanguage":"ar","@id":"https:\/\/moscheeteppich.net\/#\/schema\/person\/image\/","url":"https:\/\/secure.gravatar.com\/avatar\/35107ac0e47cbcbcfa7ca45a7c9b38c13972f3597eca9316c825572c4dcbc75b?s=96&d=mm&r=g","contentUrl":"https:\/\/secure.gravatar.com\/avatar\/35107ac0e47cbcbcfa7ca45a7c9b38c13972f3597eca9316c825572c4dcbc75b?s=96&d=mm&r=g","caption":"Moscheeteppich-Metin"},"sameAs":["https:\/\/moscheeteppich.net"],"url":"https:\/\/moscheeteppich.net\/ar\/author\/admin\/"},{"@type":"PostalAddress","@id":"https:\/\/moscheeteppich.net\/iletisim\/#local-main-place-address","streetAddress":"Meraner Weg 4","addressLocality":"Gelsenkirchen","postalCode":"45881","addressCountry":"DE"},{"@type":"ImageObject","inLanguage":"ar","@id":"https:\/\/moscheeteppich.net\/iletisim\/#local-main-organization-logo","url":"https:\/\/moscheeteppich.net\/wp-content\/uploads\/2024\/11\/LOGO-1.jpg","contentUrl":"https:\/\/moscheeteppich.net\/wp-content\/uploads\/2024\/11\/LOGO-1.jpg","width":188,"height":68,"caption":"Moschee Teppich"}]},"geo.placename":"Gelsenkirchen","geo.position":{"lat":"51.52012440287321","long":"7.083073803230826"},"geo.region":"\u0623\u0644\u0645\u0627\u0646\u064a\u0627"},"_links":{"self":[{"href":"https:\/\/moscheeteppich.net\/ar\/wp-json\/wp\/v2\/pages\/37","targetHints":{"allow":["GET"]}}],"collection":[{"href":"https:\/\/moscheeteppich.net\/ar\/wp-json\/wp\/v2\/pages"}],"about":[{"href":"https:\/\/moscheeteppich.net\/ar\/wp-json\/wp\/v2\/types\/page"}],"author":[{"embeddable":true,"href":"https:\/\/moscheeteppich.net\/ar\/wp-json\/wp\/v2\/users\/1"}],"replies":[{"embeddable":true,"href":"https:\/\/moscheeteppich.net\/ar\/wp-json\/wp\/v2\/comments?post=37"}],"version-history":[{"count":0,"href":"https:\/\/moscheeteppich.net\/ar\/wp-json\/wp\/v2\/pages\/37\/revisions"}],"wp:attachment":[{"href":"https:\/\/moscheeteppich.net\/ar\/wp-json\/wp\/v2\/media?parent=37"}],"curies":[{"name":"wp","href":"https:\/\/api.w.org\/{rel}","templated":true}]}}