{"id":3935,"date":"2017-10-31T07:44:25","date_gmt":"2017-10-31T07:44:25","guid":{"rendered":"http:\/\/demo2.drfuri.com\/manufactory\/?page_id=32"},"modified":"2024-11-03T14:19:26","modified_gmt":"2024-11-03T11:19:26","slug":"hakkimizda","status":"publish","type":"page","link":"https:\/\/moscheeteppich.net\/ar\/hakkimizda\/","title":{"rendered":"\u0645\u0639\u0644\u0648\u0645\u0627\u062a \u0639\u0646\u0627"},"content":{"rendered":"<div class=\"wpb-content-wrapper\"><div class=\"vc_row wpb_row vc_row-fluid\"><div class=\"container\"><div class=\"row\"><div class=\"wpb_column vc_column_container vc_col-sm-12\"><div class=\"vc_column-inner\"><div class=\"wpb_wrapper\"><div class=\"mf-empty-space\" style=\"\"><div class=\"mf_empty_space_lg\"  style=\"height: 80px\"><\/div><div class=\"mf_empty_space_md\"  style=\"height: 25px\"><\/div><div class=\"mf_empty_space_xs\"  style=\"height: 25px\"><\/div><\/div><h2 style=\"font-size: 26px;text-align: left\" class=\"vc_custom_heading vc_do_custom_heading fw-medium vc_custom_1729519743659\" >\u0645\u0639\u0644\u0648\u0645\u0627\u062a \u0639\u0646\u0627<\/h2><div class=\"mf-empty-space\" style=\"\"><div class=\"mf_empty_space_lg\"  style=\"height: 20px\"><\/div><div class=\"mf_empty_space_md\"  style=\"height: 20px\"><\/div><div class=\"mf_empty_space_xs\"  style=\"height: 20px\"><\/div><\/div>\n\t<div class=\"wpb_text_column wpb_content_element\" >\n\t\t<div class=\"wpb_wrapper\">\n\t\t\t<p style=\"text-align: justify;\">\u0634\u0631\u0643\u062a\u0646\u0627 \u0647\u064a \u0634\u0631\u0643\u0629 \u0631\u0627\u0626\u062f\u0629 \u062a\u0639\u0645\u0644 \u0641\u064a \u0635\u0646\u0627\u0639\u0629 \u0633\u062c\u0627\u062f \u0627\u0644\u0645\u0633\u0627\u062c\u062f \u0648\u0633\u062c\u0627\u062f \u0627\u0644\u0641\u0646\u0627\u062f\u0642 \u0641\u064a \u0623\u0644\u0645\u0627\u0646\u064a\u0627 \u0645\u0639 \u0633\u0646\u0648\u0627\u062a \u0645\u0646 \u0627\u0644\u062e\u0628\u0631\u0629. \u0644\u0642\u062f \u0627\u0639\u062a\u0645\u062f\u0646\u0627 \u0645\u0628\u062f\u0623 \u062a\u0642\u062f\u064a\u0645 \u0645\u0646\u062a\u062c\u0627\u062a \u0639\u0627\u0644\u064a\u0629 \u0627\u0644\u062c\u0648\u062f\u0629 \u0645\u0646 \u062e\u0644\u0627\u0644 \u0648\u0636\u0639 \u0631\u0636\u0627 \u0627\u0644\u0639\u0645\u0644\u0627\u0621 \u0643\u0647\u062f\u0641\u0646\u0627 \u0627\u0644\u0623\u0633\u0627\u0633\u064a.<\/p>\n<p style=\"text-align: justify;\">\u062a\u0645 \u062a\u0635\u0645\u064a\u0645 \u0633\u062c\u0627\u062f \u0627\u0644\u0645\u0633\u0627\u062c\u062f \u0627\u0644\u062e\u0627\u0635 \u0628\u0646\u0627 \u062e\u0635\u064a\u0635\u064b\u0627 \u0645\u0646 \u062e\u0644\u0627\u0644 \u0625\u0639\u0637\u0627\u0621 \u0627\u0644\u0623\u0648\u0644\u0648\u064a\u0629 \u0644\u0644\u0633\u0644\u0627\u0645\u0629 \u0648\u0627\u0644\u062c\u0645\u0627\u0644\u064a\u0627\u062a \u0641\u064a \u0623\u0645\u0627\u0643\u0646 \u0627\u0644\u0639\u0628\u0627\u062f\u0629. \u0627\u0644\u0633\u062c\u0627\u062f \u0627\u0644\u0630\u064a \u0646\u0642\u062f\u0645\u0647 \u0628\u0623\u0644\u0648\u0627\u0646 \u0648\u0623\u0646\u0645\u0627\u0637 \u0648\u0623\u0646\u0633\u062c\u0629 \u0645\u062e\u062a\u0644\u0641\u0629 \u064a\u062a\u0646\u0627\u0633\u0628 \u0645\u0639 \u0623\u064a \u0645\u0633\u0627\u062d\u0629 \u0645\u0646 \u062e\u0644\u0627\u0644 \u0627\u0644\u062c\u0645\u0639 \u0628\u064a\u0646 \u0627\u0644\u0632\u062e\u0627\u0631\u0641 \u0627\u0644\u062a\u0642\u0644\u064a\u062f\u064a\u0629 \u0648\u0627\u0644\u062a\u0635\u0645\u064a\u0645\u0627\u062a \u0627\u0644\u062d\u062f\u064a\u062b\u0629. \u0628\u0627\u0644\u0625\u0636\u0627\u0641\u0629 \u0625\u0644\u0649 \u0630\u0644\u0643\u060c \u0641\u0625\u0646 \u0627\u0644\u0645\u0648\u0627\u062f \u0627\u0644\u0645\u0633\u062a\u062e\u062f\u0645\u0629 \u0641\u064a \u0628\u0646\u0627\u0621 \u0633\u062c\u0627\u062f\u0646\u0627 \u0637\u0648\u064a\u0644\u0629 \u0627\u0644\u0623\u0645\u062f \u0648\u0645\u062a\u064a\u0646\u0629\u060c \u0644\u0630\u0644\u0643 \u064a\u0645\u0643\u0646 \u0627\u0633\u062a\u062e\u062f\u0627\u0645\u0647\u0627 \u0628\u0623\u0645\u0627\u0646 \u0641\u064a \u0623\u0645\u0627\u0643\u0646 \u0627\u0644\u0639\u0628\u0627\u062f\u0629 \u0627\u0644\u062e\u0627\u0635\u0629 \u0628\u0643 \u0644\u0633\u0646\u0648\u0627\u062a \u0639\u062f\u064a\u062f\u0629.<\/p>\n<p style=\"text-align: justify;\">\u062a\u0645 \u062a\u0635\u0645\u064a\u0645 \u0633\u062c\u0627\u062f \u0627\u0644\u0641\u0646\u062f\u0642 \u0627\u0644\u062e\u0627\u0635 \u0628\u0646\u0627 \u0644\u064a\u0643\u0645\u0644 \u0641\u0647\u0645\u0643 \u0627\u0644\u062c\u0645\u0627\u0644\u064a \u0641\u064a \u0642\u0637\u0627\u0639 \u0627\u0644\u0625\u0642\u0627\u0645\u0629. \u0633\u062c\u0627\u062f\u0646\u0627\u060c \u0627\u0644\u0645\u064f\u0646\u062a\u062c \u0645\u0646 \u0645\u0648\u0627\u062f \u0645\u062e\u062a\u0627\u0631\u0629 \u0628\u0639\u0646\u0627\u064a\u0629 \u0644\u0631\u0627\u062d\u0629 \u0636\u064a\u0648\u0641\u0643\u060c \u064a\u0642\u062f\u0645 \u062e\u064a\u0627\u0631\u0627\u062a \u0645\u0646\u0627\u0633\u0628\u0629 \u0644\u062c\u0645\u064a\u0639 \u0623\u0646\u0648\u0627\u0639 \u0645\u0641\u0627\u0647\u064a\u0645 \u0627\u0644\u0641\u0646\u0627\u062f\u0642. \u0645\u0646\u062a\u062c\u0627\u062a\u0646\u0627\u060c \u0627\u0644\u062a\u064a \u062a\u062c\u0645\u0639 \u0628\u064a\u0646 \u0627\u0644\u062c\u0648\u062f\u0629 \u0648\u0627\u0644\u0645\u062a\u0627\u0646\u0629 \u0648\u0627\u0644\u0623\u0646\u0627\u0642\u0629\u060c \u0633\u0648\u0641 \u062a\u064f\u062b\u0631\u064a \u0623\u062c\u0648\u0627\u0621 \u0641\u0646\u062f\u0642\u0643 \u0648\u062a\u0633\u0627\u0647\u0645 \u0641\u064a \u062a\u0648\u0641\u064a\u0631 \u062a\u062c\u0631\u0628\u0629 \u0644\u0627 \u062a\u064f\u0646\u0633\u0649 \u0644\u0636\u064a\u0648\u0641\u0643.<\/p>\n<p style=\"text-align: justify;\">\u0645\u0646 \u062e\u0644\u0627\u0644 \u0646\u0647\u062c\u0646\u0627 \u0627\u0644\u0645\u0648\u062c\u0647 \u0646\u062d\u0648 \u0627\u0644\u0639\u0645\u0644\u0627\u0621\u060c \u0646\u0642\u0648\u0645 \u0628\u062a\u0637\u0648\u064a\u0631 \u0627\u0644\u062d\u0644\u0648\u0644 \u0627\u0644\u0623\u0643\u062b\u0631 \u0645\u0644\u0627\u0621\u0645\u0629 \u0644\u0627\u062d\u062a\u064a\u0627\u062c\u0627\u062a\u0643 \u0645\u0646 \u062e\u0644\u0627\u0644 \u062a\u0642\u062f\u064a\u0645 \u0627\u0644\u062e\u062f\u0645\u0627\u062a \u0627\u0644\u0627\u0633\u062a\u0634\u0627\u0631\u064a\u0629 \u0641\u064a \u0643\u0644 \u0645\u0631\u062d\u0644\u0629. \u064a\u0633\u0631 \u0641\u0631\u064a\u0642\u0646\u0627 \u0627\u0644\u0645\u062d\u062a\u0631\u0641 \u0623\u0646 \u064a\u0642\u062f\u0645 \u0644\u0643 \u0627\u0644\u062f\u0639\u0645 \u0641\u064a \u0643\u0644 \u0645\u0631\u062d\u0644\u0629 \u0645\u0646 \u0645\u0631\u0627\u062d\u0644 \u0645\u0634\u0631\u0648\u0639\u0643.<\/p>\n<p style=\"text-align: justify;\">\u0643\u0634\u0631\u0643\u062a\u0646\u0627\u060c \u0646\u0648\u0627\u0635\u0644 \u062a\u0639\u0632\u064a\u0632 \u0645\u0643\u0627\u0646\u062a\u0646\u0627 \u0641\u064a \u0647\u0630\u0627 \u0627\u0644\u0642\u0637\u0627\u0639 \u0645\u0646 \u062e\u0644\u0627\u0644 \u0645\u062c\u0645\u0648\u0639\u0629 \u0645\u0646\u062a\u062c\u0627\u062a\u0646\u0627 \u0627\u0644\u0648\u0627\u0633\u0639\u0629 \u0645\u0646 \u0633\u062c\u0627\u062f \u0627\u0644\u0645\u0633\u0627\u062c\u062f \u0648\u0627\u0644\u0641\u0646\u0627\u062f\u0642 \u0648\u0627\u0644\u0623\u0647\u0645\u064a\u0629 \u0627\u0644\u062a\u064a \u0646\u0639\u0644\u0642\u0647\u0627 \u0639\u0644\u0649 \u0631\u0636\u0627 \u0627\u0644\u0639\u0645\u0644\u0627\u0621. \u0645\u0639 \u0641\u0647\u0645\u0646\u0627 \u0644\u0644\u062c\u0648\u062f\u0629 \u0648\u0627\u0644\u062c\u0645\u0627\u0644\u064a\u0627\u062a\u060c \u0641\u0625\u0646\u0646\u0627 \u0646\u0647\u062f\u0641 \u0625\u0644\u0649 \u062a\u0642\u062f\u064a\u0645 \u0623\u0641\u0636\u0644 \u0627\u0644\u062e\u062f\u0645\u0627\u062a \u0644\u0639\u0645\u0644\u0627\u0626\u0646\u0627 \u0627\u0644\u0643\u0631\u0627\u0645.<\/p>\n<h3>\u0627\u0644\u0631\u0624\u064a\u0629 \u0648\u0627\u0644\u0631\u0633\u0627\u0644\u0629<\/h3>\n<p>\u062a\u062a\u0645\u062b\u0644 \u0631\u0624\u064a\u062a\u0646\u0627 \u0641\u064a \u0623\u0646 \u064a\u062a\u0645 \u0627\u0644\u0627\u0639\u062a\u0631\u0627\u0641 \u0628\u0646\u0627 \u0645\u062d\u0644\u064a\u064b\u0627 \u0648\u062f\u0648\u0644\u064a\u064b\u0627 \u0643\u0634\u0631\u0643\u0629 \u0631\u0627\u0626\u062f\u0629 \u0641\u064a \u0635\u0646\u0627\u0639\u0629 \u0627\u0644\u0633\u062c\u0627\u062f \u0648\u062a\u0642\u062f\u064a\u0645 \u0623\u0641\u0636\u0644 \u0627\u0644\u062e\u062f\u0645\u0627\u062a \u0644\u0639\u0645\u0644\u0627\u0626\u0646\u0627. \u0645\u0647\u0645\u062a\u0646\u0627 \u0647\u064a \u062a\u0642\u062f\u064a\u0645 \u062d\u0644\u0648\u0644 \u0627\u0644\u0633\u062c\u0627\u062f \u0644\u0627\u0633\u062a\u062e\u062f\u0627\u0645\u0647\u0627 \u0641\u064a \u0645\u0646\u0627\u0637\u0642 \u0645\u062e\u062a\u0644\u0641\u0629 \u0645\u062b\u0644 \u0627\u0644\u0645\u0633\u0627\u062c\u062f \u0648\u0627\u0644\u0645\u0647\u0627\u062c\u0639 \u0648\u0627\u0644\u0641\u0646\u0627\u062f\u0642 \u0645\u0646 \u062e\u0644\u0627\u0644 \u0627\u0644\u062c\u0645\u0639 \u0628\u064a\u0646 \u0627\u0644\u062c\u0645\u0627\u0644\u064a\u0627\u062a \u0648\u0627\u0644\u0648\u0638\u0627\u0626\u0641\u061b \u0648\u0636\u0639 \u0631\u0636\u0627 \u0627\u0644\u0639\u0645\u0644\u0627\u0621 \u062f\u0627\u0626\u0645\u064b\u0627 \u0647\u0648 \u0627\u0644\u0647\u062f\u0641 \u0627\u0644\u0623\u0633\u0627\u0633\u064a.<\/p>\n<h3>\u0646\u0637\u0627\u0642 \u0627\u0644\u0645\u0646\u062a\u062c<\/h3>\n<p><strong>\u0633\u062c\u0627\u062f \u0627\u0644\u0645\u0633\u0627\u062c\u062f:<\/strong>\u00a0\u0633\u062c\u0627\u062f \u0627\u0644\u0645\u0633\u0627\u062c\u062f \u0644\u062f\u064a\u0646\u0627\u060c \u0627\u0644\u0630\u064a \u064a\u0639\u0643\u0633 \u0631\u0648\u062d \u0623\u0645\u0627\u0643\u0646 \u0627\u0644\u0639\u0628\u0627\u062f\u0629\u060c \u0645\u0635\u0645\u0645 \u0628\u0623\u0646\u0645\u0627\u0637 \u0648\u062e\u064a\u0627\u0631\u0627\u062a \u0623\u0644\u0648\u0627\u0646 \u0645\u062e\u062a\u0644\u0641\u0629. \u0633\u062c\u0627\u062f\u0646\u0627\u060c \u0627\u0644\u0645\u064f\u0646\u062a\u062c \u0645\u0646 \u0645\u0648\u0627\u062f \u0639\u0627\u0644\u064a\u0629 \u0627\u0644\u062c\u0648\u062f\u0629\u060c \u064a\u0648\u0641\u0631 \u0627\u0644\u062c\u0645\u0627\u0644 \u0648\u0627\u0644\u0631\u0627\u062d\u0629\u060c \u0648\u064a\u062e\u0644\u0642 \u062c\u0648\u064b\u0627 \u0647\u0627\u062f\u0626\u064b\u0627 \u0623\u062b\u0646\u0627\u0621 \u0627\u0644\u0639\u0628\u0627\u062f\u0629. \u062a\u062c\u0645\u0639 \u062a\u0635\u0645\u064a\u0645\u0627\u062a\u0646\u0627 \u0627\u0644\u062d\u0635\u0631\u064a\u0629 \u0628\u064a\u0646 \u0627\u0644\u0632\u062e\u0627\u0631\u0641 \u0627\u0644\u062a\u0642\u0644\u064a\u062f\u064a\u0629 \u0648\u0627\u0644\u062d\u062f\u064a\u062b\u0629.<\/p>\n<p><strong>\u0633\u062c\u0627\u062f \u0627\u0644\u0645\u0647\u062c\u0639:<\/strong>\u00a0\u0633\u062c\u0627\u062f\u0646\u0627\u060c \u0627\u0644\u0645\u0635\u0645\u0645 \u0648\u0641\u0642\u064b\u0627 \u0644\u062f\u064a\u0646\u0627\u0645\u064a\u0643\u064a\u0627\u062a \u0627\u0644\u062d\u064a\u0627\u0629 \u0627\u0644\u0637\u0644\u0627\u0628\u064a\u0629 \u0641\u064a \u0627\u0644\u0645\u0647\u0627\u062c\u0639\u060c \u0645\u062a\u064a\u0646 \u0648\u0633\u0647\u0644 \u0627\u0644\u062a\u0646\u0638\u064a\u0641. \u0646\u062d\u0646 \u0646\u062c\u0639\u0644 \u062d\u064a\u0627\u0629 \u0627\u0644\u0633\u0643\u0646 \u0627\u0644\u062c\u0627\u0645\u0639\u064a \u0623\u0643\u062b\u0631 \u062f\u0641\u0626\u064b\u0627 \u0648\u0623\u0643\u062b\u0631 \u062c\u0627\u0630\u0628\u064a\u0629 \u0645\u0646 \u062e\u0644\u0627\u0644 \u0628\u062f\u0627\u0626\u0644 \u0627\u0644\u0623\u0644\u0648\u0627\u0646 \u0648\u0627\u0644\u0623\u0646\u0645\u0627\u0637 \u0627\u0644\u0645\u062e\u062a\u0644\u0641\u0629.<\/p>\n<p><strong>\u0633\u062c\u0627\u062f \u0627\u0644\u0641\u0646\u062f\u0642:<\/strong>\u00a0\u0633\u062c\u0627\u062f \u0627\u0644\u0641\u0646\u0627\u062f\u0642 \u0644\u062f\u064a\u0646\u0627\u060c \u062d\u064a\u062b \u0627\u0644\u0636\u064a\u0627\u0641\u0629 \u0648\u0627\u0644\u0631\u0627\u062d\u0629 \u0641\u064a \u0627\u0644\u0645\u0642\u062f\u0645\u0629\u060c \u064a\u062c\u0630\u0628 \u0627\u0644\u0627\u0646\u062a\u0628\u0627\u0647 \u0628\u0623\u0646\u0627\u0642\u062a\u0647 \u0648\u0645\u062a\u0627\u0646\u062a\u0647. \u062a\u0633\u0627\u0647\u0645 \u062a\u0635\u0645\u064a\u0645\u0627\u062a\u0646\u0627\u060c \u0627\u0644\u062a\u064a \u062a\u062a\u0643\u064a\u0641 \u0645\u0639 \u0643\u0644 \u0645\u0641\u0647\u0648\u0645 \u0641\u0646\u062f\u0642\u064a\u060c \u0641\u064a \u062d\u0635\u0648\u0644 \u0627\u0644\u0636\u064a\u0648\u0641 \u0639\u0644\u0649 \u062a\u062c\u0631\u0628\u0629 \u0644\u0627 \u062a\u064f\u0646\u0633\u0649.<\/p>\n\n\t\t<\/div>\n\t<\/div>\n<div class=\"mf-empty-space\" style=\"\"><div class=\"mf_empty_space_lg\"  style=\"height: 60px\"><\/div><div class=\"mf_empty_space_md\"  style=\"height: 25px\"><\/div><div class=\"mf_empty_space_xs\"  style=\"height: 25px\"><\/div><\/div><div class=\"mf-empty-space\" style=\"\"><div class=\"mf_empty_space_lg\"  style=\"height: 15px\"><\/div><div class=\"mf_empty_space_md\"  style=\"height: 15px\"><\/div><div class=\"mf_empty_space_xs\"  style=\"height: 15px\"><\/div><\/div><\/div><\/div><\/div><\/div><\/div><\/div>\n<\/div>","protected":false},"excerpt":{"rendered":"Hakk\u0131m\u0131zda Firmam\u0131z, Almanya\u2019da cami hal\u0131s\u0131 ve otel hal\u0131s\u0131 sekt\u00f6r\u00fcnde y\u0131llar\u0131n deneyimiyle hizmet veren lider bir firmad\u0131r. M\u00fc\u015fteri memnuniyetini \u00f6ncelikli hedef olarak belirleyerek, kaliteli \u00fcr\u00fcnler sunmay\u0131 ilke edinmi\u015f bulunmaktay\u0131z. Cami hal\u0131lar\u0131m\u0131z, ibadet alanlar\u0131ndaki huzuru ve esteti\u011fi \u00f6n planda tutarak \u00f6zel olarak tasarlanm\u0131\u015ft\u0131r. Farkl\u0131 renk, desen ve dokularda sundu\u011fumuz hal\u0131lar, geleneksel motiflerle modern tasar\u0131mlar\u0131 bir araya getirerek [...]","protected":false},"author":1,"featured_media":0,"parent":0,"menu_order":0,"comment_status":"closed","ping_status":"closed","template":"template-fullwidth.php","meta":{"_themeisle_gutenberg_block_has_review":false,"footnotes":""},"class_list":["post-3935","page","type-page","status-publish","hentry","no-thumb"],"yoast_head":"<!-- This site is optimized with the Yoast SEO Premium plugin v20.6 (Yoast SEO v26.6) - https:\/\/yoast.com\/wordpress\/plugins\/seo\/ -->\n<title>Hakk\u0131m\u0131zda - Moschee Teppich<\/title>\n<meta name=\"description\" content=\"Hakk\u0131m\u0131zda\" \/>\n<meta name=\"robots\" content=\"index, follow, max-snippet:-1, max-image-preview:large, max-video-preview:-1\" \/>\n<link rel=\"canonical\" href=\"https:\/\/moscheeteppich.net\/ar\/hakkimizda\/\" \/>\n<meta property=\"og:locale\" content=\"ar_AR\" \/>\n<meta property=\"og:type\" content=\"article\" \/>\n<meta property=\"og:title\" content=\"Hakk\u0131m\u0131zda\" \/>\n<meta property=\"og:description\" content=\"Hakk\u0131m\u0131zda\" \/>\n<meta property=\"og:url\" content=\"https:\/\/moscheeteppich.net\/ar\/hakkimizda\/\" \/>\n<meta property=\"og:site_name\" content=\"Moschee Teppich\" \/>\n<meta property=\"article:modified_time\" content=\"2024-11-03T11:19:26+00:00\" \/>\n<meta property=\"og:image\" content=\"https:\/\/moscheeteppich.net\/wp-content\/uploads\/2024\/11\/LOGO-1.jpg\" \/>\n\t<meta property=\"og:image:width\" content=\"188\" \/>\n\t<meta property=\"og:image:height\" content=\"68\" \/>\n\t<meta property=\"og:image:type\" content=\"image\/jpeg\" \/>\n<meta name=\"twitter:card\" content=\"summary_large_image\" \/>\n<meta name=\"twitter:label1\" content=\"\u0648\u0642\u062a \u0627\u0644\u0642\u0631\u0627\u0621\u0629 \u0627\u0644\u0645\u064f\u0642\u062f\u0651\u0631\" \/>\n\t<meta name=\"twitter:data1\" content=\"3 \u062f\u0642\u0627\u0626\u0642\" \/>\n<script type=\"application\/ld+json\" class=\"yoast-schema-graph\">{\"@context\":\"https:\/\/schema.org\",\"@graph\":[{\"@type\":\"Article\",\"@id\":\"https:\/\/moscheeteppich.net\/hakkimizda\/#article\",\"isPartOf\":{\"@id\":\"https:\/\/moscheeteppich.net\/hakkimizda\/\"},\"author\":{\"name\":\"Moscheeteppich-Metin\",\"@id\":\"https:\/\/moscheeteppich.net\/#\/schema\/person\/bb41ec405224e657cf72022ef62c711f\"},\"headline\":\"Hakk\u0131m\u0131zda\",\"datePublished\":\"2017-10-31T07:44:25+00:00\",\"dateModified\":\"2024-11-03T11:19:26+00:00\",\"mainEntityOfPage\":{\"@id\":\"https:\/\/moscheeteppich.net\/hakkimizda\/\"},\"wordCount\":559,\"publisher\":{\"@id\":\"https:\/\/moscheeteppich.net\/#organization\"},\"inLanguage\":\"ar\"},{\"@type\":\"WebPage\",\"@id\":\"https:\/\/moscheeteppich.net\/hakkimizda\/\",\"url\":\"https:\/\/moscheeteppich.net\/hakkimizda\/\",\"name\":\"Hakk\u0131m\u0131zda - Moschee Teppich\",\"isPartOf\":{\"@id\":\"https:\/\/moscheeteppich.net\/#website\"},\"datePublished\":\"2017-10-31T07:44:25+00:00\",\"dateModified\":\"2024-11-03T11:19:26+00:00\",\"description\":\"Hakk\u0131m\u0131zda\",\"breadcrumb\":{\"@id\":\"https:\/\/moscheeteppich.net\/hakkimizda\/#breadcrumb\"},\"inLanguage\":\"ar\",\"potentialAction\":[{\"@type\":\"ReadAction\",\"target\":[\"https:\/\/moscheeteppich.net\/hakkimizda\/\"]}]},{\"@type\":\"BreadcrumbList\",\"@id\":\"https:\/\/moscheeteppich.net\/hakkimizda\/#breadcrumb\",\"itemListElement\":[{\"@type\":\"ListItem\",\"position\":1,\"name\":\"Anasayfa\",\"item\":\"https:\/\/moscheeteppich.net\/\"},{\"@type\":\"ListItem\",\"position\":2,\"name\":\"Hakk\u0131m\u0131zda\"}]},{\"@type\":\"WebSite\",\"@id\":\"https:\/\/moscheeteppich.net\/#website\",\"url\":\"https:\/\/moscheeteppich.net\/\",\"name\":\"https:\/\/moscheeteppich.net\/\",\"description\":\"Moschee Teppich\",\"publisher\":{\"@id\":\"https:\/\/moscheeteppich.net\/#organization\"},\"potentialAction\":[{\"@type\":\"SearchAction\",\"target\":{\"@type\":\"EntryPoint\",\"urlTemplate\":\"https:\/\/moscheeteppich.net\/?s={search_term_string}\"},\"query-input\":{\"@type\":\"PropertyValueSpecification\",\"valueRequired\":true,\"valueName\":\"search_term_string\"}}],\"inLanguage\":\"ar\"},{\"@type\":[\"Organization\",\"Place\",\"LocalBusiness\"],\"@id\":\"https:\/\/moscheeteppich.net\/#organization\",\"name\":\"Moschee Teppich\",\"alternateName\":\"Moschee Teppich\",\"url\":\"https:\/\/moscheeteppich.net\/\",\"logo\":{\"@id\":\"https:\/\/moscheeteppich.net\/hakkimizda\/#local-main-organization-logo\"},\"image\":{\"@id\":\"https:\/\/moscheeteppich.net\/hakkimizda\/#local-main-organization-logo\"},\"address\":{\"@id\":\"https:\/\/moscheeteppich.net\/hakkimizda\/#local-main-place-address\"},\"geo\":{\"@type\":\"GeoCoordinates\",\"latitude\":\"51.52012440287321\",\"longitude\":\"7.083073803230826\"},\"telephone\":[\"+49 177 3276 389\"],\"openingHoursSpecification\":[{\"@type\":\"OpeningHoursSpecification\",\"dayOfWeek\":[\"Monday\",\"Tuesday\",\"Wednesday\",\"Thursday\",\"Friday\",\"Saturday\",\"Sunday\"],\"opens\":\"09:00\",\"closes\":\"17:00\"}],\"email\":\"info@moscheeteppich.net\"},{\"@type\":\"Person\",\"@id\":\"https:\/\/moscheeteppich.net\/#\/schema\/person\/bb41ec405224e657cf72022ef62c711f\",\"name\":\"Moscheeteppich-Metin\",\"image\":{\"@type\":\"ImageObject\",\"inLanguage\":\"ar\",\"@id\":\"https:\/\/moscheeteppich.net\/#\/schema\/person\/image\/\",\"url\":\"https:\/\/secure.gravatar.com\/avatar\/35107ac0e47cbcbcfa7ca45a7c9b38c13972f3597eca9316c825572c4dcbc75b?s=96&d=mm&r=g\",\"contentUrl\":\"https:\/\/secure.gravatar.com\/avatar\/35107ac0e47cbcbcfa7ca45a7c9b38c13972f3597eca9316c825572c4dcbc75b?s=96&d=mm&r=g\",\"caption\":\"Moscheeteppich-Metin\"},\"sameAs\":[\"https:\/\/moscheeteppich.net\"],\"url\":\"https:\/\/moscheeteppich.net\/ar\/author\/admin\/\"},{\"@type\":\"PostalAddress\",\"@id\":\"https:\/\/moscheeteppich.net\/hakkimizda\/#local-main-place-address\",\"streetAddress\":\"Meraner Weg 4\",\"addressLocality\":\"Gelsenkirchen\",\"postalCode\":\"45881\",\"addressCountry\":\"DE\"},{\"@type\":\"ImageObject\",\"inLanguage\":\"ar\",\"@id\":\"https:\/\/moscheeteppich.net\/hakkimizda\/#local-main-organization-logo\",\"url\":\"https:\/\/moscheeteppich.net\/wp-content\/uploads\/2024\/11\/LOGO-1.jpg\",\"contentUrl\":\"https:\/\/moscheeteppich.net\/wp-content\/uploads\/2024\/11\/LOGO-1.jpg\",\"width\":188,\"height\":68,\"caption\":\"Moschee Teppich\"}]}<\/script>\n<meta name=\"geo.placename\" content=\"Gelsenkirchen\" \/>\n<meta name=\"geo.position\" content=\"51.52012440287321;7.083073803230826\" \/>\n<meta name=\"geo.region\" content=\"\u0623\u0644\u0645\u0627\u0646\u064a\u0627\" \/>\n<!-- \/ Yoast SEO Premium plugin. -->","yoast_head_json":{"title":"Hakk\u0131m\u0131zda - Moschee Teppich","description":"\u0645\u0639\u0644\u0648\u0645\u0627\u062a \u0639\u0646\u0627","robots":{"index":"index","follow":"follow","max-snippet":"max-snippet:-1","max-image-preview":"max-image-preview:large","max-video-preview":"max-video-preview:-1"},"canonical":"https:\/\/moscheeteppich.net\/ar\/hakkimizda\/","og_locale":"ar_AR","og_type":"article","og_title":"Hakk\u0131m\u0131zda","og_description":"Hakk\u0131m\u0131zda","og_url":"https:\/\/moscheeteppich.net\/ar\/hakkimizda\/","og_site_name":"Moschee Teppich","article_modified_time":"2024-11-03T11:19:26+00:00","og_image":[{"width":188,"height":68,"url":"https:\/\/moscheeteppich.net\/wp-content\/uploads\/2024\/11\/LOGO-1.jpg","type":"image\/jpeg"}],"twitter_card":"summary_large_image","twitter_misc":{"\u0648\u0642\u062a \u0627\u0644\u0642\u0631\u0627\u0621\u0629 \u0627\u0644\u0645\u064f\u0642\u062f\u0651\u0631":"3 \u062f\u0642\u0627\u0626\u0642"},"schema":{"@context":"https:\/\/schema.org","@graph":[{"@type":"Article","@id":"https:\/\/moscheeteppich.net\/hakkimizda\/#article","isPartOf":{"@id":"https:\/\/moscheeteppich.net\/hakkimizda\/"},"author":{"name":"Moscheeteppich-Metin","@id":"https:\/\/moscheeteppich.net\/#\/schema\/person\/bb41ec405224e657cf72022ef62c711f"},"headline":"Hakk\u0131m\u0131zda","datePublished":"2017-10-31T07:44:25+00:00","dateModified":"2024-11-03T11:19:26+00:00","mainEntityOfPage":{"@id":"https:\/\/moscheeteppich.net\/hakkimizda\/"},"wordCount":559,"publisher":{"@id":"https:\/\/moscheeteppich.net\/#organization"},"inLanguage":"ar"},{"@type":"WebPage","@id":"https:\/\/moscheeteppich.net\/hakkimizda\/","url":"https:\/\/moscheeteppich.net\/hakkimizda\/","name":"Hakk\u0131m\u0131zda - Moschee Teppich","isPartOf":{"@id":"https:\/\/moscheeteppich.net\/#website"},"datePublished":"2017-10-31T07:44:25+00:00","dateModified":"2024-11-03T11:19:26+00:00","description":"\u0645\u0639\u0644\u0648\u0645\u0627\u062a \u0639\u0646\u0627","breadcrumb":{"@id":"https:\/\/moscheeteppich.net\/hakkimizda\/#breadcrumb"},"inLanguage":"ar","potentialAction":[{"@type":"ReadAction","target":["https:\/\/moscheeteppich.net\/hakkimizda\/"]}]},{"@type":"BreadcrumbList","@id":"https:\/\/moscheeteppich.net\/hakkimizda\/#breadcrumb","itemListElement":[{"@type":"ListItem","position":1,"name":"Anasayfa","item":"https:\/\/moscheeteppich.net\/"},{"@type":"ListItem","position":2,"name":"Hakk\u0131m\u0131zda"}]},{"@type":"WebSite","@id":"https:\/\/moscheeteppich.net\/#website","url":"https:\/\/moscheeteppich.net\/","name":"https:\/\/moscheeteppich.net\/ar\/","description":"\u0628\u0633\u0627\u0637 \u0645\u0648\u0634\u064a","publisher":{"@id":"https:\/\/moscheeteppich.net\/#organization"},"potentialAction":[{"@type":"SearchAction","target":{"@type":"EntryPoint","urlTemplate":"https:\/\/moscheeteppich.net\/?s={search_term_string}"},"query-input":{"@type":"PropertyValueSpecification","valueRequired":true,"valueName":"search_term_string"}}],"inLanguage":"ar"},{"@type":["Organization","Place","LocalBusiness"],"@id":"https:\/\/moscheeteppich.net\/#organization","name":"\u0628\u0633\u0627\u0637 \u0645\u0648\u0634\u064a","alternateName":"Moschee Teppich","url":"https:\/\/moscheeteppich.net\/","logo":{"@id":"https:\/\/moscheeteppich.net\/hakkimizda\/#local-main-organization-logo"},"image":{"@id":"https:\/\/moscheeteppich.net\/hakkimizda\/#local-main-organization-logo"},"address":{"@id":"https:\/\/moscheeteppich.net\/hakkimizda\/#local-main-place-address"},"geo":{"@type":"GeoCoordinates","latitude":"51.52012440287321","longitude":"7.083073803230826"},"telephone":["+49 177 3276 389"],"openingHoursSpecification":[{"@type":"OpeningHoursSpecification","dayOfWeek":["Monday","Tuesday","Wednesday","Thursday","Friday","Saturday","Sunday"],"opens":"09:00","closes":"17:00"}],"email":"info@moscheeteppich.net"},{"@type":"Person","@id":"https:\/\/moscheeteppich.net\/#\/schema\/person\/bb41ec405224e657cf72022ef62c711f","name":"Moscheeteppich-Metin","image":{"@type":"ImageObject","inLanguage":"ar","@id":"https:\/\/moscheeteppich.net\/#\/schema\/person\/image\/","url":"https:\/\/secure.gravatar.com\/avatar\/35107ac0e47cbcbcfa7ca45a7c9b38c13972f3597eca9316c825572c4dcbc75b?s=96&d=mm&r=g","contentUrl":"https:\/\/secure.gravatar.com\/avatar\/35107ac0e47cbcbcfa7ca45a7c9b38c13972f3597eca9316c825572c4dcbc75b?s=96&d=mm&r=g","caption":"Moscheeteppich-Metin"},"sameAs":["https:\/\/moscheeteppich.net"],"url":"https:\/\/moscheeteppich.net\/ar\/author\/admin\/"},{"@type":"PostalAddress","@id":"https:\/\/moscheeteppich.net\/hakkimizda\/#local-main-place-address","streetAddress":"Meraner Weg 4","addressLocality":"Gelsenkirchen","postalCode":"45881","addressCountry":"DE"},{"@type":"ImageObject","inLanguage":"ar","@id":"https:\/\/moscheeteppich.net\/hakkimizda\/#local-main-organization-logo","url":"https:\/\/moscheeteppich.net\/wp-content\/uploads\/2024\/11\/LOGO-1.jpg","contentUrl":"https:\/\/moscheeteppich.net\/wp-content\/uploads\/2024\/11\/LOGO-1.jpg","width":188,"height":68,"caption":"Moschee Teppich"}]},"geo.placename":"Gelsenkirchen","geo.position":{"lat":"51.52012440287321","long":"7.083073803230826"},"geo.region":"\u0623\u0644\u0645\u0627\u0646\u064a\u0627"},"_links":{"self":[{"href":"https:\/\/moscheeteppich.net\/ar\/wp-json\/wp\/v2\/pages\/3935","targetHints":{"allow":["GET"]}}],"collection":[{"href":"https:\/\/moscheeteppich.net\/ar\/wp-json\/wp\/v2\/pages"}],"about":[{"href":"https:\/\/moscheeteppich.net\/ar\/wp-json\/wp\/v2\/types\/page"}],"author":[{"embeddable":true,"href":"https:\/\/moscheeteppich.net\/ar\/wp-json\/wp\/v2\/users\/1"}],"replies":[{"embeddable":true,"href":"https:\/\/moscheeteppich.net\/ar\/wp-json\/wp\/v2\/comments?post=3935"}],"version-history":[{"count":0,"href":"https:\/\/moscheeteppich.net\/ar\/wp-json\/wp\/v2\/pages\/3935\/revisions"}],"wp:attachment":[{"href":"https:\/\/moscheeteppich.net\/ar\/wp-json\/wp\/v2\/media?parent=3935"}],"curies":[{"name":"wp","href":"https:\/\/api.w.org\/{rel}","templated":true}]}}