{"id":3935,"date":"2017-10-31T07:44:25","date_gmt":"2017-10-31T07:44:25","guid":{"rendered":"http:\/\/demo2.drfuri.com\/manufactory\/?page_id=32"},"modified":"2024-11-03T14:19:26","modified_gmt":"2024-11-03T11:19:26","slug":"hakkimizda","status":"publish","type":"page","link":"https:\/\/moscheeteppich.net\/de\/hakkimizda\/","title":{"rendered":"\u00dcber uns"},"content":{"rendered":"<div class=\"wpb-content-wrapper\"><div class=\"vc_row wpb_row vc_row-fluid\"><div class=\"container\"><div class=\"row\"><div class=\"wpb_column vc_column_container vc_col-sm-12\"><div class=\"vc_column-inner\"><div class=\"wpb_wrapper\"><div class=\"mf-empty-space\" style=\"\"><div class=\"mf_empty_space_lg\"  style=\"height: 80px\"><\/div><div class=\"mf_empty_space_md\"  style=\"height: 25px\"><\/div><div class=\"mf_empty_space_xs\"  style=\"height: 25px\"><\/div><\/div><h2 style=\"font-size: 26px;text-align: left\" class=\"vc_custom_heading vc_do_custom_heading fw-medium vc_custom_1729519743659\" >\u00dcber uns<\/h2><div class=\"mf-empty-space\" style=\"\"><div class=\"mf_empty_space_lg\"  style=\"height: 20px\"><\/div><div class=\"mf_empty_space_md\"  style=\"height: 20px\"><\/div><div class=\"mf_empty_space_xs\"  style=\"height: 20px\"><\/div><\/div>\n\t<div class=\"wpb_text_column wpb_content_element\" >\n\t\t<div class=\"wpb_wrapper\">\n\t\t\t<p style=\"text-align: justify;\">Unser Unternehmen ist ein f\u00fchrendes Unternehmen der Moscheeteppich- und Hotelteppichbranche in Deutschland mit langj\u00e4hriger Erfahrung. Wir haben uns das Prinzip der Bereitstellung von Qualit\u00e4tsprodukten zu eigen gemacht, indem wir die Kundenzufriedenheit zu unserem obersten Ziel gemacht haben.<\/p>\n<p style=\"text-align: justify;\">Bei der Gestaltung unserer Moscheeteppiche legen wir besonderen Wert auf Ruhe und \u00c4sthetik in Gottesdienstr\u00e4umen. Die von uns angebotenen Teppiche in verschiedenen Farben, Mustern und Texturen passen in jeden Raum, indem sie traditionelle Motive mit modernen Designs kombinieren. Dar\u00fcber hinaus sind die f\u00fcr die Herstellung unserer Teppiche verwendeten Materialien langlebig und langlebig, sodass sie viele Jahre lang sicher in Ihren Gottesh\u00e4usern verwendet werden k\u00f6nnen.<\/p>\n<p style=\"text-align: justify;\">Unsere Hotelteppiche sollen Ihr \u00e4sthetisches Verst\u00e4ndnis im Beherbergungssektor erg\u00e4nzen. Unsere Teppiche, die aus sorgf\u00e4ltig ausgew\u00e4hlten Materialien f\u00fcr die Bequemlichkeit und den Komfort Ihrer G\u00e4ste hergestellt werden, bieten Optionen f\u00fcr alle Arten von Hotelkonzepten. Unsere Produkte, die Qualit\u00e4t, Langlebigkeit und Eleganz vereinen, bereichern die Atmosph\u00e4re Ihres Hotels und tragen zu einem unvergesslichen Erlebnis f\u00fcr Ihre G\u00e4ste bei.<\/p>\n<p style=\"text-align: justify;\">Mit unserem kundenorientierten Ansatz entwickeln wir die f\u00fcr Ihre Bed\u00fcrfnisse am besten geeigneten L\u00f6sungen, indem wir in jeder Phase Beratungsleistungen anbieten. Unser professionelles Team unterst\u00fctzt Sie gerne in jeder Phase Ihres Projekts.<\/p>\n<p style=\"text-align: justify;\">Als unser Unternehmen st\u00e4rken wir weiterhin unsere Position in der Branche mit unserer breiten Produktpalette an Moschee- und Hotelteppichen und der Bedeutung, die wir der Kundenzufriedenheit beimessen. Mit unserem Verst\u00e4ndnis von Qualit\u00e4t und \u00c4sthetik m\u00f6chten wir unseren gesch\u00e4tzten Kunden den besten Service bieten.<\/p>\n<h3>Vision und Mission<\/h3>\n<p>Unsere Vision ist es, sowohl lokal als auch international als f\u00fchrendes Unternehmen der Teppichindustrie anerkannt zu werden und unseren Kunden den besten Service zu bieten. Unsere Mission ist es, Teppichl\u00f6sungen f\u00fcr den Einsatz in verschiedenen Bereichen wie Moscheen, Schlafs\u00e4len und Hotels anzubieten, indem wir \u00c4sthetik und Funktionalit\u00e4t kombinieren. Kundenzufriedenheit immer als oberstes Ziel setzen.<\/p>\n<h3>Produktpalette<\/h3>\n<p><strong>Moschee teppiche:<\/strong>\u00a0Unsere Moscheeteppiche, die den Geist der Gottesdienste widerspiegeln, sind mit verschiedenen Mustern und Farboptionen gestaltet. Unsere aus hochwertigen Materialien hergestellten Teppiche bieten sowohl \u00c4sthetik als auch Komfort und schaffen eine friedliche Atmosph\u00e4re w\u00e4hrend des Gottesdienstes. Unsere exklusiven Designs kombinieren traditionelle und moderne Motive.<\/p>\n<p><strong>Teppiche im Schlafsaal:<\/strong>\u00a0Unsere Teppiche, die entsprechend der Dynamik des Studentenlebens in Wohnheimen entworfen wurden, sind langlebig und leicht zu reinigen. Mit verschiedenen Farb- und Musteralternativen machen wir das Wohnheimleben w\u00e4rmer und einladender.<\/p>\n<p><strong>Hotel teppiche:<\/strong>\u00a0Unsere Hotelteppiche, bei denen Gastfreundschaft und Komfort im Vordergrund stehen, fallen durch ihre Eleganz und Langlebigkeit auf. Unsere Designs, die sich an jedes Hotelkonzept anpassen, tragen dazu bei, dass G\u00e4ste ein unvergessliches Erlebnis haben.<\/p>\n\n\t\t<\/div>\n\t<\/div>\n<div class=\"mf-empty-space\" style=\"\"><div class=\"mf_empty_space_lg\"  style=\"height: 60px\"><\/div><div class=\"mf_empty_space_md\"  style=\"height: 25px\"><\/div><div class=\"mf_empty_space_xs\"  style=\"height: 25px\"><\/div><\/div><div class=\"mf-empty-space\" style=\"\"><div class=\"mf_empty_space_lg\"  style=\"height: 15px\"><\/div><div class=\"mf_empty_space_md\"  style=\"height: 15px\"><\/div><div class=\"mf_empty_space_xs\"  style=\"height: 15px\"><\/div><\/div><\/div><\/div><\/div><\/div><\/div><\/div>\n<\/div>","protected":false},"excerpt":{"rendered":"Hakk\u0131m\u0131zda Firmam\u0131z, Almanya\u2019da cami hal\u0131s\u0131 ve otel hal\u0131s\u0131 sekt\u00f6r\u00fcnde y\u0131llar\u0131n deneyimiyle hizmet veren lider bir firmad\u0131r. M\u00fc\u015fteri memnuniyetini \u00f6ncelikli hedef olarak belirleyerek, kaliteli \u00fcr\u00fcnler sunmay\u0131 ilke edinmi\u015f bulunmaktay\u0131z. Cami hal\u0131lar\u0131m\u0131z, ibadet alanlar\u0131ndaki huzuru ve esteti\u011fi \u00f6n planda tutarak \u00f6zel olarak tasarlanm\u0131\u015ft\u0131r. Farkl\u0131 renk, desen ve dokularda sundu\u011fumuz hal\u0131lar, geleneksel motiflerle modern tasar\u0131mlar\u0131 bir araya getirerek [...]","protected":false},"author":1,"featured_media":0,"parent":0,"menu_order":0,"comment_status":"closed","ping_status":"closed","template":"template-fullwidth.php","meta":{"_themeisle_gutenberg_block_has_review":false,"footnotes":""},"class_list":["post-3935","page","type-page","status-publish","hentry","no-thumb"],"yoast_head":"<!-- This site is optimized with the Yoast SEO Premium plugin v20.6 (Yoast SEO v26.6) - https:\/\/yoast.com\/wordpress\/plugins\/seo\/ -->\n<title>Hakk\u0131m\u0131zda - Moschee Teppich<\/title>\n<meta name=\"description\" content=\"Hakk\u0131m\u0131zda\" \/>\n<meta name=\"robots\" content=\"index, follow, max-snippet:-1, max-image-preview:large, max-video-preview:-1\" \/>\n<link rel=\"canonical\" href=\"https:\/\/moscheeteppich.net\/de\/hakkimizda\/\" \/>\n<meta property=\"og:locale\" content=\"de_DE\" \/>\n<meta property=\"og:type\" content=\"article\" \/>\n<meta property=\"og:title\" content=\"Hakk\u0131m\u0131zda\" \/>\n<meta property=\"og:description\" content=\"Hakk\u0131m\u0131zda\" \/>\n<meta property=\"og:url\" content=\"https:\/\/moscheeteppich.net\/de\/hakkimizda\/\" \/>\n<meta property=\"og:site_name\" content=\"Moschee Teppich\" \/>\n<meta property=\"article:modified_time\" content=\"2024-11-03T11:19:26+00:00\" \/>\n<meta property=\"og:image\" content=\"https:\/\/moscheeteppich.net\/wp-content\/uploads\/2024\/11\/LOGO-1.jpg\" \/>\n\t<meta property=\"og:image:width\" content=\"188\" \/>\n\t<meta property=\"og:image:height\" content=\"68\" \/>\n\t<meta property=\"og:image:type\" content=\"image\/jpeg\" \/>\n<meta name=\"twitter:card\" content=\"summary_large_image\" \/>\n<meta name=\"twitter:label1\" content=\"Gesch\u00e4tzte Lesezeit\" \/>\n\t<meta name=\"twitter:data1\" content=\"3\u00a0Minuten\" \/>\n<script type=\"application\/ld+json\" class=\"yoast-schema-graph\">{\"@context\":\"https:\/\/schema.org\",\"@graph\":[{\"@type\":\"Article\",\"@id\":\"https:\/\/moscheeteppich.net\/hakkimizda\/#article\",\"isPartOf\":{\"@id\":\"https:\/\/moscheeteppich.net\/hakkimizda\/\"},\"author\":{\"name\":\"Moscheeteppich-Metin\",\"@id\":\"https:\/\/moscheeteppich.net\/#\/schema\/person\/bb41ec405224e657cf72022ef62c711f\"},\"headline\":\"Hakk\u0131m\u0131zda\",\"datePublished\":\"2017-10-31T07:44:25+00:00\",\"dateModified\":\"2024-11-03T11:19:26+00:00\",\"mainEntityOfPage\":{\"@id\":\"https:\/\/moscheeteppich.net\/hakkimizda\/\"},\"wordCount\":559,\"publisher\":{\"@id\":\"https:\/\/moscheeteppich.net\/#organization\"},\"inLanguage\":\"de\"},{\"@type\":\"WebPage\",\"@id\":\"https:\/\/moscheeteppich.net\/hakkimizda\/\",\"url\":\"https:\/\/moscheeteppich.net\/hakkimizda\/\",\"name\":\"Hakk\u0131m\u0131zda - Moschee Teppich\",\"isPartOf\":{\"@id\":\"https:\/\/moscheeteppich.net\/#website\"},\"datePublished\":\"2017-10-31T07:44:25+00:00\",\"dateModified\":\"2024-11-03T11:19:26+00:00\",\"description\":\"Hakk\u0131m\u0131zda\",\"breadcrumb\":{\"@id\":\"https:\/\/moscheeteppich.net\/hakkimizda\/#breadcrumb\"},\"inLanguage\":\"de\",\"potentialAction\":[{\"@type\":\"ReadAction\",\"target\":[\"https:\/\/moscheeteppich.net\/hakkimizda\/\"]}]},{\"@type\":\"BreadcrumbList\",\"@id\":\"https:\/\/moscheeteppich.net\/hakkimizda\/#breadcrumb\",\"itemListElement\":[{\"@type\":\"ListItem\",\"position\":1,\"name\":\"Anasayfa\",\"item\":\"https:\/\/moscheeteppich.net\/\"},{\"@type\":\"ListItem\",\"position\":2,\"name\":\"Hakk\u0131m\u0131zda\"}]},{\"@type\":\"WebSite\",\"@id\":\"https:\/\/moscheeteppich.net\/#website\",\"url\":\"https:\/\/moscheeteppich.net\/\",\"name\":\"https:\/\/moscheeteppich.net\/\",\"description\":\"Moschee Teppich\",\"publisher\":{\"@id\":\"https:\/\/moscheeteppich.net\/#organization\"},\"potentialAction\":[{\"@type\":\"SearchAction\",\"target\":{\"@type\":\"EntryPoint\",\"urlTemplate\":\"https:\/\/moscheeteppich.net\/?s={search_term_string}\"},\"query-input\":{\"@type\":\"PropertyValueSpecification\",\"valueRequired\":true,\"valueName\":\"search_term_string\"}}],\"inLanguage\":\"de\"},{\"@type\":[\"Organization\",\"Place\",\"LocalBusiness\"],\"@id\":\"https:\/\/moscheeteppich.net\/#organization\",\"name\":\"Moschee Teppich\",\"alternateName\":\"Moschee Teppich\",\"url\":\"https:\/\/moscheeteppich.net\/\",\"logo\":{\"@id\":\"https:\/\/moscheeteppich.net\/hakkimizda\/#local-main-organization-logo\"},\"image\":{\"@id\":\"https:\/\/moscheeteppich.net\/hakkimizda\/#local-main-organization-logo\"},\"address\":{\"@id\":\"https:\/\/moscheeteppich.net\/hakkimizda\/#local-main-place-address\"},\"geo\":{\"@type\":\"GeoCoordinates\",\"latitude\":\"51.52012440287321\",\"longitude\":\"7.083073803230826\"},\"telephone\":[\"+49 177 3276 389\"],\"openingHoursSpecification\":[{\"@type\":\"OpeningHoursSpecification\",\"dayOfWeek\":[\"Monday\",\"Tuesday\",\"Wednesday\",\"Thursday\",\"Friday\",\"Saturday\",\"Sunday\"],\"opens\":\"09:00\",\"closes\":\"17:00\"}],\"email\":\"info@moscheeteppich.net\"},{\"@type\":\"Person\",\"@id\":\"https:\/\/moscheeteppich.net\/#\/schema\/person\/bb41ec405224e657cf72022ef62c711f\",\"name\":\"Moscheeteppich-Metin\",\"image\":{\"@type\":\"ImageObject\",\"inLanguage\":\"de\",\"@id\":\"https:\/\/moscheeteppich.net\/#\/schema\/person\/image\/\",\"url\":\"https:\/\/secure.gravatar.com\/avatar\/35107ac0e47cbcbcfa7ca45a7c9b38c13972f3597eca9316c825572c4dcbc75b?s=96&d=mm&r=g\",\"contentUrl\":\"https:\/\/secure.gravatar.com\/avatar\/35107ac0e47cbcbcfa7ca45a7c9b38c13972f3597eca9316c825572c4dcbc75b?s=96&d=mm&r=g\",\"caption\":\"Moscheeteppich-Metin\"},\"sameAs\":[\"https:\/\/moscheeteppich.net\"],\"url\":\"https:\/\/moscheeteppich.net\/de\/author\/admin\/\"},{\"@type\":\"PostalAddress\",\"@id\":\"https:\/\/moscheeteppich.net\/hakkimizda\/#local-main-place-address\",\"streetAddress\":\"Meraner Weg 4\",\"addressLocality\":\"Gelsenkirchen\",\"postalCode\":\"45881\",\"addressCountry\":\"DE\"},{\"@type\":\"ImageObject\",\"inLanguage\":\"de\",\"@id\":\"https:\/\/moscheeteppich.net\/hakkimizda\/#local-main-organization-logo\",\"url\":\"https:\/\/moscheeteppich.net\/wp-content\/uploads\/2024\/11\/LOGO-1.jpg\",\"contentUrl\":\"https:\/\/moscheeteppich.net\/wp-content\/uploads\/2024\/11\/LOGO-1.jpg\",\"width\":188,\"height\":68,\"caption\":\"Moschee Teppich\"}]}<\/script>\n<meta name=\"geo.placename\" content=\"Gelsenkirchen\" \/>\n<meta name=\"geo.position\" content=\"51.52012440287321;7.083073803230826\" \/>\n<meta name=\"geo.region\" content=\"Deutschland\" \/>\n<!-- \/ Yoast SEO Premium plugin. -->","yoast_head_json":{"title":"Hakk\u0131m\u0131zda - Moschee Teppich","description":"\u00dcber uns","robots":{"index":"index","follow":"follow","max-snippet":"max-snippet:-1","max-image-preview":"max-image-preview:large","max-video-preview":"max-video-preview:-1"},"canonical":"https:\/\/moscheeteppich.net\/de\/hakkimizda\/","og_locale":"de_DE","og_type":"article","og_title":"Hakk\u0131m\u0131zda","og_description":"Hakk\u0131m\u0131zda","og_url":"https:\/\/moscheeteppich.net\/de\/hakkimizda\/","og_site_name":"Moschee Teppich","article_modified_time":"2024-11-03T11:19:26+00:00","og_image":[{"width":188,"height":68,"url":"https:\/\/moscheeteppich.net\/wp-content\/uploads\/2024\/11\/LOGO-1.jpg","type":"image\/jpeg"}],"twitter_card":"summary_large_image","twitter_misc":{"Gesch\u00e4tzte Lesezeit":"3\u00a0Minuten"},"schema":{"@context":"https:\/\/schema.org","@graph":[{"@type":"Article","@id":"https:\/\/moscheeteppich.net\/hakkimizda\/#article","isPartOf":{"@id":"https:\/\/moscheeteppich.net\/hakkimizda\/"},"author":{"name":"Moscheeteppich-Metin","@id":"https:\/\/moscheeteppich.net\/#\/schema\/person\/bb41ec405224e657cf72022ef62c711f"},"headline":"Hakk\u0131m\u0131zda","datePublished":"2017-10-31T07:44:25+00:00","dateModified":"2024-11-03T11:19:26+00:00","mainEntityOfPage":{"@id":"https:\/\/moscheeteppich.net\/hakkimizda\/"},"wordCount":559,"publisher":{"@id":"https:\/\/moscheeteppich.net\/#organization"},"inLanguage":"de"},{"@type":"WebPage","@id":"https:\/\/moscheeteppich.net\/hakkimizda\/","url":"https:\/\/moscheeteppich.net\/hakkimizda\/","name":"Hakk\u0131m\u0131zda - Moschee Teppich","isPartOf":{"@id":"https:\/\/moscheeteppich.net\/#website"},"datePublished":"2017-10-31T07:44:25+00:00","dateModified":"2024-11-03T11:19:26+00:00","description":"\u00dcber uns","breadcrumb":{"@id":"https:\/\/moscheeteppich.net\/hakkimizda\/#breadcrumb"},"inLanguage":"de","potentialAction":[{"@type":"ReadAction","target":["https:\/\/moscheeteppich.net\/hakkimizda\/"]}]},{"@type":"BreadcrumbList","@id":"https:\/\/moscheeteppich.net\/hakkimizda\/#breadcrumb","itemListElement":[{"@type":"ListItem","position":1,"name":"Anasayfa","item":"https:\/\/moscheeteppich.net\/"},{"@type":"ListItem","position":2,"name":"Hakk\u0131m\u0131zda"}]},{"@type":"WebSite","@id":"https:\/\/moscheeteppich.net\/#website","url":"https:\/\/moscheeteppich.net\/","name":"https:\/\/moscheeteppich.net\/de\/","description":"Moschee Teppich","publisher":{"@id":"https:\/\/moscheeteppich.net\/#organization"},"potentialAction":[{"@type":"SearchAction","target":{"@type":"EntryPoint","urlTemplate":"https:\/\/moscheeteppich.net\/?s={search_term_string}"},"query-input":{"@type":"PropertyValueSpecification","valueRequired":true,"valueName":"search_term_string"}}],"inLanguage":"de"},{"@type":["Organization","Place","LocalBusiness"],"@id":"https:\/\/moscheeteppich.net\/#organization","name":"Moschee Teppich","alternateName":"Moschee Teppich","url":"https:\/\/moscheeteppich.net\/","logo":{"@id":"https:\/\/moscheeteppich.net\/hakkimizda\/#local-main-organization-logo"},"image":{"@id":"https:\/\/moscheeteppich.net\/hakkimizda\/#local-main-organization-logo"},"address":{"@id":"https:\/\/moscheeteppich.net\/hakkimizda\/#local-main-place-address"},"geo":{"@type":"GeoCoordinates","latitude":"51.52012440287321","longitude":"7.083073803230826"},"telephone":["+49 177 3276 389"],"openingHoursSpecification":[{"@type":"OpeningHoursSpecification","dayOfWeek":["Monday","Tuesday","Wednesday","Thursday","Friday","Saturday","Sunday"],"opens":"09:00","closes":"17:00"}],"email":"info@moscheeteppich.net"},{"@type":"Person","@id":"https:\/\/moscheeteppich.net\/#\/schema\/person\/bb41ec405224e657cf72022ef62c711f","name":"Moscheeteppich-Metin","image":{"@type":"ImageObject","inLanguage":"de","@id":"https:\/\/moscheeteppich.net\/#\/schema\/person\/image\/","url":"https:\/\/secure.gravatar.com\/avatar\/35107ac0e47cbcbcfa7ca45a7c9b38c13972f3597eca9316c825572c4dcbc75b?s=96&d=mm&r=g","contentUrl":"https:\/\/secure.gravatar.com\/avatar\/35107ac0e47cbcbcfa7ca45a7c9b38c13972f3597eca9316c825572c4dcbc75b?s=96&d=mm&r=g","caption":"Moscheeteppich-Metin"},"sameAs":["https:\/\/moscheeteppich.net"],"url":"https:\/\/moscheeteppich.net\/de\/author\/admin\/"},{"@type":"PostalAddress","@id":"https:\/\/moscheeteppich.net\/hakkimizda\/#local-main-place-address","streetAddress":"Meraner Weg 4","addressLocality":"Gelsenkirchen","postalCode":"45881","addressCountry":"DE"},{"@type":"ImageObject","inLanguage":"de","@id":"https:\/\/moscheeteppich.net\/hakkimizda\/#local-main-organization-logo","url":"https:\/\/moscheeteppich.net\/wp-content\/uploads\/2024\/11\/LOGO-1.jpg","contentUrl":"https:\/\/moscheeteppich.net\/wp-content\/uploads\/2024\/11\/LOGO-1.jpg","width":188,"height":68,"caption":"Moschee Teppich"}]},"geo.placename":"Gelsenkirchen","geo.position":{"lat":"51.52012440287321","long":"7.083073803230826"},"geo.region":"Deutschland"},"_links":{"self":[{"href":"https:\/\/moscheeteppich.net\/de\/wp-json\/wp\/v2\/pages\/3935","targetHints":{"allow":["GET"]}}],"collection":[{"href":"https:\/\/moscheeteppich.net\/de\/wp-json\/wp\/v2\/pages"}],"about":[{"href":"https:\/\/moscheeteppich.net\/de\/wp-json\/wp\/v2\/types\/page"}],"author":[{"embeddable":true,"href":"https:\/\/moscheeteppich.net\/de\/wp-json\/wp\/v2\/users\/1"}],"replies":[{"embeddable":true,"href":"https:\/\/moscheeteppich.net\/de\/wp-json\/wp\/v2\/comments?post=3935"}],"version-history":[{"count":0,"href":"https:\/\/moscheeteppich.net\/de\/wp-json\/wp\/v2\/pages\/3935\/revisions"}],"wp:attachment":[{"href":"https:\/\/moscheeteppich.net\/de\/wp-json\/wp\/v2\/media?parent=3935"}],"curies":[{"name":"wp","href":"https:\/\/api.w.org\/{rel}","templated":true}]}}