{"id":4432,"date":"2024-10-27T19:58:33","date_gmt":"2024-10-27T16:58:33","guid":{"rendered":"https:\/\/moscheeteppich.net\/?page_id=4432"},"modified":"2024-11-05T01:27:51","modified_gmt":"2024-11-04T22:27:51","slug":"galeri","status":"publish","type":"page","link":"https:\/\/moscheeteppich.net\/de\/galeri\/","title":{"rendered":"Galerie"},"content":{"rendered":"<div class=\"wpb-content-wrapper\"><div class=\"vc_row wpb_row vc_row-fluid\"><div class=\"container\"><div class=\"row\"><div class=\"wpb_column vc_column_container vc_col-sm-12\"><div class=\"vc_column-inner\"><div class=\"wpb_wrapper\"><div class=\"mf-empty-space\" style=\"\"><div class=\"mf_empty_space_lg\"  style=\"height: 80px\"><\/div><div class=\"mf_empty_space_md\"  style=\"height: 25px\"><\/div><div class=\"mf_empty_space_xs\"  style=\"height: 25px\"><\/div><\/div><h2 style=\"font-size: 26px;text-align: center\" class=\"vc_custom_heading vc_do_custom_heading fw-medium vc_custom_1730556358314\" >Moscheeteppiche<\/h2><div class=\"mf-empty-space\" style=\"\"><div class=\"mf_empty_space_lg\"  style=\"height: 20px\"><\/div><div class=\"mf_empty_space_md\"  style=\"height: 25px\"><\/div><div class=\"mf_empty_space_xs\"  style=\"height: 25px\"><\/div><\/div>\n<div class=\"vc_grid-container-wrapper vc_clearfix vc_grid-animation-zoomIn\">\n\t<div class=\"vc_grid-container vc_clearfix wpb_content_element vc_masonry_media_grid\" data-initial-loading-animation=\"zoomIn\" data-vc-grid-settings=\"{&quot;page_id&quot;:4432,&quot;style&quot;:&quot;all-masonry&quot;,&quot;action&quot;:&quot;vc_get_vc_grid_data&quot;,&quot;shortcode_id&quot;:&quot;1730759255890-41127a879f8f3954387279925cd4ef73-6&quot;,&quot;tag&quot;:&quot;vc_masonry_media_grid&quot;}\" data-vc-request=\"https:\/\/moscheeteppich.net\/wp-admin\/admin-ajax.php\" data-vc-post-id=\"4432\" data-vc-public-nonce=\"6c679b3860\">\n\t\t\n\t<\/div>\n<\/div><div class=\"mf-empty-space\" style=\"\"><div class=\"mf_empty_space_lg\"  style=\"height: 60px\"><\/div><div class=\"mf_empty_space_md\"  style=\"height: 25px\"><\/div><div class=\"mf_empty_space_xs\"  style=\"height: 25px\"><\/div><\/div><\/div><\/div><\/div><\/div><\/div><\/div><div class=\"vc_row wpb_row vc_row-fluid\"><div class=\"container\"><div class=\"row\"><div class=\"wpb_column vc_column_container vc_col-sm-12\"><div class=\"vc_column-inner\"><div class=\"wpb_wrapper\"><h2 style=\"font-size: 26px;text-align: center\" class=\"vc_custom_heading vc_do_custom_heading fw-medium vc_custom_1730556346647\" >Schlafsaalteppiche<\/h2><div class=\"mf-empty-space\" style=\"\"><div class=\"mf_empty_space_lg\"  style=\"height: 20px\"><\/div><div class=\"mf_empty_space_md\"  style=\"height: 25px\"><\/div><div class=\"mf_empty_space_xs\"  style=\"height: 25px\"><\/div><\/div>\n<div class=\"vc_grid-container-wrapper vc_clearfix vc_grid-animation-zoomIn\">\n\t<div class=\"vc_grid-container vc_clearfix wpb_content_element vc_masonry_media_grid\" data-initial-loading-animation=\"zoomIn\" data-vc-grid-settings=\"{&quot;page_id&quot;:4432,&quot;style&quot;:&quot;all-masonry&quot;,&quot;action&quot;:&quot;vc_get_vc_grid_data&quot;,&quot;shortcode_id&quot;:&quot;1730759255919-d37712b7c587b9b3c4699ddcdd939633-2&quot;,&quot;tag&quot;:&quot;vc_masonry_media_grid&quot;}\" data-vc-request=\"https:\/\/moscheeteppich.net\/wp-admin\/admin-ajax.php\" data-vc-post-id=\"4432\" data-vc-public-nonce=\"6c679b3860\">\n\t\t\n\t<\/div>\n<\/div><div class=\"mf-empty-space\" style=\"\"><div class=\"mf_empty_space_lg\"  style=\"height: 60px\"><\/div><div class=\"mf_empty_space_md\"  style=\"height: 25px\"><\/div><div class=\"mf_empty_space_xs\"  style=\"height: 25px\"><\/div><\/div><\/div><\/div><\/div><\/div><\/div><\/div><div class=\"vc_row wpb_row vc_row-fluid\"><div class=\"container\"><div class=\"row\"><div class=\"wpb_column vc_column_container vc_col-sm-12\"><div class=\"vc_column-inner\"><div class=\"wpb_wrapper\"><h2 style=\"font-size: 26px;text-align: center\" class=\"vc_custom_heading vc_do_custom_heading fw-medium vc_custom_1730556431681\" >Hotel teppiche<\/h2><div class=\"mf-empty-space\" style=\"\"><div class=\"mf_empty_space_lg\"  style=\"height: 20px\"><\/div><div class=\"mf_empty_space_md\"  style=\"height: 25px\"><\/div><div class=\"mf_empty_space_xs\"  style=\"height: 25px\"><\/div><\/div>\n<div class=\"vc_grid-container-wrapper vc_clearfix vc_grid-animation-zoomIn\">\n\t<div class=\"vc_grid-container vc_clearfix wpb_content_element vc_masonry_media_grid\" data-initial-loading-animation=\"zoomIn\" data-vc-grid-settings=\"{&quot;page_id&quot;:4432,&quot;style&quot;:&quot;all-masonry&quot;,&quot;action&quot;:&quot;vc_get_vc_grid_data&quot;,&quot;shortcode_id&quot;:&quot;1730759255951-fbce795fb4a79d275428c629d6fd593a-2&quot;,&quot;tag&quot;:&quot;vc_masonry_media_grid&quot;}\" data-vc-request=\"https:\/\/moscheeteppich.net\/wp-admin\/admin-ajax.php\" data-vc-post-id=\"4432\" data-vc-public-nonce=\"6c679b3860\">\n\t\t\n\t<\/div>\n<\/div><div class=\"mf-empty-space\" style=\"\"><div class=\"mf_empty_space_lg\"  style=\"height: 60px\"><\/div><div class=\"mf_empty_space_md\"  style=\"height: 25px\"><\/div><div class=\"mf_empty_space_xs\"  style=\"height: 25px\"><\/div><\/div><div class=\"mf-empty-space\" style=\"\"><div class=\"mf_empty_space_lg\"  style=\"height: 15px\"><\/div><div class=\"mf_empty_space_md\"  style=\"height: 15px\"><\/div><div class=\"mf_empty_space_xs\"  style=\"height: 15px\"><\/div><\/div><\/div><\/div><\/div><\/div><\/div><\/div>\n<\/div>","protected":false},"excerpt":{"rendered":"Cami Hal\u0131lar\u0131 Yurt Hal\u0131lar\u0131 Otel Hal\u0131lar\u0131","protected":false},"author":1,"featured_media":0,"parent":0,"menu_order":0,"comment_status":"closed","ping_status":"closed","template":"template-fullwidth.php","meta":{"_themeisle_gutenberg_block_has_review":false,"footnotes":""},"class_list":["post-4432","page","type-page","status-publish","hentry","no-thumb"],"yoast_head":"<!-- This site is optimized with the Yoast SEO Premium plugin v20.6 (Yoast SEO v26.6) - https:\/\/yoast.com\/wordpress\/plugins\/seo\/ -->\n<title>Galeri - Moschee Teppich<\/title>\n<meta name=\"description\" content=\"Galeri\" \/>\n<meta name=\"robots\" content=\"index, follow, max-snippet:-1, max-image-preview:large, max-video-preview:-1\" \/>\n<link rel=\"canonical\" href=\"https:\/\/moscheeteppich.net\/de\/galeri\/\" \/>\n<meta property=\"og:locale\" content=\"de_DE\" \/>\n<meta property=\"og:type\" content=\"article\" \/>\n<meta property=\"og:title\" content=\"Galeri\" \/>\n<meta property=\"og:description\" content=\"Galeri\" \/>\n<meta property=\"og:url\" content=\"https:\/\/moscheeteppich.net\/de\/galeri\/\" \/>\n<meta property=\"og:site_name\" content=\"Moschee Teppich\" \/>\n<meta property=\"article:modified_time\" content=\"2024-11-04T22:27:51+00:00\" \/>\n<meta property=\"og:image\" content=\"https:\/\/moscheeteppich.net\/wp-content\/uploads\/2024\/11\/LOGO-1.jpg\" \/>\n\t<meta property=\"og:image:width\" content=\"188\" \/>\n\t<meta property=\"og:image:height\" content=\"68\" \/>\n\t<meta property=\"og:image:type\" content=\"image\/jpeg\" \/>\n<meta name=\"twitter:card\" content=\"summary_large_image\" \/>\n<meta name=\"twitter:label1\" content=\"Gesch\u00e4tzte Lesezeit\" \/>\n\t<meta name=\"twitter:data1\" content=\"1\u00a0Minute\" \/>\n<script type=\"application\/ld+json\" class=\"yoast-schema-graph\">{\"@context\":\"https:\/\/schema.org\",\"@graph\":[{\"@type\":\"Article\",\"@id\":\"https:\/\/moscheeteppich.net\/en\/galeri\/#article\",\"isPartOf\":{\"@id\":\"https:\/\/moscheeteppich.net\/en\/galeri\/\"},\"author\":{\"name\":\"Moscheeteppich-Metin\",\"@id\":\"https:\/\/moscheeteppich.net\/#\/schema\/person\/bb41ec405224e657cf72022ef62c711f\"},\"headline\":\"Galeri\",\"datePublished\":\"2024-10-27T16:58:33+00:00\",\"dateModified\":\"2024-11-04T22:27:51+00:00\",\"mainEntityOfPage\":{\"@id\":\"https:\/\/moscheeteppich.net\/en\/galeri\/\"},\"wordCount\":256,\"publisher\":{\"@id\":\"https:\/\/moscheeteppich.net\/#organization\"},\"inLanguage\":\"de\"},{\"@type\":\"WebPage\",\"@id\":\"https:\/\/moscheeteppich.net\/en\/galeri\/\",\"url\":\"https:\/\/moscheeteppich.net\/en\/galeri\/\",\"name\":\"Galeri - Moschee Teppich\",\"isPartOf\":{\"@id\":\"https:\/\/moscheeteppich.net\/#website\"},\"datePublished\":\"2024-10-27T16:58:33+00:00\",\"dateModified\":\"2024-11-04T22:27:51+00:00\",\"description\":\"Galeri\",\"breadcrumb\":{\"@id\":\"https:\/\/moscheeteppich.net\/en\/galeri\/#breadcrumb\"},\"inLanguage\":\"de\",\"potentialAction\":[{\"@type\":\"ReadAction\",\"target\":[\"https:\/\/moscheeteppich.net\/en\/galeri\/\"]}]},{\"@type\":\"BreadcrumbList\",\"@id\":\"https:\/\/moscheeteppich.net\/en\/galeri\/#breadcrumb\",\"itemListElement\":[{\"@type\":\"ListItem\",\"position\":1,\"name\":\"Anasayfa\",\"item\":\"https:\/\/moscheeteppich.net\/\"},{\"@type\":\"ListItem\",\"position\":2,\"name\":\"Galeri\"}]},{\"@type\":\"WebSite\",\"@id\":\"https:\/\/moscheeteppich.net\/#website\",\"url\":\"https:\/\/moscheeteppich.net\/\",\"name\":\"https:\/\/moscheeteppich.net\/\",\"description\":\"Moschee Teppich\",\"publisher\":{\"@id\":\"https:\/\/moscheeteppich.net\/#organization\"},\"potentialAction\":[{\"@type\":\"SearchAction\",\"target\":{\"@type\":\"EntryPoint\",\"urlTemplate\":\"https:\/\/moscheeteppich.net\/?s={search_term_string}\"},\"query-input\":{\"@type\":\"PropertyValueSpecification\",\"valueRequired\":true,\"valueName\":\"search_term_string\"}}],\"inLanguage\":\"de\"},{\"@type\":[\"Organization\",\"Place\",\"LocalBusiness\"],\"@id\":\"https:\/\/moscheeteppich.net\/#organization\",\"name\":\"Moschee Teppich\",\"alternateName\":\"Moschee Teppich\",\"url\":\"https:\/\/moscheeteppich.net\/\",\"logo\":{\"@id\":\"https:\/\/moscheeteppich.net\/en\/galeri\/#local-main-organization-logo\"},\"image\":{\"@id\":\"https:\/\/moscheeteppich.net\/en\/galeri\/#local-main-organization-logo\"},\"address\":{\"@id\":\"https:\/\/moscheeteppich.net\/en\/galeri\/#local-main-place-address\"},\"geo\":{\"@type\":\"GeoCoordinates\",\"latitude\":\"51.52012440287321\",\"longitude\":\"7.083073803230826\"},\"telephone\":[\"+49 177 3276 389\"],\"openingHoursSpecification\":[{\"@type\":\"OpeningHoursSpecification\",\"dayOfWeek\":[\"Monday\",\"Tuesday\",\"Wednesday\",\"Thursday\",\"Friday\",\"Saturday\",\"Sunday\"],\"opens\":\"09:00\",\"closes\":\"17:00\"}],\"email\":\"info@moscheeteppich.net\"},{\"@type\":\"Person\",\"@id\":\"https:\/\/moscheeteppich.net\/#\/schema\/person\/bb41ec405224e657cf72022ef62c711f\",\"name\":\"Moscheeteppich-Metin\",\"image\":{\"@type\":\"ImageObject\",\"inLanguage\":\"de\",\"@id\":\"https:\/\/moscheeteppich.net\/#\/schema\/person\/image\/\",\"url\":\"https:\/\/secure.gravatar.com\/avatar\/35107ac0e47cbcbcfa7ca45a7c9b38c13972f3597eca9316c825572c4dcbc75b?s=96&d=mm&r=g\",\"contentUrl\":\"https:\/\/secure.gravatar.com\/avatar\/35107ac0e47cbcbcfa7ca45a7c9b38c13972f3597eca9316c825572c4dcbc75b?s=96&d=mm&r=g\",\"caption\":\"Moscheeteppich-Metin\"},\"sameAs\":[\"https:\/\/moscheeteppich.net\"],\"url\":\"https:\/\/moscheeteppich.net\/de\/author\/admin\/\"},{\"@type\":\"PostalAddress\",\"@id\":\"https:\/\/moscheeteppich.net\/en\/galeri\/#local-main-place-address\",\"streetAddress\":\"Meraner Weg 4\",\"addressLocality\":\"Gelsenkirchen\",\"postalCode\":\"45881\",\"addressCountry\":\"DE\"},{\"@type\":\"ImageObject\",\"inLanguage\":\"de\",\"@id\":\"https:\/\/moscheeteppich.net\/en\/galeri\/#local-main-organization-logo\",\"url\":\"https:\/\/moscheeteppich.net\/wp-content\/uploads\/2024\/11\/LOGO-1.jpg\",\"contentUrl\":\"https:\/\/moscheeteppich.net\/wp-content\/uploads\/2024\/11\/LOGO-1.jpg\",\"width\":188,\"height\":68,\"caption\":\"Moschee Teppich\"}]}<\/script>\n<meta name=\"geo.placename\" content=\"Gelsenkirchen\" \/>\n<meta name=\"geo.position\" content=\"51.52012440287321;7.083073803230826\" \/>\n<meta name=\"geo.region\" content=\"Deutschland\" \/>\n<!-- \/ Yoast SEO Premium plugin. -->","yoast_head_json":{"title":"Galeri - Moschee Teppich","description":"Galerie","robots":{"index":"index","follow":"follow","max-snippet":"max-snippet:-1","max-image-preview":"max-image-preview:large","max-video-preview":"max-video-preview:-1"},"canonical":"https:\/\/moscheeteppich.net\/de\/galeri\/","og_locale":"de_DE","og_type":"article","og_title":"Galeri","og_description":"Galeri","og_url":"https:\/\/moscheeteppich.net\/de\/galeri\/","og_site_name":"Moschee Teppich","article_modified_time":"2024-11-04T22:27:51+00:00","og_image":[{"width":188,"height":68,"url":"https:\/\/moscheeteppich.net\/wp-content\/uploads\/2024\/11\/LOGO-1.jpg","type":"image\/jpeg"}],"twitter_card":"summary_large_image","twitter_misc":{"Gesch\u00e4tzte Lesezeit":"1\u00a0Minute"},"schema":{"@context":"https:\/\/schema.org","@graph":[{"@type":"Article","@id":"https:\/\/moscheeteppich.net\/en\/galeri\/#article","isPartOf":{"@id":"https:\/\/moscheeteppich.net\/en\/galeri\/"},"author":{"name":"Moscheeteppich-Metin","@id":"https:\/\/moscheeteppich.net\/#\/schema\/person\/bb41ec405224e657cf72022ef62c711f"},"headline":"Galeri","datePublished":"2024-10-27T16:58:33+00:00","dateModified":"2024-11-04T22:27:51+00:00","mainEntityOfPage":{"@id":"https:\/\/moscheeteppich.net\/en\/galeri\/"},"wordCount":256,"publisher":{"@id":"https:\/\/moscheeteppich.net\/#organization"},"inLanguage":"de"},{"@type":"WebPage","@id":"https:\/\/moscheeteppich.net\/en\/galeri\/","url":"https:\/\/moscheeteppich.net\/en\/galeri\/","name":"Galeri - Moschee Teppich","isPartOf":{"@id":"https:\/\/moscheeteppich.net\/#website"},"datePublished":"2024-10-27T16:58:33+00:00","dateModified":"2024-11-04T22:27:51+00:00","description":"Galerie","breadcrumb":{"@id":"https:\/\/moscheeteppich.net\/en\/galeri\/#breadcrumb"},"inLanguage":"de","potentialAction":[{"@type":"ReadAction","target":["https:\/\/moscheeteppich.net\/en\/galeri\/"]}]},{"@type":"BreadcrumbList","@id":"https:\/\/moscheeteppich.net\/en\/galeri\/#breadcrumb","itemListElement":[{"@type":"ListItem","position":1,"name":"Anasayfa","item":"https:\/\/moscheeteppich.net\/"},{"@type":"ListItem","position":2,"name":"Galeri"}]},{"@type":"WebSite","@id":"https:\/\/moscheeteppich.net\/#website","url":"https:\/\/moscheeteppich.net\/","name":"https:\/\/moscheeteppich.net\/de\/","description":"Moschee Teppich","publisher":{"@id":"https:\/\/moscheeteppich.net\/#organization"},"potentialAction":[{"@type":"SearchAction","target":{"@type":"EntryPoint","urlTemplate":"https:\/\/moscheeteppich.net\/?s={search_term_string}"},"query-input":{"@type":"PropertyValueSpecification","valueRequired":true,"valueName":"search_term_string"}}],"inLanguage":"de"},{"@type":["Organization","Place","LocalBusiness"],"@id":"https:\/\/moscheeteppich.net\/#organization","name":"Moschee Teppich","alternateName":"Moschee Teppich","url":"https:\/\/moscheeteppich.net\/","logo":{"@id":"https:\/\/moscheeteppich.net\/en\/galeri\/#local-main-organization-logo"},"image":{"@id":"https:\/\/moscheeteppich.net\/en\/galeri\/#local-main-organization-logo"},"address":{"@id":"https:\/\/moscheeteppich.net\/en\/galeri\/#local-main-place-address"},"geo":{"@type":"GeoCoordinates","latitude":"51.52012440287321","longitude":"7.083073803230826"},"telephone":["+49 177 3276 389"],"openingHoursSpecification":[{"@type":"OpeningHoursSpecification","dayOfWeek":["Monday","Tuesday","Wednesday","Thursday","Friday","Saturday","Sunday"],"opens":"09:00","closes":"17:00"}],"email":"info@moscheeteppich.net"},{"@type":"Person","@id":"https:\/\/moscheeteppich.net\/#\/schema\/person\/bb41ec405224e657cf72022ef62c711f","name":"Moscheeteppich-Metin","image":{"@type":"ImageObject","inLanguage":"de","@id":"https:\/\/moscheeteppich.net\/#\/schema\/person\/image\/","url":"https:\/\/secure.gravatar.com\/avatar\/35107ac0e47cbcbcfa7ca45a7c9b38c13972f3597eca9316c825572c4dcbc75b?s=96&d=mm&r=g","contentUrl":"https:\/\/secure.gravatar.com\/avatar\/35107ac0e47cbcbcfa7ca45a7c9b38c13972f3597eca9316c825572c4dcbc75b?s=96&d=mm&r=g","caption":"Moscheeteppich-Metin"},"sameAs":["https:\/\/moscheeteppich.net"],"url":"https:\/\/moscheeteppich.net\/de\/author\/admin\/"},{"@type":"PostalAddress","@id":"https:\/\/moscheeteppich.net\/en\/galeri\/#local-main-place-address","streetAddress":"Meraner Weg 4","addressLocality":"Gelsenkirchen","postalCode":"45881","addressCountry":"DE"},{"@type":"ImageObject","inLanguage":"de","@id":"https:\/\/moscheeteppich.net\/en\/galeri\/#local-main-organization-logo","url":"https:\/\/moscheeteppich.net\/wp-content\/uploads\/2024\/11\/LOGO-1.jpg","contentUrl":"https:\/\/moscheeteppich.net\/wp-content\/uploads\/2024\/11\/LOGO-1.jpg","width":188,"height":68,"caption":"Moschee Teppich"}]},"geo.placename":"Gelsenkirchen","geo.position":{"lat":"51.52012440287321","long":"7.083073803230826"},"geo.region":"Deutschland"},"_links":{"self":[{"href":"https:\/\/moscheeteppich.net\/de\/wp-json\/wp\/v2\/pages\/4432","targetHints":{"allow":["GET"]}}],"collection":[{"href":"https:\/\/moscheeteppich.net\/de\/wp-json\/wp\/v2\/pages"}],"about":[{"href":"https:\/\/moscheeteppich.net\/de\/wp-json\/wp\/v2\/types\/page"}],"author":[{"embeddable":true,"href":"https:\/\/moscheeteppich.net\/de\/wp-json\/wp\/v2\/users\/1"}],"replies":[{"embeddable":true,"href":"https:\/\/moscheeteppich.net\/de\/wp-json\/wp\/v2\/comments?post=4432"}],"version-history":[{"count":0,"href":"https:\/\/moscheeteppich.net\/de\/wp-json\/wp\/v2\/pages\/4432\/revisions"}],"wp:attachment":[{"href":"https:\/\/moscheeteppich.net\/de\/wp-json\/wp\/v2\/media?parent=4432"}],"curies":[{"name":"wp","href":"https:\/\/api.w.org\/{rel}","templated":true}]}}