{"id":4613,"date":"2024-11-02T15:45:14","date_gmt":"2024-11-02T12:45:14","guid":{"rendered":"https:\/\/moscheeteppich.net\/?page_id=4613"},"modified":"2024-11-05T00:33:41","modified_gmt":"2024-11-04T21:33:41","slug":"cami-halilari","status":"publish","type":"page","link":"https:\/\/moscheeteppich.net\/de\/cami-halilari\/","title":{"rendered":"Moscheeteppiche"},"content":{"rendered":"<div class=\"wpb-content-wrapper\"><div class=\"vc_row wpb_row vc_row-fluid\"><div class=\"container\"><div class=\"row\"><div class=\"wpb_column vc_column_container vc_col-sm-12\"><div class=\"vc_column-inner\"><div class=\"wpb_wrapper\"><div class=\"mf-empty-space\" style=\"\"><div class=\"mf_empty_space_lg\"  style=\"height: 80px\"><\/div><div class=\"mf_empty_space_md\"  style=\"height: 25px\"><\/div><div class=\"mf_empty_space_xs\"  style=\"height: 25px\"><\/div><\/div><h2 style=\"font-size: 26px;text-align: left\" class=\"vc_custom_heading vc_do_custom_heading fw-medium vc_custom_1730555981170\" >Moscheeteppiche<\/h2><div class=\"mf-empty-space\" style=\"\"><div class=\"mf_empty_space_lg\"  style=\"height: 20px\"><\/div><div class=\"mf_empty_space_md\"  style=\"height: 25px\"><\/div><div class=\"mf_empty_space_xs\"  style=\"height: 25px\"><\/div><\/div>\n\t<div class=\"wpb_text_column wpb_content_element\" >\n\t\t<div class=\"wpb_wrapper\">\n\t\t\t<h3 style=\"text-align: justify;\">Das Grundelement von Gottesdienstbereichen<\/h3>\n<p style=\"text-align: justify;\">Moscheeteppiche sind ein unverzichtbarer Bestandteil der islamischen Architektur und Kultur. Diese Teppiche, die den Geist von Kultst\u00e4tten widerspiegeln, sind nicht nur ein \u00e4sthetisches Element, sondern auch ein wichtiges Element, das die spirituelle Dimension des Gottesdienstes unterst\u00fctzt. Eine detaillierte Untersuchung der Geschichte, des Designs und der Funktion von Moscheeteppichen wird uns helfen, die Bedeutung dieser besonderen Produkte besser zu verstehen.<\/p>\n<h4 style=\"text-align: justify;\">Geschichte und Entwicklung<\/h4>\n<p style=\"text-align: justify;\">Die Geschichte der Moscheeteppiche entwickelte sich parallel zur Ausbreitung des Islam. Die ersten Moscheeteppiche entstanden als Ausdruck traditioneller Webtechniken in den Regionen, in denen sich islamische Gesellschaften entwickelten. W\u00e4hrend diese Teppiche zun\u00e4chst eine einfache Funktionalit\u00e4t hatten, wurden sie im Laufe der Zeit hinsichtlich \u00c4sthetik und Design reicher. Im Mittelalter, insbesondere in der Zeit des Iran und des Osmanischen Reiches, wurden Moscheeteppiche zu gro\u00dfen Kunstwerken.<\/p>\n<p style=\"text-align: justify;\">Die in dieser Zeit hergestellten Teppiche fielen durch ihre eleganten Muster und leuchtenden Farben auf. W\u00e4hrend traditionelle t\u00fcrkische Teppiche im Allgemeinen mit geometrischen Mustern und Symbolen verziert sind, sind Perserteppiche mit eher geschwungenen und floralen Motiven verziert. Beide Typen haben in den Innenr\u00e4umen von Moscheen eine tiefe kulturelle Bedeutung.<\/p>\n<h4 style=\"text-align: justify;\">Design eines Moscheeteppichs<\/h4>\n<p style=\"text-align: justify;\">Moscheeteppiche werden im Allgemeinen mit Blick auf eine bestimmte \u00c4sthetik und Funktionalit\u00e4t entworfen. Von Teppichen, die in Gottesdienstr\u00e4umen verwendet werden, wird erwartet, dass sie w\u00e4hrend des Gebets eine angenehme Oberfl\u00e4che bieten, nicht verrutschen und lange haltbar sind. Dar\u00fcber hinaus sollten die Farben und Muster der Moscheeteppiche mit der architektonischen Struktur der Moschee kompatibel sein.<\/p>\n<p style=\"text-align: justify;\">Traditionelle Moscheeteppiche sind meist in einer bestimmten Farbpalette gestaltet. Gr\u00fcn-, Blau-, Rot- und Goldt\u00f6ne sind in der islamischen Kunst h\u00e4ufig verwendete Farben. Diese Farben erzeugen ein Gef\u00fchl von Frieden und Ruhe. Muster sind im Allgemeinen mit geometrischen oder floralen Motiven verziert. Diese Designelemente spiegeln den Geist und die tiefe Bedeutung von Moscheen wider.<\/p>\n<h4 style=\"text-align: justify;\">Material und Produktionsprozess<\/h4>\n<p style=\"text-align: justify;\">Moscheeteppiche werden im Allgemeinen aus Wolle, Baumwolle oder synthetischen Materialien hergestellt. Wollteppiche halten dank ihrer nat\u00fcrlichen Struktur warm und sind langlebig. Baumwollteppiche werden bevorzugt, da sie leicht und waschbar sind. In den letzten Jahren haben auch synthetische Materialien zugenommen; Diese Materialien zeichnen sich durch Langlebigkeit und einfache Reinigung aus.<\/p>\n<p style=\"text-align: justify;\">Der Produktionsprozess schafft ein Gleichgewicht zwischen traditionellen Webtechniken und moderner Technologie. W\u00e4hrend handgewebte Teppiche als Handwerk, das Meisterschaft erfordert, wertvoll sind, k\u00f6nnen maschinell hergestellte Teppiche auch gro\u00dfe Massen erreichen und bieten wirtschaftlichere M\u00f6glichkeiten.<\/p>\n<h4 style=\"text-align: justify;\">Funktion und Bedeutung<\/h4>\n<p style=\"text-align: justify;\">Die Funktion von Moscheeteppichen beschr\u00e4nkt sich nicht nur auf die Bereitstellung eines physischen Bodens. W\u00e4hrend des Gottesdienstes vertiefen der Komfort und die \u00c4sthetik, die Teppiche bieten, das spirituelle Erlebnis. Dar\u00fcber hinaus spielen Moscheeteppiche als soziales Symbol eine wichtige Rolle. Die Gestaltung und \u00c4sthetik von Gottesdienstr\u00e4umen unterstreicht die Bedeutung dieser R\u00e4ume, in denen die Gemeinde zusammenkommt.<\/p>\n<p style=\"text-align: justify;\">Moscheeteppiche vermitteln den Menschen beim Gebet ein Gef\u00fchl von Frieden und Ruhe. Es bietet den n\u00f6tigen Komfort beim Stehen, Niederwerfen und Sitzen. Dar\u00fcber hinaus wirkt sich die Reinigung und Pflege von Teppichen positiv auf den spirituellen und spirituellen Zustand der Gl\u00e4ubigen aus. Daher ist es wichtig, Moscheeteppiche regelm\u00e4\u00dfig zu reinigen und zu pflegen.<\/p>\n<h4 style=\"text-align: justify;\">Reinigung und Pflege von Moscheeteppichen<\/h4>\n<p style=\"text-align: justify;\">F\u00fcr die lange Lebensdauer von Moscheeteppichen ist eine regelm\u00e4\u00dfige Pflege unerl\u00e4sslich. Das Reinigen von Teppichen von Staub und Schmutz ist sowohl aus \u00e4sthetischer als auch aus hygienischer Sicht wichtig. Die Teppichreinigung beginnt normalerweise mit einem Staubsauger. F\u00fcr eine gr\u00fcndlichere Reinigung kann es erforderlich sein, professionelle Reinigungsdienste in Anspruch zu nehmen.<\/p>\n<p style=\"text-align: justify;\">Wollteppiche sollten mit einem feuchten Tuch abgewischt und getrocknet werden, da sie nicht wasserbest\u00e4ndig sind. Baumwollteppiche k\u00f6nnen grunds\u00e4tzlich in der Maschine gewaschen werden. Da synthetische Teppiche wasser- und fleckenbest\u00e4ndiger sind, ist der Reinigungsprozess einfacher.<\/p>\n<h4 style=\"text-align: justify;\">Abschluss<\/h4>\n<p style=\"text-align: justify;\">Moscheeteppiche sind nicht nur ein \u00e4sthetisches Element von Gottesdienstr\u00e4umen, sondern auch ein soziales und kulturelles Symbol. Diese Teppiche, die tiefe Spuren islamischer Kunst und Kultur tragen, sind ein wichtiger Bestandteil, der den Geist von Moscheen pr\u00e4gt. Aus hochwertigen Materialien hergestellt und sorgf\u00e4ltig gestaltet, sorgen Moscheeteppiche nicht nur f\u00fcr Komfort und Ruhe w\u00e4hrend des Gottesdienstes, sondern schaffen auch eine soziale Bindung, die die Gemeinschaft zusammenbringt.<\/p>\n<p style=\"text-align: justify;\">Moscheeteppiche werden weiterhin zu den unverzichtbaren Elementen von Gottesh\u00e4usern geh\u00f6ren, als Wert, der sowohl die Spuren der Vergangenheit tr\u00e4gt als auch in die Zukunft tr\u00e4gt. Daher ist die Auswahl und Pflege von Moscheeteppichen f\u00fcr Gl\u00e4ubige von gro\u00dfer Bedeutung. Ein hochwertiger Moscheeteppich bietet sowohl ein \u00e4sthetisches Erscheinungsbild als auch eine vertiefte spirituelle Erfahrung.<\/p>\n\n\t\t<\/div>\n\t<\/div>\n<div class=\"mf-empty-space\" style=\"\"><div class=\"mf_empty_space_lg\"  style=\"height: 60px\"><\/div><div class=\"mf_empty_space_md\"  style=\"height: 25px\"><\/div><div class=\"mf_empty_space_xs\"  style=\"height: 25px\"><\/div><\/div>\n<div class=\"vc_grid-container-wrapper vc_clearfix vc_grid-animation-zoomIn\">\n\t<div class=\"vc_grid-container vc_clearfix wpb_content_element vc_masonry_media_grid\" data-initial-loading-animation=\"zoomIn\" data-vc-grid-settings=\"{&quot;page_id&quot;:4613,&quot;style&quot;:&quot;all-masonry&quot;,&quot;action&quot;:&quot;vc_get_vc_grid_data&quot;,&quot;shortcode_id&quot;:&quot;1730755958113-75622b28fd784f82b302f461311ef25a-10&quot;,&quot;tag&quot;:&quot;vc_masonry_media_grid&quot;}\" data-vc-request=\"https:\/\/moscheeteppich.net\/wp-admin\/admin-ajax.php\" data-vc-post-id=\"4613\" data-vc-public-nonce=\"6c679b3860\">\n\t\t\n\t<\/div>\n<\/div><div class=\"mf-empty-space\" style=\"\"><div class=\"mf_empty_space_lg\"  style=\"height: 60px\"><\/div><div class=\"mf_empty_space_md\"  style=\"height: 25px\"><\/div><div class=\"mf_empty_space_xs\"  style=\"height: 25px\"><\/div><\/div><div class=\"mf-empty-space\" style=\"\"><div class=\"mf_empty_space_lg\"  style=\"height: 60px\"><\/div><div class=\"mf_empty_space_md\"  style=\"height: 25px\"><\/div><div class=\"mf_empty_space_xs\"  style=\"height: 25px\"><\/div><\/div><div class=\"mf-empty-space\" style=\"\"><div class=\"mf_empty_space_lg\"  style=\"height: 15px\"><\/div><div class=\"mf_empty_space_md\"  style=\"height: 15px\"><\/div><div class=\"mf_empty_space_xs\"  style=\"height: 15px\"><\/div><\/div><\/div><\/div><\/div><\/div><\/div><\/div>\n<\/div>","protected":false},"excerpt":{"rendered":"Cami Hal\u0131lar\u0131 \u0130badet Alanlar\u0131n\u0131n Temel Unsuru Cami hal\u0131lar\u0131, \u0130slam mimarisinin ve k\u00fclt\u00fcr\u00fcn\u00fcn vazge\u00e7ilmez bir par\u00e7as\u0131d\u0131r. \u0130badet alanlar\u0131n\u0131n ruhunu yans\u0131tan bu hal\u0131lar, sadece estetik bir \u00f6\u011fe de\u011fil, ayn\u0131 zamanda ibadetin manevi boyutunu da destekleyen \u00f6nemli bir unsurdur. Cami hal\u0131lar\u0131n\u0131n tarih\u00e7esi, tasar\u0131m\u0131 ve i\u015flevi \u00fczerine detayl\u0131 bir inceleme yapmak, bu \u00f6zel \u00fcr\u00fcnlerin \u00f6nemini daha iyi anlamam\u0131za yard\u0131mc\u0131 [...]","protected":false},"author":1,"featured_media":0,"parent":0,"menu_order":0,"comment_status":"closed","ping_status":"closed","template":"template-fullwidth.php","meta":{"_themeisle_gutenberg_block_has_review":false,"footnotes":""},"class_list":["post-4613","page","type-page","status-publish","hentry","no-thumb"],"yoast_head":"<!-- This site is optimized with the Yoast SEO Premium plugin v20.6 (Yoast SEO v26.6) - https:\/\/yoast.com\/wordpress\/plugins\/seo\/ -->\n<title>Cami Hal\u0131lar\u0131 - Moschee Teppich<\/title>\n<meta name=\"description\" content=\"Cami Hal\u0131lar\u0131\" \/>\n<meta name=\"robots\" content=\"index, follow, max-snippet:-1, max-image-preview:large, max-video-preview:-1\" \/>\n<link rel=\"canonical\" href=\"https:\/\/moscheeteppich.net\/de\/cami-halilari\/\" \/>\n<meta property=\"og:locale\" content=\"de_DE\" \/>\n<meta property=\"og:type\" content=\"article\" \/>\n<meta property=\"og:title\" content=\"Cami Hal\u0131lar\u0131\" \/>\n<meta property=\"og:description\" content=\"Cami Hal\u0131lar\u0131\" \/>\n<meta property=\"og:url\" content=\"https:\/\/moscheeteppich.net\/de\/cami-halilari\/\" \/>\n<meta property=\"og:site_name\" content=\"Moschee Teppich\" \/>\n<meta property=\"article:modified_time\" content=\"2024-11-04T21:33:41+00:00\" \/>\n<meta property=\"og:image\" content=\"https:\/\/moscheeteppich.net\/wp-content\/uploads\/2024\/11\/LOGO-1.jpg\" \/>\n\t<meta property=\"og:image:width\" content=\"188\" \/>\n\t<meta property=\"og:image:height\" content=\"68\" \/>\n\t<meta property=\"og:image:type\" content=\"image\/jpeg\" \/>\n<meta name=\"twitter:card\" content=\"summary_large_image\" \/>\n<meta name=\"twitter:label1\" content=\"Gesch\u00e4tzte Lesezeit\" \/>\n\t<meta name=\"twitter:data1\" content=\"3\u00a0Minuten\" \/>\n<script type=\"application\/ld+json\" class=\"yoast-schema-graph\">{\"@context\":\"https:\/\/schema.org\",\"@graph\":[{\"@type\":\"Article\",\"@id\":\"https:\/\/moscheeteppich.net\/cami-halilari\/#article\",\"isPartOf\":{\"@id\":\"https:\/\/moscheeteppich.net\/cami-halilari\/\"},\"author\":{\"name\":\"Moscheeteppich-Metin\",\"@id\":\"https:\/\/moscheeteppich.net\/#\/schema\/person\/bb41ec405224e657cf72022ef62c711f\"},\"headline\":\"Cami Hal\u0131lar\u0131\",\"datePublished\":\"2024-11-02T12:45:14+00:00\",\"dateModified\":\"2024-11-04T21:33:41+00:00\",\"mainEntityOfPage\":{\"@id\":\"https:\/\/moscheeteppich.net\/cami-halilari\/\"},\"wordCount\":1009,\"publisher\":{\"@id\":\"https:\/\/moscheeteppich.net\/#organization\"},\"inLanguage\":\"de\"},{\"@type\":\"WebPage\",\"@id\":\"https:\/\/moscheeteppich.net\/cami-halilari\/\",\"url\":\"https:\/\/moscheeteppich.net\/cami-halilari\/\",\"name\":\"Cami Hal\u0131lar\u0131 - Moschee Teppich\",\"isPartOf\":{\"@id\":\"https:\/\/moscheeteppich.net\/#website\"},\"datePublished\":\"2024-11-02T12:45:14+00:00\",\"dateModified\":\"2024-11-04T21:33:41+00:00\",\"description\":\"Cami Hal\u0131lar\u0131\",\"breadcrumb\":{\"@id\":\"https:\/\/moscheeteppich.net\/cami-halilari\/#breadcrumb\"},\"inLanguage\":\"de\",\"potentialAction\":[{\"@type\":\"ReadAction\",\"target\":[\"https:\/\/moscheeteppich.net\/cami-halilari\/\"]}]},{\"@type\":\"BreadcrumbList\",\"@id\":\"https:\/\/moscheeteppich.net\/cami-halilari\/#breadcrumb\",\"itemListElement\":[{\"@type\":\"ListItem\",\"position\":1,\"name\":\"Anasayfa\",\"item\":\"https:\/\/moscheeteppich.net\/\"},{\"@type\":\"ListItem\",\"position\":2,\"name\":\"Cami Hal\u0131lar\u0131\"}]},{\"@type\":\"WebSite\",\"@id\":\"https:\/\/moscheeteppich.net\/#website\",\"url\":\"https:\/\/moscheeteppich.net\/\",\"name\":\"https:\/\/moscheeteppich.net\/\",\"description\":\"Moschee Teppich\",\"publisher\":{\"@id\":\"https:\/\/moscheeteppich.net\/#organization\"},\"potentialAction\":[{\"@type\":\"SearchAction\",\"target\":{\"@type\":\"EntryPoint\",\"urlTemplate\":\"https:\/\/moscheeteppich.net\/?s={search_term_string}\"},\"query-input\":{\"@type\":\"PropertyValueSpecification\",\"valueRequired\":true,\"valueName\":\"search_term_string\"}}],\"inLanguage\":\"de\"},{\"@type\":[\"Organization\",\"Place\",\"LocalBusiness\"],\"@id\":\"https:\/\/moscheeteppich.net\/#organization\",\"name\":\"Moschee Teppich\",\"alternateName\":\"Moschee Teppich\",\"url\":\"https:\/\/moscheeteppich.net\/\",\"logo\":{\"@id\":\"https:\/\/moscheeteppich.net\/cami-halilari\/#local-main-organization-logo\"},\"image\":{\"@id\":\"https:\/\/moscheeteppich.net\/cami-halilari\/#local-main-organization-logo\"},\"address\":{\"@id\":\"https:\/\/moscheeteppich.net\/cami-halilari\/#local-main-place-address\"},\"geo\":{\"@type\":\"GeoCoordinates\",\"latitude\":\"51.52012440287321\",\"longitude\":\"7.083073803230826\"},\"telephone\":[\"+49 177 3276 389\"],\"openingHoursSpecification\":[{\"@type\":\"OpeningHoursSpecification\",\"dayOfWeek\":[\"Monday\",\"Tuesday\",\"Wednesday\",\"Thursday\",\"Friday\",\"Saturday\",\"Sunday\"],\"opens\":\"09:00\",\"closes\":\"17:00\"}],\"email\":\"info@moscheeteppich.net\"},{\"@type\":\"Person\",\"@id\":\"https:\/\/moscheeteppich.net\/#\/schema\/person\/bb41ec405224e657cf72022ef62c711f\",\"name\":\"Moscheeteppich-Metin\",\"image\":{\"@type\":\"ImageObject\",\"inLanguage\":\"de\",\"@id\":\"https:\/\/moscheeteppich.net\/#\/schema\/person\/image\/\",\"url\":\"https:\/\/secure.gravatar.com\/avatar\/35107ac0e47cbcbcfa7ca45a7c9b38c13972f3597eca9316c825572c4dcbc75b?s=96&d=mm&r=g\",\"contentUrl\":\"https:\/\/secure.gravatar.com\/avatar\/35107ac0e47cbcbcfa7ca45a7c9b38c13972f3597eca9316c825572c4dcbc75b?s=96&d=mm&r=g\",\"caption\":\"Moscheeteppich-Metin\"},\"sameAs\":[\"https:\/\/moscheeteppich.net\"],\"url\":\"https:\/\/moscheeteppich.net\/de\/author\/admin\/\"},{\"@type\":\"PostalAddress\",\"@id\":\"https:\/\/moscheeteppich.net\/cami-halilari\/#local-main-place-address\",\"streetAddress\":\"Meraner Weg 4\",\"addressLocality\":\"Gelsenkirchen\",\"postalCode\":\"45881\",\"addressCountry\":\"DE\"},{\"@type\":\"ImageObject\",\"inLanguage\":\"de\",\"@id\":\"https:\/\/moscheeteppich.net\/cami-halilari\/#local-main-organization-logo\",\"url\":\"https:\/\/moscheeteppich.net\/wp-content\/uploads\/2024\/11\/LOGO-1.jpg\",\"contentUrl\":\"https:\/\/moscheeteppich.net\/wp-content\/uploads\/2024\/11\/LOGO-1.jpg\",\"width\":188,\"height\":68,\"caption\":\"Moschee Teppich\"}]}<\/script>\n<meta name=\"geo.placename\" content=\"Gelsenkirchen\" \/>\n<meta name=\"geo.position\" content=\"51.52012440287321;7.083073803230826\" \/>\n<meta name=\"geo.region\" content=\"Deutschland\" \/>\n<!-- \/ Yoast SEO Premium plugin. -->","yoast_head_json":{"title":"Cami Hal\u0131lar\u0131 - Moschee Teppich","description":"Moscheeteppiche","robots":{"index":"index","follow":"follow","max-snippet":"max-snippet:-1","max-image-preview":"max-image-preview:large","max-video-preview":"max-video-preview:-1"},"canonical":"https:\/\/moscheeteppich.net\/de\/cami-halilari\/","og_locale":"de_DE","og_type":"article","og_title":"Cami Hal\u0131lar\u0131","og_description":"Cami Hal\u0131lar\u0131","og_url":"https:\/\/moscheeteppich.net\/de\/cami-halilari\/","og_site_name":"Moschee Teppich","article_modified_time":"2024-11-04T21:33:41+00:00","og_image":[{"width":188,"height":68,"url":"https:\/\/moscheeteppich.net\/wp-content\/uploads\/2024\/11\/LOGO-1.jpg","type":"image\/jpeg"}],"twitter_card":"summary_large_image","twitter_misc":{"Gesch\u00e4tzte Lesezeit":"3\u00a0Minuten"},"schema":{"@context":"https:\/\/schema.org","@graph":[{"@type":"Article","@id":"https:\/\/moscheeteppich.net\/cami-halilari\/#article","isPartOf":{"@id":"https:\/\/moscheeteppich.net\/cami-halilari\/"},"author":{"name":"Moscheeteppich-Metin","@id":"https:\/\/moscheeteppich.net\/#\/schema\/person\/bb41ec405224e657cf72022ef62c711f"},"headline":"Cami Hal\u0131lar\u0131","datePublished":"2024-11-02T12:45:14+00:00","dateModified":"2024-11-04T21:33:41+00:00","mainEntityOfPage":{"@id":"https:\/\/moscheeteppich.net\/cami-halilari\/"},"wordCount":1009,"publisher":{"@id":"https:\/\/moscheeteppich.net\/#organization"},"inLanguage":"de"},{"@type":"WebPage","@id":"https:\/\/moscheeteppich.net\/cami-halilari\/","url":"https:\/\/moscheeteppich.net\/cami-halilari\/","name":"Cami Hal\u0131lar\u0131 - Moschee Teppich","isPartOf":{"@id":"https:\/\/moscheeteppich.net\/#website"},"datePublished":"2024-11-02T12:45:14+00:00","dateModified":"2024-11-04T21:33:41+00:00","description":"Moscheeteppiche","breadcrumb":{"@id":"https:\/\/moscheeteppich.net\/cami-halilari\/#breadcrumb"},"inLanguage":"de","potentialAction":[{"@type":"ReadAction","target":["https:\/\/moscheeteppich.net\/cami-halilari\/"]}]},{"@type":"BreadcrumbList","@id":"https:\/\/moscheeteppich.net\/cami-halilari\/#breadcrumb","itemListElement":[{"@type":"ListItem","position":1,"name":"Anasayfa","item":"https:\/\/moscheeteppich.net\/"},{"@type":"ListItem","position":2,"name":"Cami Hal\u0131lar\u0131"}]},{"@type":"WebSite","@id":"https:\/\/moscheeteppich.net\/#website","url":"https:\/\/moscheeteppich.net\/","name":"https:\/\/moscheeteppich.net\/de\/","description":"Moschee Teppich","publisher":{"@id":"https:\/\/moscheeteppich.net\/#organization"},"potentialAction":[{"@type":"SearchAction","target":{"@type":"EntryPoint","urlTemplate":"https:\/\/moscheeteppich.net\/?s={search_term_string}"},"query-input":{"@type":"PropertyValueSpecification","valueRequired":true,"valueName":"search_term_string"}}],"inLanguage":"de"},{"@type":["Organization","Place","LocalBusiness"],"@id":"https:\/\/moscheeteppich.net\/#organization","name":"Moschee Teppich","alternateName":"Moschee Teppich","url":"https:\/\/moscheeteppich.net\/","logo":{"@id":"https:\/\/moscheeteppich.net\/cami-halilari\/#local-main-organization-logo"},"image":{"@id":"https:\/\/moscheeteppich.net\/cami-halilari\/#local-main-organization-logo"},"address":{"@id":"https:\/\/moscheeteppich.net\/cami-halilari\/#local-main-place-address"},"geo":{"@type":"GeoCoordinates","latitude":"51.52012440287321","longitude":"7.083073803230826"},"telephone":["+49 177 3276 389"],"openingHoursSpecification":[{"@type":"OpeningHoursSpecification","dayOfWeek":["Monday","Tuesday","Wednesday","Thursday","Friday","Saturday","Sunday"],"opens":"09:00","closes":"17:00"}],"email":"info@moscheeteppich.net"},{"@type":"Person","@id":"https:\/\/moscheeteppich.net\/#\/schema\/person\/bb41ec405224e657cf72022ef62c711f","name":"Moscheeteppich-Metin","image":{"@type":"ImageObject","inLanguage":"de","@id":"https:\/\/moscheeteppich.net\/#\/schema\/person\/image\/","url":"https:\/\/secure.gravatar.com\/avatar\/35107ac0e47cbcbcfa7ca45a7c9b38c13972f3597eca9316c825572c4dcbc75b?s=96&d=mm&r=g","contentUrl":"https:\/\/secure.gravatar.com\/avatar\/35107ac0e47cbcbcfa7ca45a7c9b38c13972f3597eca9316c825572c4dcbc75b?s=96&d=mm&r=g","caption":"Moscheeteppich-Metin"},"sameAs":["https:\/\/moscheeteppich.net"],"url":"https:\/\/moscheeteppich.net\/de\/author\/admin\/"},{"@type":"PostalAddress","@id":"https:\/\/moscheeteppich.net\/cami-halilari\/#local-main-place-address","streetAddress":"Meraner Weg 4","addressLocality":"Gelsenkirchen","postalCode":"45881","addressCountry":"DE"},{"@type":"ImageObject","inLanguage":"de","@id":"https:\/\/moscheeteppich.net\/cami-halilari\/#local-main-organization-logo","url":"https:\/\/moscheeteppich.net\/wp-content\/uploads\/2024\/11\/LOGO-1.jpg","contentUrl":"https:\/\/moscheeteppich.net\/wp-content\/uploads\/2024\/11\/LOGO-1.jpg","width":188,"height":68,"caption":"Moschee Teppich"}]},"geo.placename":"Gelsenkirchen","geo.position":{"lat":"51.52012440287321","long":"7.083073803230826"},"geo.region":"Deutschland"},"_links":{"self":[{"href":"https:\/\/moscheeteppich.net\/de\/wp-json\/wp\/v2\/pages\/4613","targetHints":{"allow":["GET"]}}],"collection":[{"href":"https:\/\/moscheeteppich.net\/de\/wp-json\/wp\/v2\/pages"}],"about":[{"href":"https:\/\/moscheeteppich.net\/de\/wp-json\/wp\/v2\/types\/page"}],"author":[{"embeddable":true,"href":"https:\/\/moscheeteppich.net\/de\/wp-json\/wp\/v2\/users\/1"}],"replies":[{"embeddable":true,"href":"https:\/\/moscheeteppich.net\/de\/wp-json\/wp\/v2\/comments?post=4613"}],"version-history":[{"count":0,"href":"https:\/\/moscheeteppich.net\/de\/wp-json\/wp\/v2\/pages\/4613\/revisions"}],"wp:attachment":[{"href":"https:\/\/moscheeteppich.net\/de\/wp-json\/wp\/v2\/media?parent=4613"}],"curies":[{"name":"wp","href":"https:\/\/api.w.org\/{rel}","templated":true}]}}