{"id":4617,"date":"2024-11-02T15:48:46","date_gmt":"2024-11-02T12:48:46","guid":{"rendered":"https:\/\/moscheeteppich.net\/?page_id=4617"},"modified":"2024-11-05T00:56:21","modified_gmt":"2024-11-04T21:56:21","slug":"yurt-halilari","status":"publish","type":"page","link":"https:\/\/moscheeteppich.net\/de\/yurt-halilari\/","title":{"rendered":"Schlafsaalteppiche"},"content":{"rendered":"<div class=\"wpb-content-wrapper\"><div class=\"vc_row wpb_row vc_row-fluid\"><div class=\"container\"><div class=\"row\"><div class=\"wpb_column vc_column_container vc_col-sm-12\"><div class=\"vc_column-inner\"><div class=\"wpb_wrapper\"><div class=\"mf-empty-space\" style=\"\"><div class=\"mf_empty_space_lg\"  style=\"height: 80px\"><\/div><div class=\"mf_empty_space_md\"  style=\"height: 25px\"><\/div><div class=\"mf_empty_space_xs\"  style=\"height: 25px\"><\/div><\/div><h2 style=\"font-size: 26px;text-align: left\" class=\"vc_custom_heading vc_do_custom_heading fw-medium vc_custom_1730554955496\" >Schlafsaalteppiche<\/h2><div class=\"mf-empty-space\" style=\"\"><div class=\"mf_empty_space_lg\"  style=\"height: 20px\"><\/div><div class=\"mf_empty_space_md\"  style=\"height: 25px\"><\/div><div class=\"mf_empty_space_xs\"  style=\"height: 25px\"><\/div><\/div>\n\t<div class=\"wpb_text_column wpb_content_element\" >\n\t\t<div class=\"wpb_wrapper\">\n\t\t\t<h3 style=\"text-align: justify;\">Teppiche in Schlafs\u00e4len: Der Treffpunkt von Komfort und \u00c4sthetik<\/h3>\n<p style=\"text-align: justify;\">Wohnheime sind ein wichtiger Teil des Studentenlebens und spielen eine entscheidende Rolle f\u00fcr die soziale, akademische und kulturelle Entwicklung junger Menschen. Teppiche in Wohnheimen sind eines der Elemente, die den Komfort dieser Wohnr\u00e4ume erh\u00f6hen und eine \u00e4sthetische Atmosph\u00e4re schaffen. Die Bedeutung von Teppichen im Wohnheimleben ist sowohl im Hinblick auf den physischen Komfort als auch auf die psychologische Wirkung von gro\u00dfer Bedeutung.<\/p>\n<h4 style=\"text-align: justify;\">Die Bedeutung von Wohnheimteppichen<\/h4>\n<p style=\"text-align: justify;\">Wohnheimteppiche zeichnen sich nicht nur als Bodenbelag aus, sondern sind auch ein wichtiges Element, das die Atmosph\u00e4re des Wohnheimlebens bestimmt. Ausgew\u00e4hlte Teppiche machen Wohnr\u00e4ume w\u00e4rmer und einladender. Dar\u00fcber hinaus sind Wohnheime h\u00e4ufig Orte mit hoher Studentenkonzentration; Daher ist es auch wichtig, dass die Teppiche langlebig und pflegeleicht sind.<\/p>\n<p style=\"text-align: justify;\">Teppiche werden in Schlafs\u00e4len, Fluren und \u00f6ffentlichen Bereichen verwendet, um die Schalld\u00e4mmung zu unterst\u00fctzen und f\u00fcr eine ruhigere Umgebung beim Gehen zu sorgen. Diese Funktion schafft eine produktivere Umgebung, indem sie L\u00e4rm reduziert, der die Sch\u00fcler ablenkt, insbesondere beim Lernen oder Entspannen.<\/p>\n<h4 style=\"text-align: justify;\">Materialauswahl<\/h4>\n<p style=\"text-align: justify;\">Yurtlarda kullan\u0131lan hal\u0131lar\u0131n malzeme se\u00e7imi, dayan\u0131kl\u0131l\u0131k ve konfor a\u00e7\u0131s\u0131ndan b\u00fcy\u00fck bir \u00f6neme sahiptir. Genellikle yurt hal\u0131lar\u0131, y\u00fcn, polyester, akrilik veya kar\u0131\u015f\u0131k elyaflardan \u00fcretilir.<\/p>\n<ol style=\"text-align: justify;\">\n<li><strong>Wollteppiche:<\/strong>\u00a0Wolle, ein Naturmaterial, f\u00e4llt durch seine w\u00e4rmespeichernde Eigenschaft auf. Wollteppiche nehmen Feuchtigkeit gut auf und halten bei hei\u00dfem Wetter k\u00fchl. Allerdings kann die Pflege von Wollteppichen etwas schwieriger sein.<\/li>\n<li><strong>Polyesterteppiche:<\/strong>\u00a0Polyester ist eine kosteng\u00fcnstige und langlebige Option und wird in Wohnheimen im Allgemeinen bevorzugt. Dank seiner Wasser- und Fleckenbest\u00e4ndigkeit ist es ein Material, das f\u00fcr den intensiven Gebrauch geeignet ist. Polyesterteppiche sind au\u00dferdem leicht zu reinigen und langlebig.<\/li>\n<li><strong>Acrylteppiche:<\/strong>\u00a0W\u00e4hrend Acryl ein nat\u00fcrliches Aussehen wie Wolle bietet, ist es als synthetisches Material auch langlebig. Seine Farben sind best\u00e4ndig gegen Ausbleichen und es ist sehr pflegeleicht. In Wohnheimen ist dies im Allgemeinen eine weithin bevorzugte Option.<\/li>\n<li><strong>Mischfasern:<\/strong>\u00a0Mischfasern, die durch die Kombination verschiedener Materialien entstehen, fallen sowohl durch ihre Haltbarkeit als auch durch ihr \u00e4sthetisches Erscheinungsbild auf. Sie zeichnen sich oft als kosteng\u00fcnstige Option aus.<\/li>\n<\/ol>\n<h4 style=\"text-align: justify;\">Design und \u00c4sthetik<\/h4>\n<p style=\"text-align: justify;\">Das Design von Wohnheimteppichen beeinflusst die Gesamtatmosph\u00e4re des Wohnheimlebens. W\u00e4hrend moderne, farbenfrohe und dynamische Muster die Energie junger Menschen widerspiegeln, sorgen schlichte und neutrale T\u00f6ne f\u00fcr eine ruhige Atmosph\u00e4re. In verschiedenen Bereichen der Wohnheime k\u00f6nnen unterschiedliche Gestaltungsvorlieben zum Einsatz kommen:<\/p>\n<ul style=\"text-align: justify;\">\n<li><strong>Zimmerteppiche:<\/strong>\u00a0Teppiche in Studentenzimmern haben im Allgemeinen w\u00e4rmere Farbt\u00f6ne. Diese Teppiche geben den Sch\u00fclern das Gef\u00fchl, zu Hause zu sein.<\/li>\n<li><strong>Flurteppiche:<\/strong>\u00a0Teppiche, die in Wohnheimfluren verwendet werden, zeichnen sich dadurch aus, dass sie langlebig und leicht zu reinigen sind. Im Allgemeinen werden dunkle Farben und geometrische Muster bevorzugt; Dadurch sind Flecken weniger sichtbar.<\/li>\n<li><strong>Teppiche f\u00fcr Gemeinschaftsbereiche:<\/strong>\u00a0In Gemeinschaftsbereichen wie K\u00fcchen, Wohnzimmern und Erholungsbereichen k\u00f6nnen lebendigere und farbenfrohere Teppiche verwendet werden. Dies erh\u00f6ht die soziale Interaktion und macht den Raum einladender.<\/li>\n<\/ul>\n<h4 style=\"text-align: justify;\">Reinigung und Wartung<\/h4>\n<p style=\"text-align: justify;\">Die Reinigung und Pflege von Wohnheimteppichen ist sowohl aus hygienischer als auch aus \u00e4sthetischer Sicht von gro\u00dfer Bedeutung. In Gebieten mit hoher Studentendichte ist die regelm\u00e4\u00dfige Reinigung von Teppichen ein entscheidender Schritt zur Reduzierung von Allergenen und Keimen.<\/p>\n<p style=\"text-align: justify;\">F\u00fcr die Teppichpflege werden folgende Schritte empfohlen:<\/p>\n<ol style=\"text-align: justify;\">\n<li><strong>Regelm\u00e4\u00dfiges Staubsaugen:<\/strong>\u00a0Teppiche sollten mindestens einmal pro Woche gesaugt werden, um Staub und Schmutz zu entfernen. Besonders in \u00fcberf\u00fcllten Umgebungen wie Schlafs\u00e4len ist dieser Prozess wichtig, um eine hygienische Umgebung zu gew\u00e4hrleisten.<\/li>\n<li><strong>Fleckenreinigung:<\/strong>\u00a0Flecken auf Teppichen k\u00f6nnen dauerhaft werden, wenn sie nicht sofort behandelt werden. Wenn ein Fleck auftritt, sollte dieser so schnell wie m\u00f6glich mit geeigneten Reinigungsmitteln behandelt werden.<\/li>\n<li><strong>Professionelle Reinigung:<\/strong>\u00a0Die regelm\u00e4\u00dfige Inanspruchnahme professioneller Teppichreinigungsdienste verl\u00e4ngert die Lebensdauer von Teppichen und sorgt f\u00fcr eine gr\u00fcndliche Reinigung. Dieser Prozess tr\u00e4gt dazu bei, dass die Teppiche ihre leuchtenden Farben behalten.<\/li>\n<\/ol>\n<h4 style=\"text-align: justify;\">Psychologische Wirkung von Wohnheimteppichen<\/h4>\n<p style=\"text-align: justify;\">Eine weitere wichtige Dimension von Teppichen im Wohnheimleben ist ihre psychologische Wirkung. Eine warme und einladende Umgebung kann den Stresspegel der Sch\u00fcler reduzieren und die soziale Interaktion f\u00f6rdern. Die Farbe und das Muster von Teppichen k\u00f6nnen die Stimmung der Sch\u00fcler beeinflussen; W\u00e4hrend leuchtende Farben f\u00fcr Energie und Motivation sorgen, k\u00f6nnen ruhigere T\u00f6ne ein Gef\u00fchl von Frieden und Gelassenheit vermitteln.<\/p>\n<p style=\"text-align: justify;\">Insbesondere in Lern- und Ruhebereichen kann der Komfort von Teppichen die Produktivit\u00e4t der Studierenden steigern. Ein weicher Boden erm\u00f6glicht es den Sch\u00fclern, ihre Zeit bequem zu verbringen.<\/p>\n<h4 style=\"text-align: justify;\">Abschluss<\/h4>\n<p style=\"text-align: justify;\">In Schlafs\u00e4len verwendete Teppiche spielen sowohl im Hinblick auf den physischen Komfort als auch auf die \u00c4sthetik eine wichtige Rolle. Haltbarkeit, Materialauswahl und Design sind Faktoren, die die Lebensqualit\u00e4t im Wohnheim beeinflussen. Dar\u00fcber hinaus kann sich der Komfort, den Teppiche bieten, positiv auf das soziale und akademische Leben der Studierenden auswirken.<\/p>\n<p style=\"text-align: justify;\">Die regelm\u00e4\u00dfige Pflege von Teppichen ist aus hygienischer und \u00e4sthetischer Sicht wichtig. Wenn die Wohnheimverwaltung daher bei der Auswahl und Pflege der Teppiche sorgf\u00e4ltig vorgeht, erh\u00f6ht dies die Lebensqualit\u00e4t im Wohnheim. Daher sind die in den Wohnheimen verwendeten Teppiche nicht nur Bodenbel\u00e4ge, sondern auch ein wichtiges Element, das den Geist der Wohnr\u00e4ume der Studierenden widerspiegelt.<\/p>\n\n\t\t<\/div>\n\t<\/div>\n<div class=\"mf-empty-space\" style=\"\"><div class=\"mf_empty_space_lg\"  style=\"height: 60px\"><\/div><div class=\"mf_empty_space_md\"  style=\"height: 25px\"><\/div><div class=\"mf_empty_space_xs\"  style=\"height: 25px\"><\/div><\/div>\n<div class=\"vc_grid-container-wrapper vc_clearfix vc_grid-animation-zoomIn\">\n\t<div class=\"vc_grid-container vc_clearfix wpb_content_element vc_masonry_media_grid\" data-initial-loading-animation=\"zoomIn\" data-vc-grid-settings=\"{&quot;page_id&quot;:4617,&quot;style&quot;:&quot;all-masonry&quot;,&quot;action&quot;:&quot;vc_get_vc_grid_data&quot;,&quot;shortcode_id&quot;:&quot;1730757363630-7844c564d033c21a372c8c5a5748f8e8-3&quot;,&quot;tag&quot;:&quot;vc_masonry_media_grid&quot;}\" data-vc-request=\"https:\/\/moscheeteppich.net\/wp-admin\/admin-ajax.php\" data-vc-post-id=\"4617\" data-vc-public-nonce=\"6c679b3860\">\n\t\t\n\t<\/div>\n<\/div><div class=\"mf-empty-space\" style=\"\"><div class=\"mf_empty_space_lg\"  style=\"height: 60px\"><\/div><div class=\"mf_empty_space_md\"  style=\"height: 25px\"><\/div><div class=\"mf_empty_space_xs\"  style=\"height: 25px\"><\/div><\/div><div class=\"mf-empty-space\" style=\"\"><div class=\"mf_empty_space_lg\"  style=\"height: 60px\"><\/div><div class=\"mf_empty_space_md\"  style=\"height: 25px\"><\/div><div class=\"mf_empty_space_xs\"  style=\"height: 25px\"><\/div><\/div><div class=\"mf-empty-space\" style=\"\"><div class=\"mf_empty_space_lg\"  style=\"height: 15px\"><\/div><div class=\"mf_empty_space_md\"  style=\"height: 15px\"><\/div><div class=\"mf_empty_space_xs\"  style=\"height: 15px\"><\/div><\/div><\/div><\/div><\/div><\/div><\/div><\/div>\n<\/div>","protected":false},"excerpt":{"rendered":"Yurt Hal\u0131lar\u0131 Yurtlarda Kullan\u0131lan Hal\u0131lar: Konfor ve Esteti\u011fin Bulu\u015fma Noktas\u0131 Yurtlar, \u00f6\u011frenci hayat\u0131n\u0131n \u00f6nemli bir par\u00e7as\u0131n\u0131 olu\u015fturur ve gen\u00e7lerin sosyal, akademik ve k\u00fclt\u00fcrel geli\u015fimlerinde kritik bir rol oynar. Yurtlarda kullan\u0131lan hal\u0131lar, bu ya\u015fam alanlar\u0131n\u0131n konforunu art\u0131ran ve estetik bir atmosfer yaratan unsurlardan biridir. Hal\u0131lar\u0131n yurt ya\u015fam\u0131ndaki \u00f6nemi, hem fiziksel konfor hem de psikolojik etki a\u00e7\u0131s\u0131ndan [...]","protected":false},"author":1,"featured_media":0,"parent":0,"menu_order":0,"comment_status":"closed","ping_status":"closed","template":"template-fullwidth.php","meta":{"_themeisle_gutenberg_block_has_review":false,"footnotes":""},"class_list":["post-4617","page","type-page","status-publish","hentry","no-thumb"],"yoast_head":"<!-- This site is optimized with the Yoast SEO Premium plugin v20.6 (Yoast SEO v26.6) - https:\/\/yoast.com\/wordpress\/plugins\/seo\/ -->\n<title>Yurt Hal\u0131lar\u0131 - Moschee Teppich<\/title>\n<meta name=\"description\" content=\"Yurt Hal\u0131lar\u0131\" \/>\n<meta name=\"robots\" content=\"index, follow, max-snippet:-1, max-image-preview:large, max-video-preview:-1\" \/>\n<link rel=\"canonical\" href=\"https:\/\/moscheeteppich.net\/de\/yurt-halilari\/\" \/>\n<meta property=\"og:locale\" content=\"de_DE\" \/>\n<meta property=\"og:type\" content=\"article\" \/>\n<meta property=\"og:title\" content=\"Yurt Hal\u0131lar\u0131\" \/>\n<meta property=\"og:description\" content=\"Yurt Hal\u0131lar\u0131\" \/>\n<meta property=\"og:url\" content=\"https:\/\/moscheeteppich.net\/de\/yurt-halilari\/\" \/>\n<meta property=\"og:site_name\" content=\"Moschee Teppich\" \/>\n<meta property=\"article:modified_time\" content=\"2024-11-04T21:56:21+00:00\" \/>\n<meta property=\"og:image\" content=\"https:\/\/moscheeteppich.net\/wp-content\/uploads\/2024\/11\/LOGO-1.jpg\" \/>\n\t<meta property=\"og:image:width\" content=\"188\" \/>\n\t<meta property=\"og:image:height\" content=\"68\" \/>\n\t<meta property=\"og:image:type\" content=\"image\/jpeg\" \/>\n<meta name=\"twitter:card\" content=\"summary_large_image\" \/>\n<meta name=\"twitter:label1\" content=\"Gesch\u00e4tzte Lesezeit\" \/>\n\t<meta name=\"twitter:data1\" content=\"3\u00a0Minuten\" \/>\n<script type=\"application\/ld+json\" class=\"yoast-schema-graph\">{\"@context\":\"https:\/\/schema.org\",\"@graph\":[{\"@type\":\"Article\",\"@id\":\"https:\/\/moscheeteppich.net\/yurt-halilari\/#article\",\"isPartOf\":{\"@id\":\"https:\/\/moscheeteppich.net\/yurt-halilari\/\"},\"author\":{\"name\":\"Moscheeteppich-Metin\",\"@id\":\"https:\/\/moscheeteppich.net\/#\/schema\/person\/bb41ec405224e657cf72022ef62c711f\"},\"headline\":\"Yurt Hal\u0131lar\u0131\",\"datePublished\":\"2024-11-02T12:48:46+00:00\",\"dateModified\":\"2024-11-04T21:56:21+00:00\",\"mainEntityOfPage\":{\"@id\":\"https:\/\/moscheeteppich.net\/yurt-halilari\/\"},\"wordCount\":1119,\"publisher\":{\"@id\":\"https:\/\/moscheeteppich.net\/#organization\"},\"inLanguage\":\"de\"},{\"@type\":\"WebPage\",\"@id\":\"https:\/\/moscheeteppich.net\/yurt-halilari\/\",\"url\":\"https:\/\/moscheeteppich.net\/yurt-halilari\/\",\"name\":\"Yurt Hal\u0131lar\u0131 - Moschee Teppich\",\"isPartOf\":{\"@id\":\"https:\/\/moscheeteppich.net\/#website\"},\"datePublished\":\"2024-11-02T12:48:46+00:00\",\"dateModified\":\"2024-11-04T21:56:21+00:00\",\"description\":\"Yurt Hal\u0131lar\u0131\",\"breadcrumb\":{\"@id\":\"https:\/\/moscheeteppich.net\/yurt-halilari\/#breadcrumb\"},\"inLanguage\":\"de\",\"potentialAction\":[{\"@type\":\"ReadAction\",\"target\":[\"https:\/\/moscheeteppich.net\/yurt-halilari\/\"]}]},{\"@type\":\"BreadcrumbList\",\"@id\":\"https:\/\/moscheeteppich.net\/yurt-halilari\/#breadcrumb\",\"itemListElement\":[{\"@type\":\"ListItem\",\"position\":1,\"name\":\"Anasayfa\",\"item\":\"https:\/\/moscheeteppich.net\/\"},{\"@type\":\"ListItem\",\"position\":2,\"name\":\"Yurt Hal\u0131lar\u0131\"}]},{\"@type\":\"WebSite\",\"@id\":\"https:\/\/moscheeteppich.net\/#website\",\"url\":\"https:\/\/moscheeteppich.net\/\",\"name\":\"https:\/\/moscheeteppich.net\/\",\"description\":\"Moschee Teppich\",\"publisher\":{\"@id\":\"https:\/\/moscheeteppich.net\/#organization\"},\"potentialAction\":[{\"@type\":\"SearchAction\",\"target\":{\"@type\":\"EntryPoint\",\"urlTemplate\":\"https:\/\/moscheeteppich.net\/?s={search_term_string}\"},\"query-input\":{\"@type\":\"PropertyValueSpecification\",\"valueRequired\":true,\"valueName\":\"search_term_string\"}}],\"inLanguage\":\"de\"},{\"@type\":[\"Organization\",\"Place\",\"LocalBusiness\"],\"@id\":\"https:\/\/moscheeteppich.net\/#organization\",\"name\":\"Moschee Teppich\",\"alternateName\":\"Moschee Teppich\",\"url\":\"https:\/\/moscheeteppich.net\/\",\"logo\":{\"@id\":\"https:\/\/moscheeteppich.net\/yurt-halilari\/#local-main-organization-logo\"},\"image\":{\"@id\":\"https:\/\/moscheeteppich.net\/yurt-halilari\/#local-main-organization-logo\"},\"address\":{\"@id\":\"https:\/\/moscheeteppich.net\/yurt-halilari\/#local-main-place-address\"},\"geo\":{\"@type\":\"GeoCoordinates\",\"latitude\":\"51.52012440287321\",\"longitude\":\"7.083073803230826\"},\"telephone\":[\"+49 177 3276 389\"],\"openingHoursSpecification\":[{\"@type\":\"OpeningHoursSpecification\",\"dayOfWeek\":[\"Monday\",\"Tuesday\",\"Wednesday\",\"Thursday\",\"Friday\",\"Saturday\",\"Sunday\"],\"opens\":\"09:00\",\"closes\":\"17:00\"}],\"email\":\"info@moscheeteppich.net\"},{\"@type\":\"Person\",\"@id\":\"https:\/\/moscheeteppich.net\/#\/schema\/person\/bb41ec405224e657cf72022ef62c711f\",\"name\":\"Moscheeteppich-Metin\",\"image\":{\"@type\":\"ImageObject\",\"inLanguage\":\"de\",\"@id\":\"https:\/\/moscheeteppich.net\/#\/schema\/person\/image\/\",\"url\":\"https:\/\/secure.gravatar.com\/avatar\/35107ac0e47cbcbcfa7ca45a7c9b38c13972f3597eca9316c825572c4dcbc75b?s=96&d=mm&r=g\",\"contentUrl\":\"https:\/\/secure.gravatar.com\/avatar\/35107ac0e47cbcbcfa7ca45a7c9b38c13972f3597eca9316c825572c4dcbc75b?s=96&d=mm&r=g\",\"caption\":\"Moscheeteppich-Metin\"},\"sameAs\":[\"https:\/\/moscheeteppich.net\"],\"url\":\"https:\/\/moscheeteppich.net\/de\/author\/admin\/\"},{\"@type\":\"PostalAddress\",\"@id\":\"https:\/\/moscheeteppich.net\/yurt-halilari\/#local-main-place-address\",\"streetAddress\":\"Meraner Weg 4\",\"addressLocality\":\"Gelsenkirchen\",\"postalCode\":\"45881\",\"addressCountry\":\"DE\"},{\"@type\":\"ImageObject\",\"inLanguage\":\"de\",\"@id\":\"https:\/\/moscheeteppich.net\/yurt-halilari\/#local-main-organization-logo\",\"url\":\"https:\/\/moscheeteppich.net\/wp-content\/uploads\/2024\/11\/LOGO-1.jpg\",\"contentUrl\":\"https:\/\/moscheeteppich.net\/wp-content\/uploads\/2024\/11\/LOGO-1.jpg\",\"width\":188,\"height\":68,\"caption\":\"Moschee Teppich\"}]}<\/script>\n<meta name=\"geo.placename\" content=\"Gelsenkirchen\" \/>\n<meta name=\"geo.position\" content=\"51.52012440287321;7.083073803230826\" \/>\n<meta name=\"geo.region\" content=\"Deutschland\" \/>\n<!-- \/ Yoast SEO Premium plugin. -->","yoast_head_json":{"title":"Yurt Hal\u0131lar\u0131 - Moschee Teppich","description":"Schlafsaalteppiche","robots":{"index":"index","follow":"follow","max-snippet":"max-snippet:-1","max-image-preview":"max-image-preview:large","max-video-preview":"max-video-preview:-1"},"canonical":"https:\/\/moscheeteppich.net\/de\/yurt-halilari\/","og_locale":"de_DE","og_type":"article","og_title":"Yurt Hal\u0131lar\u0131","og_description":"Yurt Hal\u0131lar\u0131","og_url":"https:\/\/moscheeteppich.net\/de\/yurt-halilari\/","og_site_name":"Moschee Teppich","article_modified_time":"2024-11-04T21:56:21+00:00","og_image":[{"width":188,"height":68,"url":"https:\/\/moscheeteppich.net\/wp-content\/uploads\/2024\/11\/LOGO-1.jpg","type":"image\/jpeg"}],"twitter_card":"summary_large_image","twitter_misc":{"Gesch\u00e4tzte Lesezeit":"3\u00a0Minuten"},"schema":{"@context":"https:\/\/schema.org","@graph":[{"@type":"Article","@id":"https:\/\/moscheeteppich.net\/yurt-halilari\/#article","isPartOf":{"@id":"https:\/\/moscheeteppich.net\/yurt-halilari\/"},"author":{"name":"Moscheeteppich-Metin","@id":"https:\/\/moscheeteppich.net\/#\/schema\/person\/bb41ec405224e657cf72022ef62c711f"},"headline":"Yurt Hal\u0131lar\u0131","datePublished":"2024-11-02T12:48:46+00:00","dateModified":"2024-11-04T21:56:21+00:00","mainEntityOfPage":{"@id":"https:\/\/moscheeteppich.net\/yurt-halilari\/"},"wordCount":1119,"publisher":{"@id":"https:\/\/moscheeteppich.net\/#organization"},"inLanguage":"de"},{"@type":"WebPage","@id":"https:\/\/moscheeteppich.net\/yurt-halilari\/","url":"https:\/\/moscheeteppich.net\/yurt-halilari\/","name":"Yurt Hal\u0131lar\u0131 - Moschee Teppich","isPartOf":{"@id":"https:\/\/moscheeteppich.net\/#website"},"datePublished":"2024-11-02T12:48:46+00:00","dateModified":"2024-11-04T21:56:21+00:00","description":"Schlafsaalteppiche","breadcrumb":{"@id":"https:\/\/moscheeteppich.net\/yurt-halilari\/#breadcrumb"},"inLanguage":"de","potentialAction":[{"@type":"ReadAction","target":["https:\/\/moscheeteppich.net\/yurt-halilari\/"]}]},{"@type":"BreadcrumbList","@id":"https:\/\/moscheeteppich.net\/yurt-halilari\/#breadcrumb","itemListElement":[{"@type":"ListItem","position":1,"name":"Anasayfa","item":"https:\/\/moscheeteppich.net\/"},{"@type":"ListItem","position":2,"name":"Yurt Hal\u0131lar\u0131"}]},{"@type":"WebSite","@id":"https:\/\/moscheeteppich.net\/#website","url":"https:\/\/moscheeteppich.net\/","name":"https:\/\/moscheeteppich.net\/de\/","description":"Moschee Teppich","publisher":{"@id":"https:\/\/moscheeteppich.net\/#organization"},"potentialAction":[{"@type":"SearchAction","target":{"@type":"EntryPoint","urlTemplate":"https:\/\/moscheeteppich.net\/?s={search_term_string}"},"query-input":{"@type":"PropertyValueSpecification","valueRequired":true,"valueName":"search_term_string"}}],"inLanguage":"de"},{"@type":["Organization","Place","LocalBusiness"],"@id":"https:\/\/moscheeteppich.net\/#organization","name":"Moschee Teppich","alternateName":"Moschee Teppich","url":"https:\/\/moscheeteppich.net\/","logo":{"@id":"https:\/\/moscheeteppich.net\/yurt-halilari\/#local-main-organization-logo"},"image":{"@id":"https:\/\/moscheeteppich.net\/yurt-halilari\/#local-main-organization-logo"},"address":{"@id":"https:\/\/moscheeteppich.net\/yurt-halilari\/#local-main-place-address"},"geo":{"@type":"GeoCoordinates","latitude":"51.52012440287321","longitude":"7.083073803230826"},"telephone":["+49 177 3276 389"],"openingHoursSpecification":[{"@type":"OpeningHoursSpecification","dayOfWeek":["Monday","Tuesday","Wednesday","Thursday","Friday","Saturday","Sunday"],"opens":"09:00","closes":"17:00"}],"email":"info@moscheeteppich.net"},{"@type":"Person","@id":"https:\/\/moscheeteppich.net\/#\/schema\/person\/bb41ec405224e657cf72022ef62c711f","name":"Moscheeteppich-Metin","image":{"@type":"ImageObject","inLanguage":"de","@id":"https:\/\/moscheeteppich.net\/#\/schema\/person\/image\/","url":"https:\/\/secure.gravatar.com\/avatar\/35107ac0e47cbcbcfa7ca45a7c9b38c13972f3597eca9316c825572c4dcbc75b?s=96&d=mm&r=g","contentUrl":"https:\/\/secure.gravatar.com\/avatar\/35107ac0e47cbcbcfa7ca45a7c9b38c13972f3597eca9316c825572c4dcbc75b?s=96&d=mm&r=g","caption":"Moscheeteppich-Metin"},"sameAs":["https:\/\/moscheeteppich.net"],"url":"https:\/\/moscheeteppich.net\/de\/author\/admin\/"},{"@type":"PostalAddress","@id":"https:\/\/moscheeteppich.net\/yurt-halilari\/#local-main-place-address","streetAddress":"Meraner Weg 4","addressLocality":"Gelsenkirchen","postalCode":"45881","addressCountry":"DE"},{"@type":"ImageObject","inLanguage":"de","@id":"https:\/\/moscheeteppich.net\/yurt-halilari\/#local-main-organization-logo","url":"https:\/\/moscheeteppich.net\/wp-content\/uploads\/2024\/11\/LOGO-1.jpg","contentUrl":"https:\/\/moscheeteppich.net\/wp-content\/uploads\/2024\/11\/LOGO-1.jpg","width":188,"height":68,"caption":"Moschee Teppich"}]},"geo.placename":"Gelsenkirchen","geo.position":{"lat":"51.52012440287321","long":"7.083073803230826"},"geo.region":"Deutschland"},"_links":{"self":[{"href":"https:\/\/moscheeteppich.net\/de\/wp-json\/wp\/v2\/pages\/4617","targetHints":{"allow":["GET"]}}],"collection":[{"href":"https:\/\/moscheeteppich.net\/de\/wp-json\/wp\/v2\/pages"}],"about":[{"href":"https:\/\/moscheeteppich.net\/de\/wp-json\/wp\/v2\/types\/page"}],"author":[{"embeddable":true,"href":"https:\/\/moscheeteppich.net\/de\/wp-json\/wp\/v2\/users\/1"}],"replies":[{"embeddable":true,"href":"https:\/\/moscheeteppich.net\/de\/wp-json\/wp\/v2\/comments?post=4617"}],"version-history":[{"count":0,"href":"https:\/\/moscheeteppich.net\/de\/wp-json\/wp\/v2\/pages\/4617\/revisions"}],"wp:attachment":[{"href":"https:\/\/moscheeteppich.net\/de\/wp-json\/wp\/v2\/media?parent=4617"}],"curies":[{"name":"wp","href":"https:\/\/api.w.org\/{rel}","templated":true}]}}