{"id":4621,"date":"2024-11-02T15:50:17","date_gmt":"2024-11-02T12:50:17","guid":{"rendered":"https:\/\/moscheeteppich.net\/?page_id=4621"},"modified":"2024-11-05T00:56:48","modified_gmt":"2024-11-04T21:56:48","slug":"otel-halilari","status":"publish","type":"page","link":"https:\/\/moscheeteppich.net\/de\/otel-halilari\/","title":{"rendered":"Hotel teppiche"},"content":{"rendered":"<div class=\"wpb-content-wrapper\"><div class=\"vc_row wpb_row vc_row-fluid\"><div class=\"container\"><div class=\"row\"><div class=\"wpb_column vc_column_container vc_col-sm-12\"><div class=\"vc_column-inner\"><div class=\"wpb_wrapper\"><div class=\"mf-empty-space\" style=\"\"><div class=\"mf_empty_space_lg\"  style=\"height: 80px\"><\/div><div class=\"mf_empty_space_md\"  style=\"height: 25px\"><\/div><div class=\"mf_empty_space_xs\"  style=\"height: 25px\"><\/div><\/div><h2 style=\"font-size: 26px;text-align: left\" class=\"vc_custom_heading vc_do_custom_heading fw-medium vc_custom_1730554938035\" >Hotel teppiche<\/h2><div class=\"mf-empty-space\" style=\"\"><div class=\"mf_empty_space_lg\"  style=\"height: 20px\"><\/div><div class=\"mf_empty_space_md\"  style=\"height: 25px\"><\/div><div class=\"mf_empty_space_xs\"  style=\"height: 25px\"><\/div><\/div>\n\t<div class=\"wpb_text_column wpb_content_element\" >\n\t\t<div class=\"wpb_wrapper\">\n\t\t\t<div class=\"fix-area\">\n<div class=\"offcanvas__info\">\n<div class=\"offcanvas__wrapper\">\n<div class=\"offcanvas__content\">\n<div class=\"offcanvas__top mb-5 d-flex justify-content-between align-items-center\"><\/div>\n<\/div>\n<\/div>\n<\/div>\n<\/div>\n<section class=\"service-section section-bg-4 fix section-padding\">\n<div class=\"container\">\n<div class=\"row\">\n<div class=\"col-md-12\">\n<h3 style=\"text-align: justify;\">Hotelteppiche: Kombination aus Komfort und \u00c4sthetik<\/h3>\n<p style=\"text-align: justify;\">Hotelteppiche spielen im Gastgewerbe eine wichtige Rolle. Sie erh\u00f6hen nicht nur den Komfort der G\u00e4ste, sondern bestimmen auch das \u00e4sthetische Erscheinungsbild des Hotels. Die Qualit\u00e4t, Haltbarkeit und das Design von Hotelteppichen wirken sich direkt auf das G\u00e4steerlebnis und das Gesamtbild des Hotels aus. In diesem Artikel konzentrieren wir uns auf die Bedeutung von Hotelteppichen, Materialauswahl, Design, Pflegeprozesse und psychologische Auswirkungen.<\/p>\n<h4 style=\"text-align: justify;\">Die Bedeutung von Hotelteppichen<\/h4>\n<p style=\"text-align: justify;\">Hotelteppiche sind eines der wichtigsten Elemente, die das Innere der Unterkunft pr\u00e4gen und ihre Atmosph\u00e4re schaffen. Schon beim Betreten des Hotels sollen G\u00e4ste den Komfort sp\u00fcren, den Teppiche bieten. Gut gestaltete und hochwertige Teppiche geben den G\u00e4sten das Gef\u00fchl, zu Hause zu sein.<\/p>\n<p style=\"text-align: justify;\">Hotelteppiche m\u00fcssen strapazierf\u00e4hig und langlebig sein, zumal sie einer starken Beanspruchung ausgesetzt sind. Bodenbel\u00e4ge in Hotels werden t\u00e4glich von Hunderten von Menschen genutzt; Daher ist es von gro\u00dfer Bedeutung, dass Teppiche abriebfest sind. Dar\u00fcber hinaus sorgen Teppiche f\u00fcr Schalld\u00e4mmung und tragen so dazu bei, dass die G\u00e4ste ein ruhigeres Wohnerlebnis haben.<\/p>\n<h4 style=\"text-align: justify;\">Materialauswahl<\/h4>\n<p style=\"text-align: justify;\">Die Materialauswahl f\u00fcr Hotelteppiche ist einer der wichtigsten Faktoren f\u00fcr Qualit\u00e4t und Haltbarkeit. Im Allgemeinen werden Hotelteppiche aus folgenden Materialien hergestellt:<\/p>\n<ol style=\"text-align: justify;\">\n<li><strong>Wollteppiche:<\/strong>\u00a0Wolle, ein Naturmaterial, f\u00e4llt durch seine w\u00e4rmenden und schalld\u00e4mmenden Eigenschaften auf. Wollteppiche bieten \u00e4sthetisch reiche Musterm\u00f6glichkeiten. Allerdings k\u00f6nnen Wollteppiche etwas schwieriger zu pflegen sein und mehr kosten als andere Optionen.<\/li>\n<li><strong>Polyesterteppiche:<\/strong>\u00a0Polyester, eine kosteng\u00fcnstige Option, zeichnet sich durch seine Haltbarkeit und Reinigungsf\u00e4higkeit aus. Polyesterteppiche sind wasser- und fleckenbest\u00e4ndig und werden daher h\u00e4ufig in Hotelumgebungen bevorzugt.<\/li>\n<li><strong>Acrylteppiche:<\/strong>\u00a0W\u00e4hrend Acryl eine nat\u00fcrliche, woll\u00e4hnliche Textur aufweist, ist es als synthetisches Material auch langlebig. Seine Farben sind best\u00e4ndig gegen Ausbleichen und es ist sehr pflegeleicht.<\/li>\n<li><strong>Mischfasern:<\/strong>\u00a0Mischfasern, die durch die Kombination verschiedener Materialien entstehen, fallen sowohl durch ihre Haltbarkeit als auch durch ihr \u00e4sthetisches Erscheinungsbild auf. Sie zeichnen sich oft als kosteng\u00fcnstige Option aus.<\/li>\n<\/ol>\n<h4 style=\"text-align: justify;\">Design und \u00c4sthetik<\/h4>\n<p style=\"text-align: justify;\">Das Design von Hotelteppichen beeinflusst die Gesamtatmosph\u00e4re des Hotels. Neben dem Design ist auch die Farbauswahl von gro\u00dfer Bedeutung, um das Erlebnis der G\u00e4ste zu verbessern. Teppiche sollten sich an die allgemeine Dekoration des Hotels anpassen und den Geist des Ortes widerspiegeln.<\/p>\n<ul style=\"text-align: justify;\">\n<li><strong>G\u00e4stezimmer:<\/strong>\u00a0Teppiche in G\u00e4stezimmern haben im Allgemeinen warme Farbt\u00f6ne. Mit seiner weichen Textur und seinem \u00e4sthetischen Erscheinungsbild hilft es den G\u00e4sten, sich zu entspannen.<\/li>\n<li><strong>Korridore:<\/strong>\u00a0Teppiche in Hotelfluren weisen im Allgemeinen dunkle Farben und Muster auf. Dadurch werden Flecken verdeckt und gleichzeitig die Eleganz erh\u00f6ht.<\/li>\n<li><strong>Gemeinschaftsbereiche:<\/strong>\u00a0Teppiche, die in \u00f6ffentlichen Bereichen wie Lobbys, Restaurants und Besprechungsr\u00e4umen verwendet werden, sind in lebendigen Farben und Mustern gestaltet und f\u00f6rdern die soziale Interaktion. Die in diesen Bereichen verwendeten Teppiche schaffen eine warme Atmosph\u00e4re, in der die G\u00e4ste ihre Zeit bequem verbringen k\u00f6nnen.<\/li>\n<\/ul>\n<h4 style=\"text-align: justify;\">Reinigung und Wartung<\/h4>\n<p style=\"text-align: justify;\">Die Reinigung und Pflege von Hotelteppichen ist sowohl hinsichtlich der Hygiene als auch der \u00c4sthetik von entscheidender Bedeutung. In Hotels mit hohem G\u00e4steaufkommen ist eine regelm\u00e4\u00dfige Reinigung der Teppiche notwendig, um Allergene und Mikroben zu reduzieren.<\/p>\n<p style=\"text-align: justify;\">F\u00fcr die Teppichpflege werden folgende Schritte empfohlen:<\/p>\n<ol style=\"text-align: justify;\">\n<li><strong>Regelm\u00e4\u00dfiges Staubsaugen:<\/strong>\u00a0Teppiche m\u00fcssen t\u00e4glich gesaugt werden, um Staub und Schmutz zu entfernen. Dieser Prozess ist wichtig, um eine hygienische Umgebung zu gew\u00e4hrleisten.<\/li>\n<li><strong>Fleckenreinigung:<\/strong>\u00a0Flecken auf Teppichen k\u00f6nnen dauerhaft werden, wenn sie nicht sofort behandelt werden. Wenn ein Fleck auftritt, sollte dieser so schnell wie m\u00f6glich mit geeigneten Reinigungsmitteln behandelt werden.<\/li>\n<li><strong>Professionelle Reinigung:<\/strong>\u00a0Die regelm\u00e4\u00dfige Inanspruchnahme professioneller Teppichreinigungsdienste verl\u00e4ngert die Lebensdauer von Teppichen und sorgt f\u00fcr eine gr\u00fcndliche Reinigung. Dieser Prozess tr\u00e4gt dazu bei, dass die Teppiche ihre leuchtenden Farben behalten.<\/li>\n<\/ol>\n<h4 style=\"text-align: justify;\">Psychologische Wirkung von Hotelteppichen<\/h4>\n<p style=\"text-align: justify;\">Eine weitere wichtige Dimension von Hotelteppichen ist ihre psychologische Wirkung. Farbe und Design der Teppiche k\u00f6nnen die Stimmung der G\u00e4ste beeinflussen. Eine warme und einladende Umgebung kann den Stresspegel der G\u00e4ste reduzieren und f\u00fcr ein angenehmeres Aufenthaltserlebnis sorgen.<\/p>\n<p style=\"text-align: justify;\">Bei der Auswahl von Teppichen sollte die Farbpsychologie ber\u00fccksichtigt werden. W\u00e4hrend leuchtende Farben f\u00fcr Energie und Motivation sorgen, k\u00f6nnen ruhigere T\u00f6ne ein Gef\u00fchl von Frieden und Gelassenheit vermitteln. Besonders in Spa- oder Ruhebereichen k\u00f6nnen G\u00e4ste durch die Wahl ruhiger Farbt\u00f6ne zum Entspannen animiert werden.<\/p>\n<h4 style=\"text-align: justify;\">Abschluss<\/h4>\n<p style=\"text-align: justify;\">Hotelteppiche spielen im Gastgewerbe eine wichtige Rolle. Teppiche, die aus hochwertigen Materialien hergestellt und \u00e4sthetisch sorgf\u00e4ltig gestaltet sind, wirken sich positiv auf das Erlebnis der G\u00e4ste aus. Haltbarkeit, Komfort und \u00c4sthetik sind die Grundelemente, die bei der Auswahl von Hotelteppichen ber\u00fccksichtigt werden m\u00fcssen.<\/p>\n<p style=\"text-align: justify;\">Die regelm\u00e4\u00dfige Pflege von Teppichen ist aus hygienischer und \u00e4sthetischer Sicht wichtig. Wenn die Hotelleitung daher bei der Auswahl und Pflege der Teppiche sorgf\u00e4ltig vorgeht, steigert dies die Gesamtqualit\u00e4t des Hotels. Daher sind Hotelteppiche ein wichtiger Bestandteil, der das Aufenthaltserlebnis der G\u00e4ste vertieft, f\u00fcr eine angenehme Atmosph\u00e4re sorgt und das Image des Hotels pr\u00e4gt.<\/p>\n<\/div>\n<\/div>\n<\/div>\n<\/section>\n\n\t\t<\/div>\n\t<\/div>\n<div class=\"mf-empty-space\" style=\"\"><div class=\"mf_empty_space_lg\"  style=\"height: 60px\"><\/div><div class=\"mf_empty_space_md\"  style=\"height: 25px\"><\/div><div class=\"mf_empty_space_xs\"  style=\"height: 25px\"><\/div><\/div>\n<div class=\"vc_grid-container-wrapper vc_clearfix vc_grid-animation-zoomIn\">\n\t<div class=\"vc_grid-container vc_clearfix wpb_content_element vc_masonry_media_grid\" data-initial-loading-animation=\"zoomIn\" data-vc-grid-settings=\"{&quot;page_id&quot;:4621,&quot;style&quot;:&quot;all-masonry&quot;,&quot;action&quot;:&quot;vc_get_vc_grid_data&quot;,&quot;shortcode_id&quot;:&quot;1730757398847-3a913dd0e6c999aa623d8b46f8d7e54f-10&quot;,&quot;tag&quot;:&quot;vc_masonry_media_grid&quot;}\" data-vc-request=\"https:\/\/moscheeteppich.net\/wp-admin\/admin-ajax.php\" data-vc-post-id=\"4621\" data-vc-public-nonce=\"6c679b3860\">\n\t\t\n\t<\/div>\n<\/div><div class=\"mf-empty-space\" style=\"\"><div class=\"mf_empty_space_lg\"  style=\"height: 60px\"><\/div><div class=\"mf_empty_space_md\"  style=\"height: 25px\"><\/div><div class=\"mf_empty_space_xs\"  style=\"height: 25px\"><\/div><\/div><div class=\"mf-empty-space\" style=\"\"><div class=\"mf_empty_space_lg\"  style=\"height: 60px\"><\/div><div class=\"mf_empty_space_md\"  style=\"height: 25px\"><\/div><div class=\"mf_empty_space_xs\"  style=\"height: 25px\"><\/div><\/div><div class=\"mf-empty-space\" style=\"\"><div class=\"mf_empty_space_lg\"  style=\"height: 15px\"><\/div><div class=\"mf_empty_space_md\"  style=\"height: 15px\"><\/div><div class=\"mf_empty_space_xs\"  style=\"height: 15px\"><\/div><\/div><\/div><\/div><\/div><\/div><\/div><\/div>\n<\/div>","protected":false},"excerpt":{"rendered":"Otel Hal\u0131lar\u0131 Otel Hal\u0131lar\u0131: Konfor ve Esteti\u011fin Birle\u015fimi Otel hal\u0131lar\u0131, konaklama sekt\u00f6r\u00fcnde \u00f6nemli bir rol oynar. Misafirlerin rahatl\u0131\u011f\u0131n\u0131 art\u0131rman\u0131n yan\u0131 s\u0131ra, otelin estetik g\u00f6r\u00fcn\u00fcm\u00fcn\u00fc de belirleyen unsurlard\u0131r. Otel hal\u0131lar\u0131n\u0131n kalitesi, dayan\u0131kl\u0131l\u0131\u011f\u0131 ve tasar\u0131m\u0131, hem misafir deneyimini hem de otelin genel imaj\u0131n\u0131 do\u011frudan etkiler. Bu makalede, otel hal\u0131lar\u0131n\u0131n \u00f6nemi, malzeme se\u00e7imi, tasar\u0131m\u0131, bak\u0131m s\u00fcre\u00e7leri ve psikolojik [...]","protected":false},"author":1,"featured_media":0,"parent":0,"menu_order":0,"comment_status":"closed","ping_status":"closed","template":"template-fullwidth.php","meta":{"_themeisle_gutenberg_block_has_review":false,"footnotes":""},"class_list":["post-4621","page","type-page","status-publish","hentry","no-thumb"],"yoast_head":"<!-- This site is optimized with the Yoast SEO Premium plugin v20.6 (Yoast SEO v26.6) - https:\/\/yoast.com\/wordpress\/plugins\/seo\/ -->\n<title>Otel Hal\u0131lar\u0131 - Moschee Teppich<\/title>\n<meta name=\"description\" content=\"Otel Hal\u0131lar\u0131\" \/>\n<meta name=\"robots\" content=\"index, follow, max-snippet:-1, max-image-preview:large, max-video-preview:-1\" \/>\n<link rel=\"canonical\" href=\"https:\/\/moscheeteppich.net\/de\/otel-halilari\/\" \/>\n<meta property=\"og:locale\" content=\"de_DE\" \/>\n<meta property=\"og:type\" content=\"article\" \/>\n<meta property=\"og:title\" content=\"Otel Hal\u0131lar\u0131\" \/>\n<meta property=\"og:description\" content=\"Otel Hal\u0131lar\u0131\" \/>\n<meta property=\"og:url\" content=\"https:\/\/moscheeteppich.net\/de\/otel-halilari\/\" \/>\n<meta property=\"og:site_name\" content=\"Moschee Teppich\" \/>\n<meta property=\"article:modified_time\" content=\"2024-11-04T21:56:48+00:00\" \/>\n<meta property=\"og:image\" content=\"https:\/\/moscheeteppich.net\/wp-content\/uploads\/2024\/11\/LOGO-1.jpg\" \/>\n\t<meta property=\"og:image:width\" content=\"188\" \/>\n\t<meta property=\"og:image:height\" content=\"68\" \/>\n\t<meta property=\"og:image:type\" content=\"image\/jpeg\" \/>\n<meta name=\"twitter:card\" content=\"summary_large_image\" \/>\n<meta name=\"twitter:label1\" content=\"Gesch\u00e4tzte Lesezeit\" \/>\n\t<meta name=\"twitter:data1\" content=\"3\u00a0Minuten\" \/>\n<script type=\"application\/ld+json\" class=\"yoast-schema-graph\">{\"@context\":\"https:\/\/schema.org\",\"@graph\":[{\"@type\":\"Article\",\"@id\":\"https:\/\/moscheeteppich.net\/otel-halilari\/#article\",\"isPartOf\":{\"@id\":\"https:\/\/moscheeteppich.net\/otel-halilari\/\"},\"author\":{\"name\":\"Moscheeteppich-Metin\",\"@id\":\"https:\/\/moscheeteppich.net\/#\/schema\/person\/bb41ec405224e657cf72022ef62c711f\"},\"headline\":\"Otel Hal\u0131lar\u0131\",\"datePublished\":\"2024-11-02T12:50:17+00:00\",\"dateModified\":\"2024-11-04T21:56:48+00:00\",\"mainEntityOfPage\":{\"@id\":\"https:\/\/moscheeteppich.net\/otel-halilari\/\"},\"wordCount\":1081,\"publisher\":{\"@id\":\"https:\/\/moscheeteppich.net\/#organization\"},\"inLanguage\":\"de\"},{\"@type\":\"WebPage\",\"@id\":\"https:\/\/moscheeteppich.net\/otel-halilari\/\",\"url\":\"https:\/\/moscheeteppich.net\/otel-halilari\/\",\"name\":\"Otel Hal\u0131lar\u0131 - Moschee Teppich\",\"isPartOf\":{\"@id\":\"https:\/\/moscheeteppich.net\/#website\"},\"datePublished\":\"2024-11-02T12:50:17+00:00\",\"dateModified\":\"2024-11-04T21:56:48+00:00\",\"description\":\"Otel Hal\u0131lar\u0131\",\"breadcrumb\":{\"@id\":\"https:\/\/moscheeteppich.net\/otel-halilari\/#breadcrumb\"},\"inLanguage\":\"de\",\"potentialAction\":[{\"@type\":\"ReadAction\",\"target\":[\"https:\/\/moscheeteppich.net\/otel-halilari\/\"]}]},{\"@type\":\"BreadcrumbList\",\"@id\":\"https:\/\/moscheeteppich.net\/otel-halilari\/#breadcrumb\",\"itemListElement\":[{\"@type\":\"ListItem\",\"position\":1,\"name\":\"Anasayfa\",\"item\":\"https:\/\/moscheeteppich.net\/\"},{\"@type\":\"ListItem\",\"position\":2,\"name\":\"Otel Hal\u0131lar\u0131\"}]},{\"@type\":\"WebSite\",\"@id\":\"https:\/\/moscheeteppich.net\/#website\",\"url\":\"https:\/\/moscheeteppich.net\/\",\"name\":\"https:\/\/moscheeteppich.net\/\",\"description\":\"Moschee Teppich\",\"publisher\":{\"@id\":\"https:\/\/moscheeteppich.net\/#organization\"},\"potentialAction\":[{\"@type\":\"SearchAction\",\"target\":{\"@type\":\"EntryPoint\",\"urlTemplate\":\"https:\/\/moscheeteppich.net\/?s={search_term_string}\"},\"query-input\":{\"@type\":\"PropertyValueSpecification\",\"valueRequired\":true,\"valueName\":\"search_term_string\"}}],\"inLanguage\":\"de\"},{\"@type\":[\"Organization\",\"Place\",\"LocalBusiness\"],\"@id\":\"https:\/\/moscheeteppich.net\/#organization\",\"name\":\"Moschee Teppich\",\"alternateName\":\"Moschee Teppich\",\"url\":\"https:\/\/moscheeteppich.net\/\",\"logo\":{\"@id\":\"https:\/\/moscheeteppich.net\/otel-halilari\/#local-main-organization-logo\"},\"image\":{\"@id\":\"https:\/\/moscheeteppich.net\/otel-halilari\/#local-main-organization-logo\"},\"address\":{\"@id\":\"https:\/\/moscheeteppich.net\/otel-halilari\/#local-main-place-address\"},\"geo\":{\"@type\":\"GeoCoordinates\",\"latitude\":\"51.52012440287321\",\"longitude\":\"7.083073803230826\"},\"telephone\":[\"+49 177 3276 389\"],\"openingHoursSpecification\":[{\"@type\":\"OpeningHoursSpecification\",\"dayOfWeek\":[\"Monday\",\"Tuesday\",\"Wednesday\",\"Thursday\",\"Friday\",\"Saturday\",\"Sunday\"],\"opens\":\"09:00\",\"closes\":\"17:00\"}],\"email\":\"info@moscheeteppich.net\"},{\"@type\":\"Person\",\"@id\":\"https:\/\/moscheeteppich.net\/#\/schema\/person\/bb41ec405224e657cf72022ef62c711f\",\"name\":\"Moscheeteppich-Metin\",\"image\":{\"@type\":\"ImageObject\",\"inLanguage\":\"de\",\"@id\":\"https:\/\/moscheeteppich.net\/#\/schema\/person\/image\/\",\"url\":\"https:\/\/secure.gravatar.com\/avatar\/35107ac0e47cbcbcfa7ca45a7c9b38c13972f3597eca9316c825572c4dcbc75b?s=96&d=mm&r=g\",\"contentUrl\":\"https:\/\/secure.gravatar.com\/avatar\/35107ac0e47cbcbcfa7ca45a7c9b38c13972f3597eca9316c825572c4dcbc75b?s=96&d=mm&r=g\",\"caption\":\"Moscheeteppich-Metin\"},\"sameAs\":[\"https:\/\/moscheeteppich.net\"],\"url\":\"https:\/\/moscheeteppich.net\/de\/author\/admin\/\"},{\"@type\":\"PostalAddress\",\"@id\":\"https:\/\/moscheeteppich.net\/otel-halilari\/#local-main-place-address\",\"streetAddress\":\"Meraner Weg 4\",\"addressLocality\":\"Gelsenkirchen\",\"postalCode\":\"45881\",\"addressCountry\":\"DE\"},{\"@type\":\"ImageObject\",\"inLanguage\":\"de\",\"@id\":\"https:\/\/moscheeteppich.net\/otel-halilari\/#local-main-organization-logo\",\"url\":\"https:\/\/moscheeteppich.net\/wp-content\/uploads\/2024\/11\/LOGO-1.jpg\",\"contentUrl\":\"https:\/\/moscheeteppich.net\/wp-content\/uploads\/2024\/11\/LOGO-1.jpg\",\"width\":188,\"height\":68,\"caption\":\"Moschee Teppich\"}]}<\/script>\n<meta name=\"geo.placename\" content=\"Gelsenkirchen\" \/>\n<meta name=\"geo.position\" content=\"51.52012440287321;7.083073803230826\" \/>\n<meta name=\"geo.region\" content=\"Deutschland\" \/>\n<!-- \/ Yoast SEO Premium plugin. -->","yoast_head_json":{"title":"Otel Hal\u0131lar\u0131 - Moschee Teppich","description":"Hotel teppiche","robots":{"index":"index","follow":"follow","max-snippet":"max-snippet:-1","max-image-preview":"max-image-preview:large","max-video-preview":"max-video-preview:-1"},"canonical":"https:\/\/moscheeteppich.net\/de\/otel-halilari\/","og_locale":"de_DE","og_type":"article","og_title":"Otel Hal\u0131lar\u0131","og_description":"Otel Hal\u0131lar\u0131","og_url":"https:\/\/moscheeteppich.net\/de\/otel-halilari\/","og_site_name":"Moschee Teppich","article_modified_time":"2024-11-04T21:56:48+00:00","og_image":[{"width":188,"height":68,"url":"https:\/\/moscheeteppich.net\/wp-content\/uploads\/2024\/11\/LOGO-1.jpg","type":"image\/jpeg"}],"twitter_card":"summary_large_image","twitter_misc":{"Gesch\u00e4tzte Lesezeit":"3\u00a0Minuten"},"schema":{"@context":"https:\/\/schema.org","@graph":[{"@type":"Article","@id":"https:\/\/moscheeteppich.net\/otel-halilari\/#article","isPartOf":{"@id":"https:\/\/moscheeteppich.net\/otel-halilari\/"},"author":{"name":"Moscheeteppich-Metin","@id":"https:\/\/moscheeteppich.net\/#\/schema\/person\/bb41ec405224e657cf72022ef62c711f"},"headline":"Otel Hal\u0131lar\u0131","datePublished":"2024-11-02T12:50:17+00:00","dateModified":"2024-11-04T21:56:48+00:00","mainEntityOfPage":{"@id":"https:\/\/moscheeteppich.net\/otel-halilari\/"},"wordCount":1081,"publisher":{"@id":"https:\/\/moscheeteppich.net\/#organization"},"inLanguage":"de"},{"@type":"WebPage","@id":"https:\/\/moscheeteppich.net\/otel-halilari\/","url":"https:\/\/moscheeteppich.net\/otel-halilari\/","name":"Otel Hal\u0131lar\u0131 - Moschee Teppich","isPartOf":{"@id":"https:\/\/moscheeteppich.net\/#website"},"datePublished":"2024-11-02T12:50:17+00:00","dateModified":"2024-11-04T21:56:48+00:00","description":"Hotel teppiche","breadcrumb":{"@id":"https:\/\/moscheeteppich.net\/otel-halilari\/#breadcrumb"},"inLanguage":"de","potentialAction":[{"@type":"ReadAction","target":["https:\/\/moscheeteppich.net\/otel-halilari\/"]}]},{"@type":"BreadcrumbList","@id":"https:\/\/moscheeteppich.net\/otel-halilari\/#breadcrumb","itemListElement":[{"@type":"ListItem","position":1,"name":"Anasayfa","item":"https:\/\/moscheeteppich.net\/"},{"@type":"ListItem","position":2,"name":"Otel Hal\u0131lar\u0131"}]},{"@type":"WebSite","@id":"https:\/\/moscheeteppich.net\/#website","url":"https:\/\/moscheeteppich.net\/","name":"https:\/\/moscheeteppich.net\/de\/","description":"Moschee Teppich","publisher":{"@id":"https:\/\/moscheeteppich.net\/#organization"},"potentialAction":[{"@type":"SearchAction","target":{"@type":"EntryPoint","urlTemplate":"https:\/\/moscheeteppich.net\/?s={search_term_string}"},"query-input":{"@type":"PropertyValueSpecification","valueRequired":true,"valueName":"search_term_string"}}],"inLanguage":"de"},{"@type":["Organization","Place","LocalBusiness"],"@id":"https:\/\/moscheeteppich.net\/#organization","name":"Moschee Teppich","alternateName":"Moschee Teppich","url":"https:\/\/moscheeteppich.net\/","logo":{"@id":"https:\/\/moscheeteppich.net\/otel-halilari\/#local-main-organization-logo"},"image":{"@id":"https:\/\/moscheeteppich.net\/otel-halilari\/#local-main-organization-logo"},"address":{"@id":"https:\/\/moscheeteppich.net\/otel-halilari\/#local-main-place-address"},"geo":{"@type":"GeoCoordinates","latitude":"51.52012440287321","longitude":"7.083073803230826"},"telephone":["+49 177 3276 389"],"openingHoursSpecification":[{"@type":"OpeningHoursSpecification","dayOfWeek":["Monday","Tuesday","Wednesday","Thursday","Friday","Saturday","Sunday"],"opens":"09:00","closes":"17:00"}],"email":"info@moscheeteppich.net"},{"@type":"Person","@id":"https:\/\/moscheeteppich.net\/#\/schema\/person\/bb41ec405224e657cf72022ef62c711f","name":"Moscheeteppich-Metin","image":{"@type":"ImageObject","inLanguage":"de","@id":"https:\/\/moscheeteppich.net\/#\/schema\/person\/image\/","url":"https:\/\/secure.gravatar.com\/avatar\/35107ac0e47cbcbcfa7ca45a7c9b38c13972f3597eca9316c825572c4dcbc75b?s=96&d=mm&r=g","contentUrl":"https:\/\/secure.gravatar.com\/avatar\/35107ac0e47cbcbcfa7ca45a7c9b38c13972f3597eca9316c825572c4dcbc75b?s=96&d=mm&r=g","caption":"Moscheeteppich-Metin"},"sameAs":["https:\/\/moscheeteppich.net"],"url":"https:\/\/moscheeteppich.net\/de\/author\/admin\/"},{"@type":"PostalAddress","@id":"https:\/\/moscheeteppich.net\/otel-halilari\/#local-main-place-address","streetAddress":"Meraner Weg 4","addressLocality":"Gelsenkirchen","postalCode":"45881","addressCountry":"DE"},{"@type":"ImageObject","inLanguage":"de","@id":"https:\/\/moscheeteppich.net\/otel-halilari\/#local-main-organization-logo","url":"https:\/\/moscheeteppich.net\/wp-content\/uploads\/2024\/11\/LOGO-1.jpg","contentUrl":"https:\/\/moscheeteppich.net\/wp-content\/uploads\/2024\/11\/LOGO-1.jpg","width":188,"height":68,"caption":"Moschee Teppich"}]},"geo.placename":"Gelsenkirchen","geo.position":{"lat":"51.52012440287321","long":"7.083073803230826"},"geo.region":"Deutschland"},"_links":{"self":[{"href":"https:\/\/moscheeteppich.net\/de\/wp-json\/wp\/v2\/pages\/4621","targetHints":{"allow":["GET"]}}],"collection":[{"href":"https:\/\/moscheeteppich.net\/de\/wp-json\/wp\/v2\/pages"}],"about":[{"href":"https:\/\/moscheeteppich.net\/de\/wp-json\/wp\/v2\/types\/page"}],"author":[{"embeddable":true,"href":"https:\/\/moscheeteppich.net\/de\/wp-json\/wp\/v2\/users\/1"}],"replies":[{"embeddable":true,"href":"https:\/\/moscheeteppich.net\/de\/wp-json\/wp\/v2\/comments?post=4621"}],"version-history":[{"count":0,"href":"https:\/\/moscheeteppich.net\/de\/wp-json\/wp\/v2\/pages\/4621\/revisions"}],"wp:attachment":[{"href":"https:\/\/moscheeteppich.net\/de\/wp-json\/wp\/v2\/media?parent=4621"}],"curies":[{"name":"wp","href":"https:\/\/api.w.org\/{rel}","templated":true}]}}