{"id":3935,"date":"2017-10-31T07:44:25","date_gmt":"2017-10-31T07:44:25","guid":{"rendered":"http:\/\/demo2.drfuri.com\/manufactory\/?page_id=32"},"modified":"2024-11-03T14:19:26","modified_gmt":"2024-11-03T11:19:26","slug":"hakkimizda","status":"publish","type":"page","link":"https:\/\/moscheeteppich.net\/fr\/hakkimizda\/","title":{"rendered":"\u00e0 propos de nous"},"content":{"rendered":"<div class=\"wpb-content-wrapper\"><div class=\"vc_row wpb_row vc_row-fluid\"><div class=\"container\"><div class=\"row\"><div class=\"wpb_column vc_column_container vc_col-sm-12\"><div class=\"vc_column-inner\"><div class=\"wpb_wrapper\"><div class=\"mf-empty-space\" style=\"\"><div class=\"mf_empty_space_lg\"  style=\"height: 80px\"><\/div><div class=\"mf_empty_space_md\"  style=\"height: 25px\"><\/div><div class=\"mf_empty_space_xs\"  style=\"height: 25px\"><\/div><\/div><h2 style=\"font-size: 26px;text-align: left\" class=\"vc_custom_heading vc_do_custom_heading fw-medium vc_custom_1729519743659\" >\u00e0 propos de nous<\/h2><div class=\"mf-empty-space\" style=\"\"><div class=\"mf_empty_space_lg\"  style=\"height: 20px\"><\/div><div class=\"mf_empty_space_md\"  style=\"height: 20px\"><\/div><div class=\"mf_empty_space_xs\"  style=\"height: 20px\"><\/div><\/div>\n\t<div class=\"wpb_text_column wpb_content_element\" >\n\t\t<div class=\"wpb_wrapper\">\n\t\t\t<p style=\"text-align: justify;\">Notre soci\u00e9t\u00e9 est une entreprise leader dans l\u2019industrie des tapis de mosqu\u00e9e et des tapis d\u2019h\u00f4tel en Allemagne avec des ann\u00e9es d\u2019exp\u00e9rience. Nous avons adopt\u00e9 le principe de fournir des produits de qualit\u00e9 en faisant de la satisfaction du client notre objectif principal.<\/p>\n<p style=\"text-align: justify;\">Nos tapis de mosqu\u00e9e sont sp\u00e9cialement con\u00e7us en privil\u00e9giant le calme et l'esth\u00e9tique des lieux de culte. Les tapis que nous proposons dans diff\u00e9rentes couleurs, motifs et textures s'int\u00e8grent dans n'importe quel espace en combinant des motifs traditionnels avec des designs modernes. De plus, les mat\u00e9riaux utilis\u00e9s dans la construction de nos tapis sont durables et durables, ils peuvent donc \u00eatre utilis\u00e9s en toute s\u00e9curit\u00e9 dans vos lieux de culte pendant de nombreuses ann\u00e9es.<\/p>\n<p style=\"text-align: justify;\">Nos tapis d'h\u00f4tel sont con\u00e7us pour compl\u00e9ter votre compr\u00e9hension esth\u00e9tique dans le secteur de l'h\u00e9bergement. Nos tapis, fabriqu\u00e9s \u00e0 partir de mat\u00e9riaux soigneusement s\u00e9lectionn\u00e9s pour le confort et la commodit\u00e9 de vos invit\u00e9s, offrent des options adapt\u00e9es \u00e0 tous types de concepts h\u00f4teliers. Nos produits, qui allient qualit\u00e9, durabilit\u00e9 et \u00e9l\u00e9gance, enrichiront l\u2019atmosph\u00e8re de votre h\u00f4tel et contribueront \u00e0 une exp\u00e9rience inoubliable pour vos invit\u00e9s.<\/p>\n<p style=\"text-align: justify;\">Gr\u00e2ce \u00e0 notre approche orient\u00e9e client, nous d\u00e9veloppons les solutions les plus adapt\u00e9es \u00e0 vos besoins en fournissant des services de conseil \u00e0 chaque \u00e9tape. Notre \u00e9quipe de professionnels est heureuse de vous accompagner \u00e0 chaque \u00e9tape de votre projet.<\/p>\n<p style=\"text-align: justify;\">En tant qu'entreprise, nous continuons \u00e0 renforcer notre place dans le secteur gr\u00e2ce \u00e0 notre large gamme de produits de tapis de mosqu\u00e9e et d'h\u00f4tel et \u00e0 l'importance que nous attachons \u00e0 la satisfaction de nos clients. Gr\u00e2ce \u00e0 notre compr\u00e9hension de la qualit\u00e9 et de l\u2019esth\u00e9tique, nous visons \u00e0 fournir le meilleur service \u00e0 nos pr\u00e9cieux clients.<\/p>\n<h3>Vision et mission<\/h3>\n<p>Notre vision est d'\u00eatre reconnue tant au niveau local qu'international comme une entreprise leader dans l'industrie du tapis et de fournir le meilleur service \u00e0 nos clients. Notre mission est de proposer des solutions de moquettes \u00e0 utiliser dans diff\u00e9rents domaines tels que les mosqu\u00e9es, les dortoirs et les h\u00f4tels en alliant esth\u00e9tique et fonctionnalit\u00e9 ; Toujours d\u00e9finir la satisfaction du client comme objectif principal.<\/p>\n<h3>Gamme de produits<\/h3>\n<p><strong>Tapis de mosqu\u00e9e\u00a0:<\/strong>\u00a0Nos tapis de mosqu\u00e9e, qui refl\u00e8tent l'esprit des lieux de culte, sont con\u00e7us avec diff\u00e9rentes options de motifs et de couleurs. Nos tapis, fabriqu\u00e9s \u00e0 partir de mat\u00e9riaux de qualit\u00e9, offrent \u00e0 la fois esth\u00e9tique et confort, cr\u00e9ant une atmosph\u00e8re paisible lors du culte. Nos designs exclusifs combinent des motifs traditionnels et modernes.<\/p>\n<p><strong>Tapis de dortoir\u00a0:<\/strong>\u00a0Nos tapis, con\u00e7us en accord avec la dynamique de la vie \u00e9tudiante dans les dortoirs, sont durables et faciles \u00e0 nettoyer. Nous rendons la vie dans les dortoirs plus chaleureuse et plus accueillante avec diff\u00e9rentes alternatives de couleurs et de motifs.<\/p>\n<p><strong>Tapis d'h\u00f4tel\u00a0:<\/strong>\u00a0Nos tapis d'h\u00f4tel, o\u00f9 l'hospitalit\u00e9 et le confort sont au premier plan, attirent l'attention par leur \u00e9l\u00e9gance et leur durabilit\u00e9. Nos designs, qui s'adaptent \u00e0 chaque concept h\u00f4telier, contribuent \u00e0 faire vivre aux clients une exp\u00e9rience inoubliable.<\/p>\n\n\t\t<\/div>\n\t<\/div>\n<div class=\"mf-empty-space\" style=\"\"><div class=\"mf_empty_space_lg\"  style=\"height: 60px\"><\/div><div class=\"mf_empty_space_md\"  style=\"height: 25px\"><\/div><div class=\"mf_empty_space_xs\"  style=\"height: 25px\"><\/div><\/div><div class=\"mf-empty-space\" style=\"\"><div class=\"mf_empty_space_lg\"  style=\"height: 15px\"><\/div><div class=\"mf_empty_space_md\"  style=\"height: 15px\"><\/div><div class=\"mf_empty_space_xs\"  style=\"height: 15px\"><\/div><\/div><\/div><\/div><\/div><\/div><\/div><\/div>\n<\/div>","protected":false},"excerpt":{"rendered":"Hakk\u0131m\u0131zda Firmam\u0131z, Almanya\u2019da cami hal\u0131s\u0131 ve otel hal\u0131s\u0131 sekt\u00f6r\u00fcnde y\u0131llar\u0131n deneyimiyle hizmet veren lider bir firmad\u0131r. M\u00fc\u015fteri memnuniyetini \u00f6ncelikli hedef olarak belirleyerek, kaliteli \u00fcr\u00fcnler sunmay\u0131 ilke edinmi\u015f bulunmaktay\u0131z. Cami hal\u0131lar\u0131m\u0131z, ibadet alanlar\u0131ndaki huzuru ve esteti\u011fi \u00f6n planda tutarak \u00f6zel olarak tasarlanm\u0131\u015ft\u0131r. Farkl\u0131 renk, desen ve dokularda sundu\u011fumuz hal\u0131lar, geleneksel motiflerle modern tasar\u0131mlar\u0131 bir araya getirerek [...]","protected":false},"author":1,"featured_media":0,"parent":0,"menu_order":0,"comment_status":"closed","ping_status":"closed","template":"template-fullwidth.php","meta":{"_themeisle_gutenberg_block_has_review":false,"footnotes":""},"class_list":["post-3935","page","type-page","status-publish","hentry","no-thumb"],"yoast_head":"<!-- This site is optimized with the Yoast SEO Premium plugin v20.6 (Yoast SEO v26.6) - https:\/\/yoast.com\/wordpress\/plugins\/seo\/ -->\n<title>Hakk\u0131m\u0131zda - Moschee Teppich<\/title>\n<meta name=\"description\" content=\"Hakk\u0131m\u0131zda\" \/>\n<meta name=\"robots\" content=\"index, follow, max-snippet:-1, max-image-preview:large, max-video-preview:-1\" \/>\n<link rel=\"canonical\" href=\"https:\/\/moscheeteppich.net\/fr\/hakkimizda\/\" \/>\n<meta property=\"og:locale\" content=\"fr_FR\" \/>\n<meta property=\"og:type\" content=\"article\" \/>\n<meta property=\"og:title\" content=\"Hakk\u0131m\u0131zda\" \/>\n<meta property=\"og:description\" content=\"Hakk\u0131m\u0131zda\" \/>\n<meta property=\"og:url\" content=\"https:\/\/moscheeteppich.net\/fr\/hakkimizda\/\" \/>\n<meta property=\"og:site_name\" content=\"Moschee Teppich\" \/>\n<meta property=\"article:modified_time\" content=\"2024-11-03T11:19:26+00:00\" \/>\n<meta property=\"og:image\" content=\"https:\/\/moscheeteppich.net\/wp-content\/uploads\/2024\/11\/LOGO-1.jpg\" \/>\n\t<meta property=\"og:image:width\" content=\"188\" \/>\n\t<meta property=\"og:image:height\" content=\"68\" \/>\n\t<meta property=\"og:image:type\" content=\"image\/jpeg\" \/>\n<meta name=\"twitter:card\" content=\"summary_large_image\" \/>\n<meta name=\"twitter:label1\" content=\"Dur\u00e9e de lecture estim\u00e9e\" \/>\n\t<meta name=\"twitter:data1\" content=\"3 minutes\" \/>\n<script type=\"application\/ld+json\" class=\"yoast-schema-graph\">{\"@context\":\"https:\/\/schema.org\",\"@graph\":[{\"@type\":\"Article\",\"@id\":\"https:\/\/moscheeteppich.net\/hakkimizda\/#article\",\"isPartOf\":{\"@id\":\"https:\/\/moscheeteppich.net\/hakkimizda\/\"},\"author\":{\"name\":\"Moscheeteppich-Metin\",\"@id\":\"https:\/\/moscheeteppich.net\/#\/schema\/person\/bb41ec405224e657cf72022ef62c711f\"},\"headline\":\"Hakk\u0131m\u0131zda\",\"datePublished\":\"2017-10-31T07:44:25+00:00\",\"dateModified\":\"2024-11-03T11:19:26+00:00\",\"mainEntityOfPage\":{\"@id\":\"https:\/\/moscheeteppich.net\/hakkimizda\/\"},\"wordCount\":559,\"publisher\":{\"@id\":\"https:\/\/moscheeteppich.net\/#organization\"},\"inLanguage\":\"fr-FR\"},{\"@type\":\"WebPage\",\"@id\":\"https:\/\/moscheeteppich.net\/hakkimizda\/\",\"url\":\"https:\/\/moscheeteppich.net\/hakkimizda\/\",\"name\":\"Hakk\u0131m\u0131zda - Moschee Teppich\",\"isPartOf\":{\"@id\":\"https:\/\/moscheeteppich.net\/#website\"},\"datePublished\":\"2017-10-31T07:44:25+00:00\",\"dateModified\":\"2024-11-03T11:19:26+00:00\",\"description\":\"Hakk\u0131m\u0131zda\",\"breadcrumb\":{\"@id\":\"https:\/\/moscheeteppich.net\/hakkimizda\/#breadcrumb\"},\"inLanguage\":\"fr-FR\",\"potentialAction\":[{\"@type\":\"ReadAction\",\"target\":[\"https:\/\/moscheeteppich.net\/hakkimizda\/\"]}]},{\"@type\":\"BreadcrumbList\",\"@id\":\"https:\/\/moscheeteppich.net\/hakkimizda\/#breadcrumb\",\"itemListElement\":[{\"@type\":\"ListItem\",\"position\":1,\"name\":\"Anasayfa\",\"item\":\"https:\/\/moscheeteppich.net\/\"},{\"@type\":\"ListItem\",\"position\":2,\"name\":\"Hakk\u0131m\u0131zda\"}]},{\"@type\":\"WebSite\",\"@id\":\"https:\/\/moscheeteppich.net\/#website\",\"url\":\"https:\/\/moscheeteppich.net\/\",\"name\":\"https:\/\/moscheeteppich.net\/\",\"description\":\"Moschee Teppich\",\"publisher\":{\"@id\":\"https:\/\/moscheeteppich.net\/#organization\"},\"potentialAction\":[{\"@type\":\"SearchAction\",\"target\":{\"@type\":\"EntryPoint\",\"urlTemplate\":\"https:\/\/moscheeteppich.net\/?s={search_term_string}\"},\"query-input\":{\"@type\":\"PropertyValueSpecification\",\"valueRequired\":true,\"valueName\":\"search_term_string\"}}],\"inLanguage\":\"fr-FR\"},{\"@type\":[\"Organization\",\"Place\",\"LocalBusiness\"],\"@id\":\"https:\/\/moscheeteppich.net\/#organization\",\"name\":\"Moschee Teppich\",\"alternateName\":\"Moschee Teppich\",\"url\":\"https:\/\/moscheeteppich.net\/\",\"logo\":{\"@id\":\"https:\/\/moscheeteppich.net\/hakkimizda\/#local-main-organization-logo\"},\"image\":{\"@id\":\"https:\/\/moscheeteppich.net\/hakkimizda\/#local-main-organization-logo\"},\"address\":{\"@id\":\"https:\/\/moscheeteppich.net\/hakkimizda\/#local-main-place-address\"},\"geo\":{\"@type\":\"GeoCoordinates\",\"latitude\":\"51.52012440287321\",\"longitude\":\"7.083073803230826\"},\"telephone\":[\"+49 177 3276 389\"],\"openingHoursSpecification\":[{\"@type\":\"OpeningHoursSpecification\",\"dayOfWeek\":[\"Monday\",\"Tuesday\",\"Wednesday\",\"Thursday\",\"Friday\",\"Saturday\",\"Sunday\"],\"opens\":\"09:00\",\"closes\":\"17:00\"}],\"email\":\"info@moscheeteppich.net\"},{\"@type\":\"Person\",\"@id\":\"https:\/\/moscheeteppich.net\/#\/schema\/person\/bb41ec405224e657cf72022ef62c711f\",\"name\":\"Moscheeteppich-Metin\",\"image\":{\"@type\":\"ImageObject\",\"inLanguage\":\"fr-FR\",\"@id\":\"https:\/\/moscheeteppich.net\/#\/schema\/person\/image\/\",\"url\":\"https:\/\/secure.gravatar.com\/avatar\/35107ac0e47cbcbcfa7ca45a7c9b38c13972f3597eca9316c825572c4dcbc75b?s=96&d=mm&r=g\",\"contentUrl\":\"https:\/\/secure.gravatar.com\/avatar\/35107ac0e47cbcbcfa7ca45a7c9b38c13972f3597eca9316c825572c4dcbc75b?s=96&d=mm&r=g\",\"caption\":\"Moscheeteppich-Metin\"},\"sameAs\":[\"https:\/\/moscheeteppich.net\"],\"url\":\"https:\/\/moscheeteppich.net\/fr\/author\/admin\/\"},{\"@type\":\"PostalAddress\",\"@id\":\"https:\/\/moscheeteppich.net\/hakkimizda\/#local-main-place-address\",\"streetAddress\":\"Meraner Weg 4\",\"addressLocality\":\"Gelsenkirchen\",\"postalCode\":\"45881\",\"addressCountry\":\"DE\"},{\"@type\":\"ImageObject\",\"inLanguage\":\"fr-FR\",\"@id\":\"https:\/\/moscheeteppich.net\/hakkimizda\/#local-main-organization-logo\",\"url\":\"https:\/\/moscheeteppich.net\/wp-content\/uploads\/2024\/11\/LOGO-1.jpg\",\"contentUrl\":\"https:\/\/moscheeteppich.net\/wp-content\/uploads\/2024\/11\/LOGO-1.jpg\",\"width\":188,\"height\":68,\"caption\":\"Moschee Teppich\"}]}<\/script>\n<meta name=\"geo.placename\" content=\"Gelsenkirchen\" \/>\n<meta name=\"geo.position\" content=\"51.52012440287321;7.083073803230826\" \/>\n<meta name=\"geo.region\" content=\"Allemagne\" \/>\n<!-- \/ Yoast SEO Premium plugin. -->","yoast_head_json":{"title":"Hakk\u0131m\u0131zda - Moschee Teppich","description":"\u00e0 propos de nous","robots":{"index":"index","follow":"follow","max-snippet":"max-snippet:-1","max-image-preview":"max-image-preview:large","max-video-preview":"max-video-preview:-1"},"canonical":"https:\/\/moscheeteppich.net\/fr\/hakkimizda\/","og_locale":"fr_FR","og_type":"article","og_title":"Hakk\u0131m\u0131zda","og_description":"Hakk\u0131m\u0131zda","og_url":"https:\/\/moscheeteppich.net\/fr\/hakkimizda\/","og_site_name":"Moschee Teppich","article_modified_time":"2024-11-03T11:19:26+00:00","og_image":[{"width":188,"height":68,"url":"https:\/\/moscheeteppich.net\/wp-content\/uploads\/2024\/11\/LOGO-1.jpg","type":"image\/jpeg"}],"twitter_card":"summary_large_image","twitter_misc":{"Dur\u00e9e de lecture estim\u00e9e":"3 minutes"},"schema":{"@context":"https:\/\/schema.org","@graph":[{"@type":"Article","@id":"https:\/\/moscheeteppich.net\/hakkimizda\/#article","isPartOf":{"@id":"https:\/\/moscheeteppich.net\/hakkimizda\/"},"author":{"name":"Moscheeteppich-Metin","@id":"https:\/\/moscheeteppich.net\/#\/schema\/person\/bb41ec405224e657cf72022ef62c711f"},"headline":"Hakk\u0131m\u0131zda","datePublished":"2017-10-31T07:44:25+00:00","dateModified":"2024-11-03T11:19:26+00:00","mainEntityOfPage":{"@id":"https:\/\/moscheeteppich.net\/hakkimizda\/"},"wordCount":559,"publisher":{"@id":"https:\/\/moscheeteppich.net\/#organization"},"inLanguage":"fr-FR"},{"@type":"WebPage","@id":"https:\/\/moscheeteppich.net\/hakkimizda\/","url":"https:\/\/moscheeteppich.net\/hakkimizda\/","name":"Hakk\u0131m\u0131zda - Moschee Teppich","isPartOf":{"@id":"https:\/\/moscheeteppich.net\/#website"},"datePublished":"2017-10-31T07:44:25+00:00","dateModified":"2024-11-03T11:19:26+00:00","description":"\u00e0 propos de nous","breadcrumb":{"@id":"https:\/\/moscheeteppich.net\/hakkimizda\/#breadcrumb"},"inLanguage":"fr-FR","potentialAction":[{"@type":"ReadAction","target":["https:\/\/moscheeteppich.net\/hakkimizda\/"]}]},{"@type":"BreadcrumbList","@id":"https:\/\/moscheeteppich.net\/hakkimizda\/#breadcrumb","itemListElement":[{"@type":"ListItem","position":1,"name":"Anasayfa","item":"https:\/\/moscheeteppich.net\/"},{"@type":"ListItem","position":2,"name":"Hakk\u0131m\u0131zda"}]},{"@type":"WebSite","@id":"https:\/\/moscheeteppich.net\/#website","url":"https:\/\/moscheeteppich.net\/","name":"https:\/\/moscheeteppich.net\/fr\/","description":"Tapis de mosqu\u00e9e","publisher":{"@id":"https:\/\/moscheeteppich.net\/#organization"},"potentialAction":[{"@type":"SearchAction","target":{"@type":"EntryPoint","urlTemplate":"https:\/\/moscheeteppich.net\/?s={search_term_string}"},"query-input":{"@type":"PropertyValueSpecification","valueRequired":true,"valueName":"search_term_string"}}],"inLanguage":"fr-FR"},{"@type":["Organization","Place","LocalBusiness"],"@id":"https:\/\/moscheeteppich.net\/#organization","name":"Tapis de mosqu\u00e9e","alternateName":"Moschee Teppich","url":"https:\/\/moscheeteppich.net\/","logo":{"@id":"https:\/\/moscheeteppich.net\/hakkimizda\/#local-main-organization-logo"},"image":{"@id":"https:\/\/moscheeteppich.net\/hakkimizda\/#local-main-organization-logo"},"address":{"@id":"https:\/\/moscheeteppich.net\/hakkimizda\/#local-main-place-address"},"geo":{"@type":"GeoCoordinates","latitude":"51.52012440287321","longitude":"7.083073803230826"},"telephone":["+49 177 3276 389"],"openingHoursSpecification":[{"@type":"OpeningHoursSpecification","dayOfWeek":["Monday","Tuesday","Wednesday","Thursday","Friday","Saturday","Sunday"],"opens":"09:00","closes":"17:00"}],"email":"info@moscheeteppich.net"},{"@type":"Person","@id":"https:\/\/moscheeteppich.net\/#\/schema\/person\/bb41ec405224e657cf72022ef62c711f","name":"Moscheeteppich-Metin","image":{"@type":"ImageObject","inLanguage":"fr-FR","@id":"https:\/\/moscheeteppich.net\/#\/schema\/person\/image\/","url":"https:\/\/secure.gravatar.com\/avatar\/35107ac0e47cbcbcfa7ca45a7c9b38c13972f3597eca9316c825572c4dcbc75b?s=96&d=mm&r=g","contentUrl":"https:\/\/secure.gravatar.com\/avatar\/35107ac0e47cbcbcfa7ca45a7c9b38c13972f3597eca9316c825572c4dcbc75b?s=96&d=mm&r=g","caption":"Moscheeteppich-Metin"},"sameAs":["https:\/\/moscheeteppich.net"],"url":"https:\/\/moscheeteppich.net\/fr\/author\/admin\/"},{"@type":"PostalAddress","@id":"https:\/\/moscheeteppich.net\/hakkimizda\/#local-main-place-address","streetAddress":"Meraner Weg 4","addressLocality":"Gelsenkirchen","postalCode":"45881","addressCountry":"DE"},{"@type":"ImageObject","inLanguage":"fr-FR","@id":"https:\/\/moscheeteppich.net\/hakkimizda\/#local-main-organization-logo","url":"https:\/\/moscheeteppich.net\/wp-content\/uploads\/2024\/11\/LOGO-1.jpg","contentUrl":"https:\/\/moscheeteppich.net\/wp-content\/uploads\/2024\/11\/LOGO-1.jpg","width":188,"height":68,"caption":"Moschee Teppich"}]},"geo.placename":"Gelsenkirchen","geo.position":{"lat":"51.52012440287321","long":"7.083073803230826"},"geo.region":"Allemagne"},"_links":{"self":[{"href":"https:\/\/moscheeteppich.net\/fr\/wp-json\/wp\/v2\/pages\/3935","targetHints":{"allow":["GET"]}}],"collection":[{"href":"https:\/\/moscheeteppich.net\/fr\/wp-json\/wp\/v2\/pages"}],"about":[{"href":"https:\/\/moscheeteppich.net\/fr\/wp-json\/wp\/v2\/types\/page"}],"author":[{"embeddable":true,"href":"https:\/\/moscheeteppich.net\/fr\/wp-json\/wp\/v2\/users\/1"}],"replies":[{"embeddable":true,"href":"https:\/\/moscheeteppich.net\/fr\/wp-json\/wp\/v2\/comments?post=3935"}],"version-history":[{"count":0,"href":"https:\/\/moscheeteppich.net\/fr\/wp-json\/wp\/v2\/pages\/3935\/revisions"}],"wp:attachment":[{"href":"https:\/\/moscheeteppich.net\/fr\/wp-json\/wp\/v2\/media?parent=3935"}],"curies":[{"name":"wp","href":"https:\/\/api.w.org\/{rel}","templated":true}]}}