{"id":4613,"date":"2024-11-02T15:45:14","date_gmt":"2024-11-02T12:45:14","guid":{"rendered":"https:\/\/moscheeteppich.net\/?page_id=4613"},"modified":"2024-11-05T00:33:41","modified_gmt":"2024-11-04T21:33:41","slug":"cami-halilari","status":"publish","type":"page","link":"https:\/\/moscheeteppich.net\/fr\/cami-halilari\/","title":{"rendered":"Tapis de mosqu\u00e9e"},"content":{"rendered":"<div class=\"wpb-content-wrapper\"><div class=\"vc_row wpb_row vc_row-fluid\"><div class=\"container\"><div class=\"row\"><div class=\"wpb_column vc_column_container vc_col-sm-12\"><div class=\"vc_column-inner\"><div class=\"wpb_wrapper\"><div class=\"mf-empty-space\" style=\"\"><div class=\"mf_empty_space_lg\"  style=\"height: 80px\"><\/div><div class=\"mf_empty_space_md\"  style=\"height: 25px\"><\/div><div class=\"mf_empty_space_xs\"  style=\"height: 25px\"><\/div><\/div><h2 style=\"font-size: 26px;text-align: left\" class=\"vc_custom_heading vc_do_custom_heading fw-medium vc_custom_1730555981170\" >Tapis de mosqu\u00e9e<\/h2><div class=\"mf-empty-space\" style=\"\"><div class=\"mf_empty_space_lg\"  style=\"height: 20px\"><\/div><div class=\"mf_empty_space_md\"  style=\"height: 25px\"><\/div><div class=\"mf_empty_space_xs\"  style=\"height: 25px\"><\/div><\/div>\n\t<div class=\"wpb_text_column wpb_content_element\" >\n\t\t<div class=\"wpb_wrapper\">\n\t\t\t<h3 style=\"text-align: justify;\">L'\u00e9l\u00e9ment de base des espaces de culte<\/h3>\n<p style=\"text-align: justify;\">Les tapis de mosqu\u00e9e sont un \u00e9l\u00e9ment indispensable de l'architecture et de la culture islamiques. Ces tapis, qui refl\u00e8tent l'esprit des lieux de culte, sont non seulement un \u00e9l\u00e9ment esth\u00e9tique, mais aussi un \u00e9l\u00e9ment important qui soutient la dimension spirituelle du culte. Un examen d\u00e9taill\u00e9 de l\u2019histoire, de la conception et de la fonction des tapis de mosqu\u00e9e nous aidera \u00e0 mieux comprendre l\u2019importance de ces produits sp\u00e9ciaux.<\/p>\n<h4 style=\"text-align: justify;\">Histoire et d\u00e9veloppement<\/h4>\n<p style=\"text-align: justify;\">L\u2019histoire des tapis de mosqu\u00e9e s\u2019est d\u00e9velopp\u00e9e parall\u00e8lement \u00e0 la propagation de l\u2019Islam. Les premiers tapis de mosqu\u00e9e sont apparus comme le reflet des techniques de tissage traditionnelles des r\u00e9gions o\u00f9 les soci\u00e9t\u00e9s islamiques se sont d\u00e9velopp\u00e9es. Si ces tapis avaient au d\u00e9but une fonctionnalit\u00e9 simple, ils se sont enrichis au fil du temps en termes d\u2019esth\u00e9tique et de design. Au Moyen \u00c2ge, notamment \u00e0 l\u2019\u00e9poque de l\u2019Iran et de l\u2019Empire ottoman, les tapis de mosqu\u00e9e se sont transform\u00e9s en de grandes \u0153uvres d\u2019art.<\/p>\n<p style=\"text-align: justify;\">Les tapis produits durant cette p\u00e9riode attiraient l\u2019attention par leurs motifs \u00e9l\u00e9gants et leurs couleurs vibrantes. Alors que les tapis turcs traditionnels sont g\u00e9n\u00e9ralement d\u00e9cor\u00e9s de motifs et de symboles g\u00e9om\u00e9triques, les tapis persans sont d\u00e9cor\u00e9s de motifs plus courb\u00e9s et floraux. Les deux types portent une profonde signification culturelle dans les int\u00e9rieurs des mosqu\u00e9es.<\/p>\n<h4 style=\"text-align: justify;\">Conception de tapis de mosqu\u00e9e<\/h4>\n<p style=\"text-align: justify;\">Les tapis de mosqu\u00e9e sont g\u00e9n\u00e9ralement con\u00e7us dans un souci d\u2019esth\u00e9tique et de fonctionnalit\u00e9. Les tapis utilis\u00e9s dans les lieux de culte doivent fournir une surface confortable pendant les pri\u00e8res, ne pas glisser et durer longtemps. De plus, les couleurs et les motifs des tapis de mosqu\u00e9e doivent \u00eatre compatibles avec la structure architecturale de la mosqu\u00e9e.<\/p>\n<p style=\"text-align: justify;\">Les tapis de mosqu\u00e9e traditionnels sont g\u00e9n\u00e9ralement con\u00e7us dans une palette de couleurs sp\u00e9cifique. Les tons vert, bleu, rouge et or sont des couleurs fr\u00e9quemment utilis\u00e9es dans l\u2019art islamique. Ces couleurs cr\u00e9ent un sentiment de paix et de calme. Les motifs sont g\u00e9n\u00e9ralement d\u00e9cor\u00e9s de motifs g\u00e9om\u00e9triques ou floraux. Ces \u00e9l\u00e9ments de conception refl\u00e8tent l\u2019esprit et la signification profonde des mosqu\u00e9es.<\/p>\n<h4 style=\"text-align: justify;\">Mat\u00e9riau et processus de production<\/h4>\n<p style=\"text-align: justify;\">Les tapis de mosqu\u00e9e sont g\u00e9n\u00e9ralement fabriqu\u00e9s \u00e0 partir de laine, de coton ou de mat\u00e9riaux synth\u00e9tiques. Les tapis en laine ont la capacit\u00e9 de garder la chaleur et durent longtemps gr\u00e2ce \u00e0 leur structure naturelle. Les tapis en coton sont privil\u00e9gi\u00e9s car ils sont l\u00e9gers et lavables. Ces derni\u00e8res ann\u00e9es, l\u2019utilisation de mat\u00e9riaux synth\u00e9tiques a \u00e9galement augment\u00e9 ; Ces mat\u00e9riaux se distinguent par leur durabilit\u00e9 et leur facilit\u00e9 de nettoyage.<\/p>\n<p style=\"text-align: justify;\">Le processus de production \u00e9tablit un \u00e9quilibre entre les techniques de tissage traditionnelles et la technologie moderne. Alors que les tapis tiss\u00e9s \u00e0 la main sont pr\u00e9cieux en tant qu'artisanat qui n\u00e9cessite de la ma\u00eetrise, les tapis produits \u00e0 la machine peuvent \u00e9galement atteindre de grandes masses et offrir des options plus adapt\u00e9es \u00e9conomiquement.<\/p>\n<h4 style=\"text-align: justify;\">Fonction et importance<\/h4>\n<p style=\"text-align: justify;\">La fonction des tapis de mosqu\u00e9e ne se limite pas \u00e0 fournir un sol physique. Pendant le culte, le confort et l'esth\u00e9tique offerts par les tapis approfondissent l'exp\u00e9rience spirituelle. De plus, les tapis de mosqu\u00e9e jouent un r\u00f4le important en tant que symbole social. L\u2019agencement et l\u2019esth\u00e9tique des espaces de culte renforcent le sens de ces espaces o\u00f9 se rassemble la congr\u00e9gation.<\/p>\n<p style=\"text-align: justify;\">Les tapis de mosqu\u00e9e donnent aux gens un sentiment de paix et de tranquillit\u00e9 pendant la pri\u00e8re. Il offre le confort n\u00e9cessaire pour se tenir debout, se prosterner et s'asseoir. De plus, le nettoyage et l\u2019entretien des tapis affectent positivement l\u2019\u00e9tat spirituel et spirituel des fid\u00e8les. Il est donc important de nettoyer et d\u2019entretenir r\u00e9guli\u00e8rement les tapis des mosqu\u00e9es.<\/p>\n<h4 style=\"text-align: justify;\">Nettoyage et entretien des tapis de mosqu\u00e9e<\/h4>\n<p style=\"text-align: justify;\">Un entretien r\u00e9gulier est essentiel pour la longue dur\u00e9e de vie des tapis de mosqu\u00e9e. Nettoyer les tapis de la poussi\u00e8re et de la salet\u00e9 est important tant en termes d\u2019esth\u00e9tique que d\u2019hygi\u00e8ne. Le nettoyage des tapis commence g\u00e9n\u00e9ralement par un aspirateur. Pour un nettoyage en profondeur, il peut \u00eatre n\u00e9cessaire de faire appel \u00e0 des services de nettoyage professionnels.<\/p>\n<p style=\"text-align: justify;\">Les tapis en laine doivent \u00eatre essuy\u00e9s avec un chiffon humide et s\u00e9ch\u00e9s car ils ne sont pas r\u00e9sistants \u00e0 l'eau. Les tapis en coton peuvent g\u00e9n\u00e9ralement \u00eatre lav\u00e9s en machine. Les tapis synth\u00e9tiques \u00e9tant plus r\u00e9sistants \u00e0 l\u2019eau et aux taches, le processus de nettoyage est plus facile.<\/p>\n<h4 style=\"text-align: justify;\">en conclusion<\/h4>\n<p style=\"text-align: justify;\">Les tapis de mosqu\u00e9e ne sont pas seulement un \u00e9l\u00e9ment esth\u00e9tique des espaces de culte, mais aussi un symbole social et culturel. Ces tapis, qui portent les traces profondes de l\u2019art et de la culture islamiques, constituent un \u00e9l\u00e9ment important qui forme l\u2019esprit des mosqu\u00e9es. Fabriqu\u00e9s avec des mat\u00e9riaux de qualit\u00e9 et soigneusement con\u00e7us, les tapis de mosqu\u00e9e apportent non seulement confort et paix pendant le culte, mais cr\u00e9ent \u00e9galement un lien social qui rassemble la communaut\u00e9.<\/p>\n<p style=\"text-align: justify;\">Les tapis de mosqu\u00e9e continueront \u00e0 faire partie des \u00e9l\u00e9ments indispensables des lieux de culte, en tant que valeur qui porte \u00e0 la fois les traces du pass\u00e9 et celle du futur. Par cons\u00e9quent, la s\u00e9lection et l\u2019entretien des tapis de mosqu\u00e9e sont d\u2019une grande importance pour les fid\u00e8les. Un tapis de mosqu\u00e9e de qualit\u00e9 offre \u00e0 la fois une apparence esth\u00e9tique et approfondit une exp\u00e9rience spirituelle.<\/p>\n\n\t\t<\/div>\n\t<\/div>\n<div class=\"mf-empty-space\" style=\"\"><div class=\"mf_empty_space_lg\"  style=\"height: 60px\"><\/div><div class=\"mf_empty_space_md\"  style=\"height: 25px\"><\/div><div class=\"mf_empty_space_xs\"  style=\"height: 25px\"><\/div><\/div>\n<div class=\"vc_grid-container-wrapper vc_clearfix vc_grid-animation-zoomIn\">\n\t<div class=\"vc_grid-container vc_clearfix wpb_content_element vc_masonry_media_grid\" data-initial-loading-animation=\"zoomIn\" data-vc-grid-settings=\"{&quot;page_id&quot;:4613,&quot;style&quot;:&quot;all-masonry&quot;,&quot;action&quot;:&quot;vc_get_vc_grid_data&quot;,&quot;shortcode_id&quot;:&quot;1730755958113-75622b28fd784f82b302f461311ef25a-10&quot;,&quot;tag&quot;:&quot;vc_masonry_media_grid&quot;}\" data-vc-request=\"https:\/\/moscheeteppich.net\/wp-admin\/admin-ajax.php\" data-vc-post-id=\"4613\" data-vc-public-nonce=\"6c679b3860\">\n\t\t\n\t<\/div>\n<\/div><div class=\"mf-empty-space\" style=\"\"><div class=\"mf_empty_space_lg\"  style=\"height: 60px\"><\/div><div class=\"mf_empty_space_md\"  style=\"height: 25px\"><\/div><div class=\"mf_empty_space_xs\"  style=\"height: 25px\"><\/div><\/div><div class=\"mf-empty-space\" style=\"\"><div class=\"mf_empty_space_lg\"  style=\"height: 60px\"><\/div><div class=\"mf_empty_space_md\"  style=\"height: 25px\"><\/div><div class=\"mf_empty_space_xs\"  style=\"height: 25px\"><\/div><\/div><div class=\"mf-empty-space\" style=\"\"><div class=\"mf_empty_space_lg\"  style=\"height: 15px\"><\/div><div class=\"mf_empty_space_md\"  style=\"height: 15px\"><\/div><div class=\"mf_empty_space_xs\"  style=\"height: 15px\"><\/div><\/div><\/div><\/div><\/div><\/div><\/div><\/div>\n<\/div>","protected":false},"excerpt":{"rendered":"Cami Hal\u0131lar\u0131 \u0130badet Alanlar\u0131n\u0131n Temel Unsuru Cami hal\u0131lar\u0131, \u0130slam mimarisinin ve k\u00fclt\u00fcr\u00fcn\u00fcn vazge\u00e7ilmez bir par\u00e7as\u0131d\u0131r. \u0130badet alanlar\u0131n\u0131n ruhunu yans\u0131tan bu hal\u0131lar, sadece estetik bir \u00f6\u011fe de\u011fil, ayn\u0131 zamanda ibadetin manevi boyutunu da destekleyen \u00f6nemli bir unsurdur. Cami hal\u0131lar\u0131n\u0131n tarih\u00e7esi, tasar\u0131m\u0131 ve i\u015flevi \u00fczerine detayl\u0131 bir inceleme yapmak, bu \u00f6zel \u00fcr\u00fcnlerin \u00f6nemini daha iyi anlamam\u0131za yard\u0131mc\u0131 [...]","protected":false},"author":1,"featured_media":0,"parent":0,"menu_order":0,"comment_status":"closed","ping_status":"closed","template":"template-fullwidth.php","meta":{"_themeisle_gutenberg_block_has_review":false,"footnotes":""},"class_list":["post-4613","page","type-page","status-publish","hentry","no-thumb"],"yoast_head":"<!-- This site is optimized with the Yoast SEO Premium plugin v20.6 (Yoast SEO v26.6) - https:\/\/yoast.com\/wordpress\/plugins\/seo\/ -->\n<title>Cami Hal\u0131lar\u0131 - Moschee Teppich<\/title>\n<meta name=\"description\" content=\"Cami Hal\u0131lar\u0131\" \/>\n<meta name=\"robots\" content=\"index, follow, max-snippet:-1, max-image-preview:large, max-video-preview:-1\" \/>\n<link rel=\"canonical\" href=\"https:\/\/moscheeteppich.net\/fr\/cami-halilari\/\" \/>\n<meta property=\"og:locale\" content=\"fr_FR\" \/>\n<meta property=\"og:type\" content=\"article\" \/>\n<meta property=\"og:title\" content=\"Cami Hal\u0131lar\u0131\" \/>\n<meta property=\"og:description\" content=\"Cami Hal\u0131lar\u0131\" \/>\n<meta property=\"og:url\" content=\"https:\/\/moscheeteppich.net\/fr\/cami-halilari\/\" \/>\n<meta property=\"og:site_name\" content=\"Moschee Teppich\" \/>\n<meta property=\"article:modified_time\" content=\"2024-11-04T21:33:41+00:00\" \/>\n<meta property=\"og:image\" content=\"https:\/\/moscheeteppich.net\/wp-content\/uploads\/2024\/11\/LOGO-1.jpg\" \/>\n\t<meta property=\"og:image:width\" content=\"188\" \/>\n\t<meta property=\"og:image:height\" content=\"68\" \/>\n\t<meta property=\"og:image:type\" content=\"image\/jpeg\" \/>\n<meta name=\"twitter:card\" content=\"summary_large_image\" \/>\n<meta name=\"twitter:label1\" content=\"Dur\u00e9e de lecture estim\u00e9e\" \/>\n\t<meta name=\"twitter:data1\" content=\"3 minutes\" \/>\n<script type=\"application\/ld+json\" class=\"yoast-schema-graph\">{\"@context\":\"https:\/\/schema.org\",\"@graph\":[{\"@type\":\"Article\",\"@id\":\"https:\/\/moscheeteppich.net\/cami-halilari\/#article\",\"isPartOf\":{\"@id\":\"https:\/\/moscheeteppich.net\/cami-halilari\/\"},\"author\":{\"name\":\"Moscheeteppich-Metin\",\"@id\":\"https:\/\/moscheeteppich.net\/#\/schema\/person\/bb41ec405224e657cf72022ef62c711f\"},\"headline\":\"Cami Hal\u0131lar\u0131\",\"datePublished\":\"2024-11-02T12:45:14+00:00\",\"dateModified\":\"2024-11-04T21:33:41+00:00\",\"mainEntityOfPage\":{\"@id\":\"https:\/\/moscheeteppich.net\/cami-halilari\/\"},\"wordCount\":1009,\"publisher\":{\"@id\":\"https:\/\/moscheeteppich.net\/#organization\"},\"inLanguage\":\"fr-FR\"},{\"@type\":\"WebPage\",\"@id\":\"https:\/\/moscheeteppich.net\/cami-halilari\/\",\"url\":\"https:\/\/moscheeteppich.net\/cami-halilari\/\",\"name\":\"Cami Hal\u0131lar\u0131 - Moschee Teppich\",\"isPartOf\":{\"@id\":\"https:\/\/moscheeteppich.net\/#website\"},\"datePublished\":\"2024-11-02T12:45:14+00:00\",\"dateModified\":\"2024-11-04T21:33:41+00:00\",\"description\":\"Cami Hal\u0131lar\u0131\",\"breadcrumb\":{\"@id\":\"https:\/\/moscheeteppich.net\/cami-halilari\/#breadcrumb\"},\"inLanguage\":\"fr-FR\",\"potentialAction\":[{\"@type\":\"ReadAction\",\"target\":[\"https:\/\/moscheeteppich.net\/cami-halilari\/\"]}]},{\"@type\":\"BreadcrumbList\",\"@id\":\"https:\/\/moscheeteppich.net\/cami-halilari\/#breadcrumb\",\"itemListElement\":[{\"@type\":\"ListItem\",\"position\":1,\"name\":\"Anasayfa\",\"item\":\"https:\/\/moscheeteppich.net\/\"},{\"@type\":\"ListItem\",\"position\":2,\"name\":\"Cami Hal\u0131lar\u0131\"}]},{\"@type\":\"WebSite\",\"@id\":\"https:\/\/moscheeteppich.net\/#website\",\"url\":\"https:\/\/moscheeteppich.net\/\",\"name\":\"https:\/\/moscheeteppich.net\/\",\"description\":\"Moschee Teppich\",\"publisher\":{\"@id\":\"https:\/\/moscheeteppich.net\/#organization\"},\"potentialAction\":[{\"@type\":\"SearchAction\",\"target\":{\"@type\":\"EntryPoint\",\"urlTemplate\":\"https:\/\/moscheeteppich.net\/?s={search_term_string}\"},\"query-input\":{\"@type\":\"PropertyValueSpecification\",\"valueRequired\":true,\"valueName\":\"search_term_string\"}}],\"inLanguage\":\"fr-FR\"},{\"@type\":[\"Organization\",\"Place\",\"LocalBusiness\"],\"@id\":\"https:\/\/moscheeteppich.net\/#organization\",\"name\":\"Moschee Teppich\",\"alternateName\":\"Moschee Teppich\",\"url\":\"https:\/\/moscheeteppich.net\/\",\"logo\":{\"@id\":\"https:\/\/moscheeteppich.net\/cami-halilari\/#local-main-organization-logo\"},\"image\":{\"@id\":\"https:\/\/moscheeteppich.net\/cami-halilari\/#local-main-organization-logo\"},\"address\":{\"@id\":\"https:\/\/moscheeteppich.net\/cami-halilari\/#local-main-place-address\"},\"geo\":{\"@type\":\"GeoCoordinates\",\"latitude\":\"51.52012440287321\",\"longitude\":\"7.083073803230826\"},\"telephone\":[\"+49 177 3276 389\"],\"openingHoursSpecification\":[{\"@type\":\"OpeningHoursSpecification\",\"dayOfWeek\":[\"Monday\",\"Tuesday\",\"Wednesday\",\"Thursday\",\"Friday\",\"Saturday\",\"Sunday\"],\"opens\":\"09:00\",\"closes\":\"17:00\"}],\"email\":\"info@moscheeteppich.net\"},{\"@type\":\"Person\",\"@id\":\"https:\/\/moscheeteppich.net\/#\/schema\/person\/bb41ec405224e657cf72022ef62c711f\",\"name\":\"Moscheeteppich-Metin\",\"image\":{\"@type\":\"ImageObject\",\"inLanguage\":\"fr-FR\",\"@id\":\"https:\/\/moscheeteppich.net\/#\/schema\/person\/image\/\",\"url\":\"https:\/\/secure.gravatar.com\/avatar\/35107ac0e47cbcbcfa7ca45a7c9b38c13972f3597eca9316c825572c4dcbc75b?s=96&d=mm&r=g\",\"contentUrl\":\"https:\/\/secure.gravatar.com\/avatar\/35107ac0e47cbcbcfa7ca45a7c9b38c13972f3597eca9316c825572c4dcbc75b?s=96&d=mm&r=g\",\"caption\":\"Moscheeteppich-Metin\"},\"sameAs\":[\"https:\/\/moscheeteppich.net\"],\"url\":\"https:\/\/moscheeteppich.net\/fr\/author\/admin\/\"},{\"@type\":\"PostalAddress\",\"@id\":\"https:\/\/moscheeteppich.net\/cami-halilari\/#local-main-place-address\",\"streetAddress\":\"Meraner Weg 4\",\"addressLocality\":\"Gelsenkirchen\",\"postalCode\":\"45881\",\"addressCountry\":\"DE\"},{\"@type\":\"ImageObject\",\"inLanguage\":\"fr-FR\",\"@id\":\"https:\/\/moscheeteppich.net\/cami-halilari\/#local-main-organization-logo\",\"url\":\"https:\/\/moscheeteppich.net\/wp-content\/uploads\/2024\/11\/LOGO-1.jpg\",\"contentUrl\":\"https:\/\/moscheeteppich.net\/wp-content\/uploads\/2024\/11\/LOGO-1.jpg\",\"width\":188,\"height\":68,\"caption\":\"Moschee Teppich\"}]}<\/script>\n<meta name=\"geo.placename\" content=\"Gelsenkirchen\" \/>\n<meta name=\"geo.position\" content=\"51.52012440287321;7.083073803230826\" \/>\n<meta name=\"geo.region\" content=\"Allemagne\" \/>\n<!-- \/ Yoast SEO Premium plugin. -->","yoast_head_json":{"title":"Cami Hal\u0131lar\u0131 - Moschee Teppich","description":"Tapis de mosqu\u00e9e","robots":{"index":"index","follow":"follow","max-snippet":"max-snippet:-1","max-image-preview":"max-image-preview:large","max-video-preview":"max-video-preview:-1"},"canonical":"https:\/\/moscheeteppich.net\/fr\/cami-halilari\/","og_locale":"fr_FR","og_type":"article","og_title":"Cami Hal\u0131lar\u0131","og_description":"Cami Hal\u0131lar\u0131","og_url":"https:\/\/moscheeteppich.net\/fr\/cami-halilari\/","og_site_name":"Moschee Teppich","article_modified_time":"2024-11-04T21:33:41+00:00","og_image":[{"width":188,"height":68,"url":"https:\/\/moscheeteppich.net\/wp-content\/uploads\/2024\/11\/LOGO-1.jpg","type":"image\/jpeg"}],"twitter_card":"summary_large_image","twitter_misc":{"Dur\u00e9e de lecture estim\u00e9e":"3 minutes"},"schema":{"@context":"https:\/\/schema.org","@graph":[{"@type":"Article","@id":"https:\/\/moscheeteppich.net\/cami-halilari\/#article","isPartOf":{"@id":"https:\/\/moscheeteppich.net\/cami-halilari\/"},"author":{"name":"Moscheeteppich-Metin","@id":"https:\/\/moscheeteppich.net\/#\/schema\/person\/bb41ec405224e657cf72022ef62c711f"},"headline":"Cami Hal\u0131lar\u0131","datePublished":"2024-11-02T12:45:14+00:00","dateModified":"2024-11-04T21:33:41+00:00","mainEntityOfPage":{"@id":"https:\/\/moscheeteppich.net\/cami-halilari\/"},"wordCount":1009,"publisher":{"@id":"https:\/\/moscheeteppich.net\/#organization"},"inLanguage":"fr-FR"},{"@type":"WebPage","@id":"https:\/\/moscheeteppich.net\/cami-halilari\/","url":"https:\/\/moscheeteppich.net\/cami-halilari\/","name":"Cami Hal\u0131lar\u0131 - Moschee Teppich","isPartOf":{"@id":"https:\/\/moscheeteppich.net\/#website"},"datePublished":"2024-11-02T12:45:14+00:00","dateModified":"2024-11-04T21:33:41+00:00","description":"Tapis de mosqu\u00e9e","breadcrumb":{"@id":"https:\/\/moscheeteppich.net\/cami-halilari\/#breadcrumb"},"inLanguage":"fr-FR","potentialAction":[{"@type":"ReadAction","target":["https:\/\/moscheeteppich.net\/cami-halilari\/"]}]},{"@type":"BreadcrumbList","@id":"https:\/\/moscheeteppich.net\/cami-halilari\/#breadcrumb","itemListElement":[{"@type":"ListItem","position":1,"name":"Anasayfa","item":"https:\/\/moscheeteppich.net\/"},{"@type":"ListItem","position":2,"name":"Cami Hal\u0131lar\u0131"}]},{"@type":"WebSite","@id":"https:\/\/moscheeteppich.net\/#website","url":"https:\/\/moscheeteppich.net\/","name":"https:\/\/moscheeteppich.net\/fr\/","description":"Tapis de mosqu\u00e9e","publisher":{"@id":"https:\/\/moscheeteppich.net\/#organization"},"potentialAction":[{"@type":"SearchAction","target":{"@type":"EntryPoint","urlTemplate":"https:\/\/moscheeteppich.net\/?s={search_term_string}"},"query-input":{"@type":"PropertyValueSpecification","valueRequired":true,"valueName":"search_term_string"}}],"inLanguage":"fr-FR"},{"@type":["Organization","Place","LocalBusiness"],"@id":"https:\/\/moscheeteppich.net\/#organization","name":"Tapis de mosqu\u00e9e","alternateName":"Moschee Teppich","url":"https:\/\/moscheeteppich.net\/","logo":{"@id":"https:\/\/moscheeteppich.net\/cami-halilari\/#local-main-organization-logo"},"image":{"@id":"https:\/\/moscheeteppich.net\/cami-halilari\/#local-main-organization-logo"},"address":{"@id":"https:\/\/moscheeteppich.net\/cami-halilari\/#local-main-place-address"},"geo":{"@type":"GeoCoordinates","latitude":"51.52012440287321","longitude":"7.083073803230826"},"telephone":["+49 177 3276 389"],"openingHoursSpecification":[{"@type":"OpeningHoursSpecification","dayOfWeek":["Monday","Tuesday","Wednesday","Thursday","Friday","Saturday","Sunday"],"opens":"09:00","closes":"17:00"}],"email":"info@moscheeteppich.net"},{"@type":"Person","@id":"https:\/\/moscheeteppich.net\/#\/schema\/person\/bb41ec405224e657cf72022ef62c711f","name":"Moscheeteppich-Metin","image":{"@type":"ImageObject","inLanguage":"fr-FR","@id":"https:\/\/moscheeteppich.net\/#\/schema\/person\/image\/","url":"https:\/\/secure.gravatar.com\/avatar\/35107ac0e47cbcbcfa7ca45a7c9b38c13972f3597eca9316c825572c4dcbc75b?s=96&d=mm&r=g","contentUrl":"https:\/\/secure.gravatar.com\/avatar\/35107ac0e47cbcbcfa7ca45a7c9b38c13972f3597eca9316c825572c4dcbc75b?s=96&d=mm&r=g","caption":"Moscheeteppich-Metin"},"sameAs":["https:\/\/moscheeteppich.net"],"url":"https:\/\/moscheeteppich.net\/fr\/author\/admin\/"},{"@type":"PostalAddress","@id":"https:\/\/moscheeteppich.net\/cami-halilari\/#local-main-place-address","streetAddress":"Meraner Weg 4","addressLocality":"Gelsenkirchen","postalCode":"45881","addressCountry":"DE"},{"@type":"ImageObject","inLanguage":"fr-FR","@id":"https:\/\/moscheeteppich.net\/cami-halilari\/#local-main-organization-logo","url":"https:\/\/moscheeteppich.net\/wp-content\/uploads\/2024\/11\/LOGO-1.jpg","contentUrl":"https:\/\/moscheeteppich.net\/wp-content\/uploads\/2024\/11\/LOGO-1.jpg","width":188,"height":68,"caption":"Moschee Teppich"}]},"geo.placename":"Gelsenkirchen","geo.position":{"lat":"51.52012440287321","long":"7.083073803230826"},"geo.region":"Allemagne"},"_links":{"self":[{"href":"https:\/\/moscheeteppich.net\/fr\/wp-json\/wp\/v2\/pages\/4613","targetHints":{"allow":["GET"]}}],"collection":[{"href":"https:\/\/moscheeteppich.net\/fr\/wp-json\/wp\/v2\/pages"}],"about":[{"href":"https:\/\/moscheeteppich.net\/fr\/wp-json\/wp\/v2\/types\/page"}],"author":[{"embeddable":true,"href":"https:\/\/moscheeteppich.net\/fr\/wp-json\/wp\/v2\/users\/1"}],"replies":[{"embeddable":true,"href":"https:\/\/moscheeteppich.net\/fr\/wp-json\/wp\/v2\/comments?post=4613"}],"version-history":[{"count":0,"href":"https:\/\/moscheeteppich.net\/fr\/wp-json\/wp\/v2\/pages\/4613\/revisions"}],"wp:attachment":[{"href":"https:\/\/moscheeteppich.net\/fr\/wp-json\/wp\/v2\/media?parent=4613"}],"curies":[{"name":"wp","href":"https:\/\/api.w.org\/{rel}","templated":true}]}}