{"id":4617,"date":"2024-11-02T15:48:46","date_gmt":"2024-11-02T12:48:46","guid":{"rendered":"https:\/\/moscheeteppich.net\/?page_id=4617"},"modified":"2024-11-05T00:56:21","modified_gmt":"2024-11-04T21:56:21","slug":"yurt-halilari","status":"publish","type":"page","link":"https:\/\/moscheeteppich.net\/fr\/yurt-halilari\/","title":{"rendered":"Tapis de dortoir"},"content":{"rendered":"<div class=\"wpb-content-wrapper\"><div class=\"vc_row wpb_row vc_row-fluid\"><div class=\"container\"><div class=\"row\"><div class=\"wpb_column vc_column_container vc_col-sm-12\"><div class=\"vc_column-inner\"><div class=\"wpb_wrapper\"><div class=\"mf-empty-space\" style=\"\"><div class=\"mf_empty_space_lg\"  style=\"height: 80px\"><\/div><div class=\"mf_empty_space_md\"  style=\"height: 25px\"><\/div><div class=\"mf_empty_space_xs\"  style=\"height: 25px\"><\/div><\/div><h2 style=\"font-size: 26px;text-align: left\" class=\"vc_custom_heading vc_do_custom_heading fw-medium vc_custom_1730554955496\" >Tapis de dortoir<\/h2><div class=\"mf-empty-space\" style=\"\"><div class=\"mf_empty_space_lg\"  style=\"height: 20px\"><\/div><div class=\"mf_empty_space_md\"  style=\"height: 25px\"><\/div><div class=\"mf_empty_space_xs\"  style=\"height: 25px\"><\/div><\/div>\n\t<div class=\"wpb_text_column wpb_content_element\" >\n\t\t<div class=\"wpb_wrapper\">\n\t\t\t<h3 style=\"text-align: justify;\">Tapis utilis\u00e9s dans les dortoirs : le point de rencontre du confort et de l\u2019esth\u00e9tique<\/h3>\n<p style=\"text-align: justify;\">Les r\u00e9sidences universitaires constituent une partie importante de la vie \u00e9tudiante et jouent un r\u00f4le essentiel dans le d\u00e9veloppement social, acad\u00e9mique et culturel des jeunes. Les tapis utilis\u00e9s dans les dortoirs sont l'un des \u00e9l\u00e9ments qui augmentent le confort de ces espaces de vie et cr\u00e9ent une atmosph\u00e8re esth\u00e9tique. L'importance des tapis dans la vie en dortoir est grande en termes de confort physique et d'impact psychologique.<\/p>\n<h4 style=\"text-align: justify;\">L'importance des tapis de dortoir<\/h4>\n<p style=\"text-align: justify;\">Les tapis pour dortoirs se distinguent non seulement comme rev\u00eatement de sol, mais aussi comme \u00e9l\u00e9ment important qui d\u00e9termine l'atmosph\u00e8re de la vie en dortoir. Des tapis bien choisis rendent les espaces de vie plus chaleureux et plus accueillants. De plus, les dortoirs sont souvent des lieux \u00e0 forte concentration d'\u00e9tudiants ; Il est donc \u00e9galement important que les tapis soient durables et faciles \u00e0 entretenir.<\/p>\n<p style=\"text-align: justify;\">Les tapis sont utilis\u00e9s dans les dortoirs, les couloirs et les espaces communs pour contribuer \u00e0 l\u2019isolation phonique et offrir un environnement plus calme pendant la marche. Cette fonctionnalit\u00e9 cr\u00e9e un environnement plus productif en r\u00e9duisant le bruit qui distrait les \u00e9tudiants, notamment lorsqu'ils \u00e9tudient ou se d\u00e9tendent.<\/p>\n<h4 style=\"text-align: justify;\">S\u00e9lection des mat\u00e9riaux<\/h4>\n<p style=\"text-align: justify;\">Le choix des mat\u00e9riaux des tapis utilis\u00e9s dans les dortoirs est d'une grande importance en termes de durabilit\u00e9 et de confort. G\u00e9n\u00e9ralement, les tapis pour dortoirs sont fabriqu\u00e9s \u00e0 partir de laine, de polyester, d'acrylique ou de fibres m\u00e9lang\u00e9es.<\/p>\n<ol style=\"text-align: justify;\">\n<li><strong>Tapis en laine\u00a0:<\/strong>\u00a0La laine, mati\u00e8re naturelle, attire l'attention gr\u00e2ce \u00e0 sa fonction de maintien de la chaleur. Les tapis en laine absorbent bien l\u2019humidit\u00e9 et ont la capacit\u00e9 de rester frais par temps chaud. Cependant, l\u2019entretien des tapis en laine peut s\u2019av\u00e9rer un peu plus difficile.<\/li>\n<li><strong>Tapis en polyester\u00a0:<\/strong>\u00a0Le polyester, une option \u00e9conomique et durable, est g\u00e9n\u00e9ralement pr\u00e9f\u00e9r\u00e9 dans les dortoirs. Gr\u00e2ce \u00e0 sa r\u00e9sistance \u00e0 l'eau et aux taches, il offre un mat\u00e9riau adapt\u00e9 \u00e0 un usage intensif. Les tapis en polyester sont \u00e9galement faciles \u00e0 nettoyer et durables.<\/li>\n<li><strong>Tapis acryliques\u00a0:<\/strong>\u00a0Bien que l'acrylique offre un aspect naturel comme la laine, il est \u00e9galement durable en tant que mat\u00e9riau synth\u00e9tique. Ses couleurs r\u00e9sistent \u00e0 la d\u00e9coloration et il est tr\u00e8s facile d'entretien. C\u2019est g\u00e9n\u00e9ralement une option largement privil\u00e9gi\u00e9e dans les dortoirs.<\/li>\n<li><strong>Fibres m\u00e9lang\u00e9es\u00a0:<\/strong>\u00a0Les fibres m\u00e9lang\u00e9es cr\u00e9\u00e9es en combinant diff\u00e9rents mat\u00e9riaux attirent l'attention \u00e0 la fois par leur durabilit\u00e9 et leur aspect esth\u00e9tique. Ils se pr\u00e9sentent souvent comme une option rentable.<\/li>\n<\/ol>\n<h4 style=\"text-align: justify;\">Design et esth\u00e9tique<\/h4>\n<p style=\"text-align: justify;\">La conception des tapis de dortoir affecte l'atmosph\u00e8re g\u00e9n\u00e9rale de la vie en dortoir. Tandis que les motifs modernes, color\u00e9s et dynamiques refl\u00e8tent l'\u00e9nergie des jeunes, les tons unis et neutres cr\u00e9ent un environnement calme. Diff\u00e9rentes pr\u00e9f\u00e9rences de conception peuvent \u00eatre utilis\u00e9es dans diverses zones des dortoirs\u00a0:<\/p>\n<ul style=\"text-align: justify;\">\n<li><strong>Tapis de chambre\u00a0:<\/strong>\u00a0Les tapis utilis\u00e9s dans les chambres d\u2019\u00e9tudiants ont g\u00e9n\u00e9ralement des tons de couleurs plus chaudes. Ces tapis aident les \u00e9tudiants \u00e0 se sentir comme chez eux.<\/li>\n<li><strong>Tapis de couloir\u00a0:<\/strong>\u00a0Les tapis utilis\u00e9s dans les couloirs des dortoirs ont la particularit\u00e9 d\u2019\u00eatre durables et faciles \u00e0 nettoyer. Les couleurs sombres et les motifs g\u00e9om\u00e9triques sont g\u00e9n\u00e9ralement pr\u00e9f\u00e9r\u00e9s ; De cette fa\u00e7on, les taches sont moins visibles.<\/li>\n<li><strong>Tapis des espaces communs\u00a0:<\/strong>\u00a0Des tapis plus vibrants et color\u00e9s peuvent \u00eatre utilis\u00e9s dans les espaces publics tels que les cuisines, les salons et les zones de loisirs. Cela augmente l'interaction sociale et rend l'espace plus accueillant.<\/li>\n<\/ul>\n<h4 style=\"text-align: justify;\">Nettoyage et entretien<\/h4>\n<p style=\"text-align: justify;\">Le nettoyage et l\u2019entretien des tapis des dortoirs rev\u00eatent une grande importance tant en termes d\u2019hygi\u00e8ne qu\u2019esth\u00e9tique. Dans les zones \u00e0 forte densit\u00e9 \u00e9tudiante, le nettoyage r\u00e9gulier des tapis est une \u00e9tape essentielle pour r\u00e9duire les allerg\u00e8nes et les germes.<\/p>\n<p style=\"text-align: justify;\">Les \u00e9tapes suivantes sont recommand\u00e9es pour l\u2019entretien des tapis :<\/p>\n<ol style=\"text-align: justify;\">\n<li><strong>Passage r\u00e9gulier \u00e0 l'aspirateur\u00a0:<\/strong>\u00a0Les tapis doivent \u00eatre aspir\u00e9s au moins une fois par semaine pour \u00e9liminer la poussi\u00e8re et la salet\u00e9. Surtout dans les environnements surpeupl\u00e9s tels que les dortoirs, ce processus est important pour garantir un environnement hygi\u00e9nique.<\/li>\n<li><strong>Nettoyage des taches\u00a0:<\/strong>\u00a0Les taches sur les tapis peuvent devenir permanentes si elles ne sont pas trait\u00e9es imm\u00e9diatement. Lorsqu'une tache appara\u00eet, elle doit \u00eatre trait\u00e9e avec des produits de nettoyage appropri\u00e9s dans les plus brefs d\u00e9lais.<\/li>\n<li><strong>Nettoyage professionnel :<\/strong>\u00a0Le recours \u00e0 des services professionnels de nettoyage de tapis \u00e0 intervalles r\u00e9guliers prolonge la dur\u00e9e de vie des tapis et permet un nettoyage en profondeur. Ce processus aide les tapis \u00e0 conserver leurs couleurs \u00e9clatantes.<\/li>\n<\/ol>\n<h4 style=\"text-align: justify;\">Effet psychologique des tapis de dortoir<\/h4>\n<p style=\"text-align: justify;\">Une autre dimension importante des tapis dans la vie en dortoir est leur effet psychologique. Un environnement chaleureux et accueillant peut r\u00e9duire le niveau de stress des \u00e9tudiants et encourager les interactions sociales. La couleur et le motif des tapis peuvent affecter l'humeur des \u00e9l\u00e8ves ; Alors que les couleurs vives apportent \u00e9nergie et motivation, les tons plus calmes peuvent donner un sentiment de paix et de s\u00e9r\u00e9nit\u00e9.<\/p>\n<p style=\"text-align: justify;\">Surtout dans les zones d'\u00e9tude et de repos, le confort apport\u00e9 par les tapis peut augmenter la productivit\u00e9 des \u00e9tudiants. Un sol souple permet aux \u00e9tudiants de passer du temps confortablement.<\/p>\n<h4 style=\"text-align: justify;\">en conclusion<\/h4>\n<p style=\"text-align: justify;\">Les tapis utilis\u00e9s dans les dortoirs jouent un r\u00f4le important tant en termes de confort physique qu\u2019esth\u00e9tique. La durabilit\u00e9, le choix des mat\u00e9riaux et la conception sont des facteurs qui affectent la qualit\u00e9 de vie en dortoir. De plus, le confort apport\u00e9 par les tapis peut avoir un impact positif sur la vie sociale et acad\u00e9mique des \u00e9tudiants.<\/p>\n<p style=\"text-align: justify;\">L\u2019entretien r\u00e9gulier des tapis est important en termes d\u2019hygi\u00e8ne et d\u2019esth\u00e9tique. Par cons\u00e9quent, si les gestionnaires des dortoirs font attention \u00e0 la s\u00e9lection et \u00e0 l\u2019entretien des tapis, cela augmentera la qualit\u00e9 de vie des dortoirs. De ce fait, les tapis utilis\u00e9s dans les dortoirs ne sont pas seulement des rev\u00eatements de sol, mais aussi un \u00e9l\u00e9ment important qui refl\u00e8te l'esprit des espaces de vie des \u00e9tudiants.<\/p>\n\n\t\t<\/div>\n\t<\/div>\n<div class=\"mf-empty-space\" style=\"\"><div class=\"mf_empty_space_lg\"  style=\"height: 60px\"><\/div><div class=\"mf_empty_space_md\"  style=\"height: 25px\"><\/div><div class=\"mf_empty_space_xs\"  style=\"height: 25px\"><\/div><\/div>\n<div class=\"vc_grid-container-wrapper vc_clearfix vc_grid-animation-zoomIn\">\n\t<div class=\"vc_grid-container vc_clearfix wpb_content_element vc_masonry_media_grid\" data-initial-loading-animation=\"zoomIn\" data-vc-grid-settings=\"{&quot;page_id&quot;:4617,&quot;style&quot;:&quot;all-masonry&quot;,&quot;action&quot;:&quot;vc_get_vc_grid_data&quot;,&quot;shortcode_id&quot;:&quot;1730757363630-7844c564d033c21a372c8c5a5748f8e8-3&quot;,&quot;tag&quot;:&quot;vc_masonry_media_grid&quot;}\" data-vc-request=\"https:\/\/moscheeteppich.net\/wp-admin\/admin-ajax.php\" data-vc-post-id=\"4617\" data-vc-public-nonce=\"6c679b3860\">\n\t\t\n\t<\/div>\n<\/div><div class=\"mf-empty-space\" style=\"\"><div class=\"mf_empty_space_lg\"  style=\"height: 60px\"><\/div><div class=\"mf_empty_space_md\"  style=\"height: 25px\"><\/div><div class=\"mf_empty_space_xs\"  style=\"height: 25px\"><\/div><\/div><div class=\"mf-empty-space\" style=\"\"><div class=\"mf_empty_space_lg\"  style=\"height: 60px\"><\/div><div class=\"mf_empty_space_md\"  style=\"height: 25px\"><\/div><div class=\"mf_empty_space_xs\"  style=\"height: 25px\"><\/div><\/div><div class=\"mf-empty-space\" style=\"\"><div class=\"mf_empty_space_lg\"  style=\"height: 15px\"><\/div><div class=\"mf_empty_space_md\"  style=\"height: 15px\"><\/div><div class=\"mf_empty_space_xs\"  style=\"height: 15px\"><\/div><\/div><\/div><\/div><\/div><\/div><\/div><\/div>\n<\/div>","protected":false},"excerpt":{"rendered":"Yurt Hal\u0131lar\u0131 Yurtlarda Kullan\u0131lan Hal\u0131lar: Konfor ve Esteti\u011fin Bulu\u015fma Noktas\u0131 Yurtlar, \u00f6\u011frenci hayat\u0131n\u0131n \u00f6nemli bir par\u00e7as\u0131n\u0131 olu\u015fturur ve gen\u00e7lerin sosyal, akademik ve k\u00fclt\u00fcrel geli\u015fimlerinde kritik bir rol oynar. Yurtlarda kullan\u0131lan hal\u0131lar, bu ya\u015fam alanlar\u0131n\u0131n konforunu art\u0131ran ve estetik bir atmosfer yaratan unsurlardan biridir. Hal\u0131lar\u0131n yurt ya\u015fam\u0131ndaki \u00f6nemi, hem fiziksel konfor hem de psikolojik etki a\u00e7\u0131s\u0131ndan [...]","protected":false},"author":1,"featured_media":0,"parent":0,"menu_order":0,"comment_status":"closed","ping_status":"closed","template":"template-fullwidth.php","meta":{"_themeisle_gutenberg_block_has_review":false,"footnotes":""},"class_list":["post-4617","page","type-page","status-publish","hentry","no-thumb"],"yoast_head":"<!-- This site is optimized with the Yoast SEO Premium plugin v20.6 (Yoast SEO v26.6) - https:\/\/yoast.com\/wordpress\/plugins\/seo\/ -->\n<title>Yurt Hal\u0131lar\u0131 - Moschee Teppich<\/title>\n<meta name=\"description\" content=\"Yurt Hal\u0131lar\u0131\" \/>\n<meta name=\"robots\" content=\"index, follow, max-snippet:-1, max-image-preview:large, max-video-preview:-1\" \/>\n<link rel=\"canonical\" href=\"https:\/\/moscheeteppich.net\/fr\/yurt-halilari\/\" \/>\n<meta property=\"og:locale\" content=\"fr_FR\" \/>\n<meta property=\"og:type\" content=\"article\" \/>\n<meta property=\"og:title\" content=\"Yurt Hal\u0131lar\u0131\" \/>\n<meta property=\"og:description\" content=\"Yurt Hal\u0131lar\u0131\" \/>\n<meta property=\"og:url\" content=\"https:\/\/moscheeteppich.net\/fr\/yurt-halilari\/\" \/>\n<meta property=\"og:site_name\" content=\"Moschee Teppich\" \/>\n<meta property=\"article:modified_time\" content=\"2024-11-04T21:56:21+00:00\" \/>\n<meta property=\"og:image\" content=\"https:\/\/moscheeteppich.net\/wp-content\/uploads\/2024\/11\/LOGO-1.jpg\" \/>\n\t<meta property=\"og:image:width\" content=\"188\" \/>\n\t<meta property=\"og:image:height\" content=\"68\" \/>\n\t<meta property=\"og:image:type\" content=\"image\/jpeg\" \/>\n<meta name=\"twitter:card\" content=\"summary_large_image\" \/>\n<meta name=\"twitter:label1\" content=\"Dur\u00e9e de lecture estim\u00e9e\" \/>\n\t<meta name=\"twitter:data1\" content=\"3 minutes\" \/>\n<script type=\"application\/ld+json\" class=\"yoast-schema-graph\">{\"@context\":\"https:\/\/schema.org\",\"@graph\":[{\"@type\":\"Article\",\"@id\":\"https:\/\/moscheeteppich.net\/yurt-halilari\/#article\",\"isPartOf\":{\"@id\":\"https:\/\/moscheeteppich.net\/yurt-halilari\/\"},\"author\":{\"name\":\"Moscheeteppich-Metin\",\"@id\":\"https:\/\/moscheeteppich.net\/#\/schema\/person\/bb41ec405224e657cf72022ef62c711f\"},\"headline\":\"Yurt Hal\u0131lar\u0131\",\"datePublished\":\"2024-11-02T12:48:46+00:00\",\"dateModified\":\"2024-11-04T21:56:21+00:00\",\"mainEntityOfPage\":{\"@id\":\"https:\/\/moscheeteppich.net\/yurt-halilari\/\"},\"wordCount\":1119,\"publisher\":{\"@id\":\"https:\/\/moscheeteppich.net\/#organization\"},\"inLanguage\":\"fr-FR\"},{\"@type\":\"WebPage\",\"@id\":\"https:\/\/moscheeteppich.net\/yurt-halilari\/\",\"url\":\"https:\/\/moscheeteppich.net\/yurt-halilari\/\",\"name\":\"Yurt Hal\u0131lar\u0131 - Moschee Teppich\",\"isPartOf\":{\"@id\":\"https:\/\/moscheeteppich.net\/#website\"},\"datePublished\":\"2024-11-02T12:48:46+00:00\",\"dateModified\":\"2024-11-04T21:56:21+00:00\",\"description\":\"Yurt Hal\u0131lar\u0131\",\"breadcrumb\":{\"@id\":\"https:\/\/moscheeteppich.net\/yurt-halilari\/#breadcrumb\"},\"inLanguage\":\"fr-FR\",\"potentialAction\":[{\"@type\":\"ReadAction\",\"target\":[\"https:\/\/moscheeteppich.net\/yurt-halilari\/\"]}]},{\"@type\":\"BreadcrumbList\",\"@id\":\"https:\/\/moscheeteppich.net\/yurt-halilari\/#breadcrumb\",\"itemListElement\":[{\"@type\":\"ListItem\",\"position\":1,\"name\":\"Anasayfa\",\"item\":\"https:\/\/moscheeteppich.net\/\"},{\"@type\":\"ListItem\",\"position\":2,\"name\":\"Yurt Hal\u0131lar\u0131\"}]},{\"@type\":\"WebSite\",\"@id\":\"https:\/\/moscheeteppich.net\/#website\",\"url\":\"https:\/\/moscheeteppich.net\/\",\"name\":\"https:\/\/moscheeteppich.net\/\",\"description\":\"Moschee Teppich\",\"publisher\":{\"@id\":\"https:\/\/moscheeteppich.net\/#organization\"},\"potentialAction\":[{\"@type\":\"SearchAction\",\"target\":{\"@type\":\"EntryPoint\",\"urlTemplate\":\"https:\/\/moscheeteppich.net\/?s={search_term_string}\"},\"query-input\":{\"@type\":\"PropertyValueSpecification\",\"valueRequired\":true,\"valueName\":\"search_term_string\"}}],\"inLanguage\":\"fr-FR\"},{\"@type\":[\"Organization\",\"Place\",\"LocalBusiness\"],\"@id\":\"https:\/\/moscheeteppich.net\/#organization\",\"name\":\"Moschee Teppich\",\"alternateName\":\"Moschee Teppich\",\"url\":\"https:\/\/moscheeteppich.net\/\",\"logo\":{\"@id\":\"https:\/\/moscheeteppich.net\/yurt-halilari\/#local-main-organization-logo\"},\"image\":{\"@id\":\"https:\/\/moscheeteppich.net\/yurt-halilari\/#local-main-organization-logo\"},\"address\":{\"@id\":\"https:\/\/moscheeteppich.net\/yurt-halilari\/#local-main-place-address\"},\"geo\":{\"@type\":\"GeoCoordinates\",\"latitude\":\"51.52012440287321\",\"longitude\":\"7.083073803230826\"},\"telephone\":[\"+49 177 3276 389\"],\"openingHoursSpecification\":[{\"@type\":\"OpeningHoursSpecification\",\"dayOfWeek\":[\"Monday\",\"Tuesday\",\"Wednesday\",\"Thursday\",\"Friday\",\"Saturday\",\"Sunday\"],\"opens\":\"09:00\",\"closes\":\"17:00\"}],\"email\":\"info@moscheeteppich.net\"},{\"@type\":\"Person\",\"@id\":\"https:\/\/moscheeteppich.net\/#\/schema\/person\/bb41ec405224e657cf72022ef62c711f\",\"name\":\"Moscheeteppich-Metin\",\"image\":{\"@type\":\"ImageObject\",\"inLanguage\":\"fr-FR\",\"@id\":\"https:\/\/moscheeteppich.net\/#\/schema\/person\/image\/\",\"url\":\"https:\/\/secure.gravatar.com\/avatar\/35107ac0e47cbcbcfa7ca45a7c9b38c13972f3597eca9316c825572c4dcbc75b?s=96&d=mm&r=g\",\"contentUrl\":\"https:\/\/secure.gravatar.com\/avatar\/35107ac0e47cbcbcfa7ca45a7c9b38c13972f3597eca9316c825572c4dcbc75b?s=96&d=mm&r=g\",\"caption\":\"Moscheeteppich-Metin\"},\"sameAs\":[\"https:\/\/moscheeteppich.net\"],\"url\":\"https:\/\/moscheeteppich.net\/fr\/author\/admin\/\"},{\"@type\":\"PostalAddress\",\"@id\":\"https:\/\/moscheeteppich.net\/yurt-halilari\/#local-main-place-address\",\"streetAddress\":\"Meraner Weg 4\",\"addressLocality\":\"Gelsenkirchen\",\"postalCode\":\"45881\",\"addressCountry\":\"DE\"},{\"@type\":\"ImageObject\",\"inLanguage\":\"fr-FR\",\"@id\":\"https:\/\/moscheeteppich.net\/yurt-halilari\/#local-main-organization-logo\",\"url\":\"https:\/\/moscheeteppich.net\/wp-content\/uploads\/2024\/11\/LOGO-1.jpg\",\"contentUrl\":\"https:\/\/moscheeteppich.net\/wp-content\/uploads\/2024\/11\/LOGO-1.jpg\",\"width\":188,\"height\":68,\"caption\":\"Moschee Teppich\"}]}<\/script>\n<meta name=\"geo.placename\" content=\"Gelsenkirchen\" \/>\n<meta name=\"geo.position\" content=\"51.52012440287321;7.083073803230826\" \/>\n<meta name=\"geo.region\" content=\"Allemagne\" \/>\n<!-- \/ Yoast SEO Premium plugin. -->","yoast_head_json":{"title":"Yurt Hal\u0131lar\u0131 - Moschee Teppich","description":"Tapis de dortoir","robots":{"index":"index","follow":"follow","max-snippet":"max-snippet:-1","max-image-preview":"max-image-preview:large","max-video-preview":"max-video-preview:-1"},"canonical":"https:\/\/moscheeteppich.net\/fr\/yurt-halilari\/","og_locale":"fr_FR","og_type":"article","og_title":"Yurt Hal\u0131lar\u0131","og_description":"Yurt Hal\u0131lar\u0131","og_url":"https:\/\/moscheeteppich.net\/fr\/yurt-halilari\/","og_site_name":"Moschee Teppich","article_modified_time":"2024-11-04T21:56:21+00:00","og_image":[{"width":188,"height":68,"url":"https:\/\/moscheeteppich.net\/wp-content\/uploads\/2024\/11\/LOGO-1.jpg","type":"image\/jpeg"}],"twitter_card":"summary_large_image","twitter_misc":{"Dur\u00e9e de lecture estim\u00e9e":"3 minutes"},"schema":{"@context":"https:\/\/schema.org","@graph":[{"@type":"Article","@id":"https:\/\/moscheeteppich.net\/yurt-halilari\/#article","isPartOf":{"@id":"https:\/\/moscheeteppich.net\/yurt-halilari\/"},"author":{"name":"Moscheeteppich-Metin","@id":"https:\/\/moscheeteppich.net\/#\/schema\/person\/bb41ec405224e657cf72022ef62c711f"},"headline":"Yurt Hal\u0131lar\u0131","datePublished":"2024-11-02T12:48:46+00:00","dateModified":"2024-11-04T21:56:21+00:00","mainEntityOfPage":{"@id":"https:\/\/moscheeteppich.net\/yurt-halilari\/"},"wordCount":1119,"publisher":{"@id":"https:\/\/moscheeteppich.net\/#organization"},"inLanguage":"fr-FR"},{"@type":"WebPage","@id":"https:\/\/moscheeteppich.net\/yurt-halilari\/","url":"https:\/\/moscheeteppich.net\/yurt-halilari\/","name":"Yurt Hal\u0131lar\u0131 - Moschee Teppich","isPartOf":{"@id":"https:\/\/moscheeteppich.net\/#website"},"datePublished":"2024-11-02T12:48:46+00:00","dateModified":"2024-11-04T21:56:21+00:00","description":"Tapis de dortoir","breadcrumb":{"@id":"https:\/\/moscheeteppich.net\/yurt-halilari\/#breadcrumb"},"inLanguage":"fr-FR","potentialAction":[{"@type":"ReadAction","target":["https:\/\/moscheeteppich.net\/yurt-halilari\/"]}]},{"@type":"BreadcrumbList","@id":"https:\/\/moscheeteppich.net\/yurt-halilari\/#breadcrumb","itemListElement":[{"@type":"ListItem","position":1,"name":"Anasayfa","item":"https:\/\/moscheeteppich.net\/"},{"@type":"ListItem","position":2,"name":"Yurt Hal\u0131lar\u0131"}]},{"@type":"WebSite","@id":"https:\/\/moscheeteppich.net\/#website","url":"https:\/\/moscheeteppich.net\/","name":"https:\/\/moscheeteppich.net\/fr\/","description":"Tapis de mosqu\u00e9e","publisher":{"@id":"https:\/\/moscheeteppich.net\/#organization"},"potentialAction":[{"@type":"SearchAction","target":{"@type":"EntryPoint","urlTemplate":"https:\/\/moscheeteppich.net\/?s={search_term_string}"},"query-input":{"@type":"PropertyValueSpecification","valueRequired":true,"valueName":"search_term_string"}}],"inLanguage":"fr-FR"},{"@type":["Organization","Place","LocalBusiness"],"@id":"https:\/\/moscheeteppich.net\/#organization","name":"Tapis de mosqu\u00e9e","alternateName":"Moschee Teppich","url":"https:\/\/moscheeteppich.net\/","logo":{"@id":"https:\/\/moscheeteppich.net\/yurt-halilari\/#local-main-organization-logo"},"image":{"@id":"https:\/\/moscheeteppich.net\/yurt-halilari\/#local-main-organization-logo"},"address":{"@id":"https:\/\/moscheeteppich.net\/yurt-halilari\/#local-main-place-address"},"geo":{"@type":"GeoCoordinates","latitude":"51.52012440287321","longitude":"7.083073803230826"},"telephone":["+49 177 3276 389"],"openingHoursSpecification":[{"@type":"OpeningHoursSpecification","dayOfWeek":["Monday","Tuesday","Wednesday","Thursday","Friday","Saturday","Sunday"],"opens":"09:00","closes":"17:00"}],"email":"info@moscheeteppich.net"},{"@type":"Person","@id":"https:\/\/moscheeteppich.net\/#\/schema\/person\/bb41ec405224e657cf72022ef62c711f","name":"Moscheeteppich-Metin","image":{"@type":"ImageObject","inLanguage":"fr-FR","@id":"https:\/\/moscheeteppich.net\/#\/schema\/person\/image\/","url":"https:\/\/secure.gravatar.com\/avatar\/35107ac0e47cbcbcfa7ca45a7c9b38c13972f3597eca9316c825572c4dcbc75b?s=96&d=mm&r=g","contentUrl":"https:\/\/secure.gravatar.com\/avatar\/35107ac0e47cbcbcfa7ca45a7c9b38c13972f3597eca9316c825572c4dcbc75b?s=96&d=mm&r=g","caption":"Moscheeteppich-Metin"},"sameAs":["https:\/\/moscheeteppich.net"],"url":"https:\/\/moscheeteppich.net\/fr\/author\/admin\/"},{"@type":"PostalAddress","@id":"https:\/\/moscheeteppich.net\/yurt-halilari\/#local-main-place-address","streetAddress":"Meraner Weg 4","addressLocality":"Gelsenkirchen","postalCode":"45881","addressCountry":"DE"},{"@type":"ImageObject","inLanguage":"fr-FR","@id":"https:\/\/moscheeteppich.net\/yurt-halilari\/#local-main-organization-logo","url":"https:\/\/moscheeteppich.net\/wp-content\/uploads\/2024\/11\/LOGO-1.jpg","contentUrl":"https:\/\/moscheeteppich.net\/wp-content\/uploads\/2024\/11\/LOGO-1.jpg","width":188,"height":68,"caption":"Moschee Teppich"}]},"geo.placename":"Gelsenkirchen","geo.position":{"lat":"51.52012440287321","long":"7.083073803230826"},"geo.region":"Allemagne"},"_links":{"self":[{"href":"https:\/\/moscheeteppich.net\/fr\/wp-json\/wp\/v2\/pages\/4617","targetHints":{"allow":["GET"]}}],"collection":[{"href":"https:\/\/moscheeteppich.net\/fr\/wp-json\/wp\/v2\/pages"}],"about":[{"href":"https:\/\/moscheeteppich.net\/fr\/wp-json\/wp\/v2\/types\/page"}],"author":[{"embeddable":true,"href":"https:\/\/moscheeteppich.net\/fr\/wp-json\/wp\/v2\/users\/1"}],"replies":[{"embeddable":true,"href":"https:\/\/moscheeteppich.net\/fr\/wp-json\/wp\/v2\/comments?post=4617"}],"version-history":[{"count":0,"href":"https:\/\/moscheeteppich.net\/fr\/wp-json\/wp\/v2\/pages\/4617\/revisions"}],"wp:attachment":[{"href":"https:\/\/moscheeteppich.net\/fr\/wp-json\/wp\/v2\/media?parent=4617"}],"curies":[{"name":"wp","href":"https:\/\/api.w.org\/{rel}","templated":true}]}}