{"id":4621,"date":"2024-11-02T15:50:17","date_gmt":"2024-11-02T12:50:17","guid":{"rendered":"https:\/\/moscheeteppich.net\/?page_id=4621"},"modified":"2024-11-05T00:56:48","modified_gmt":"2024-11-04T21:56:48","slug":"otel-halilari","status":"publish","type":"page","link":"https:\/\/moscheeteppich.net\/fr\/otel-halilari\/","title":{"rendered":"Tapis d'h\u00f4tel"},"content":{"rendered":"<div class=\"wpb-content-wrapper\"><div class=\"vc_row wpb_row vc_row-fluid\"><div class=\"container\"><div class=\"row\"><div class=\"wpb_column vc_column_container vc_col-sm-12\"><div class=\"vc_column-inner\"><div class=\"wpb_wrapper\"><div class=\"mf-empty-space\" style=\"\"><div class=\"mf_empty_space_lg\"  style=\"height: 80px\"><\/div><div class=\"mf_empty_space_md\"  style=\"height: 25px\"><\/div><div class=\"mf_empty_space_xs\"  style=\"height: 25px\"><\/div><\/div><h2 style=\"font-size: 26px;text-align: left\" class=\"vc_custom_heading vc_do_custom_heading fw-medium vc_custom_1730554938035\" >Tapis d'h\u00f4tel<\/h2><div class=\"mf-empty-space\" style=\"\"><div class=\"mf_empty_space_lg\"  style=\"height: 20px\"><\/div><div class=\"mf_empty_space_md\"  style=\"height: 25px\"><\/div><div class=\"mf_empty_space_xs\"  style=\"height: 25px\"><\/div><\/div>\n\t<div class=\"wpb_text_column wpb_content_element\" >\n\t\t<div class=\"wpb_wrapper\">\n\t\t\t<div class=\"fix-area\">\n<div class=\"offcanvas__info\">\n<div class=\"offcanvas__wrapper\">\n<div class=\"offcanvas__content\">\n<div class=\"offcanvas__top mb-5 d-flex justify-content-between align-items-center\"><\/div>\n<\/div>\n<\/div>\n<\/div>\n<\/div>\n<section class=\"service-section section-bg-4 fix section-padding\">\n<div class=\"container\">\n<div class=\"row\">\n<div class=\"col-md-12\">\n<h3 style=\"text-align: justify;\">Tapis d'h\u00f4tel : combinaison de confort et d'esth\u00e9tique<\/h3>\n<p style=\"text-align: justify;\">Les tapis d'h\u00f4tel jouent un r\u00f4le important dans l'industrie h\u00f4teli\u00e8re. En plus d\u2019augmenter le confort des clients, ce sont \u00e9galement des facteurs qui d\u00e9terminent l\u2019aspect esth\u00e9tique de l\u2019h\u00f4tel. La qualit\u00e9, la durabilit\u00e9 et le design des tapis d\u2019h\u00f4tel affectent directement \u00e0 la fois l\u2019exp\u00e9rience client et l\u2019image globale de l\u2019h\u00f4tel. Dans cet article, nous nous concentrerons sur l'importance des tapis d'h\u00f4tel, la s\u00e9lection des mat\u00e9riaux, la conception, les processus d'entretien et les effets psychologiques.<\/p>\n<h4 style=\"text-align: justify;\">L\u2019importance des tapis d\u2019h\u00f4tel<\/h4>\n<p style=\"text-align: justify;\">Les tapis d'h\u00f4tel sont l'un des \u00e9l\u00e9ments les plus importants qui fa\u00e7onnent l'int\u00e9rieur de l'\u00e9tablissement d'h\u00e9bergement et cr\u00e9ent son atmosph\u00e8re. Les clients doivent ressentir le confort offert par les tapis d\u00e8s qu'ils franchissent la porte de l'h\u00f4tel. Des tapis bien con\u00e7us et de haute qualit\u00e9 donnent aux clients le sentiment d'\u00eatre chez eux.<\/p>\n<p style=\"text-align: justify;\">Les tapis d\u2019h\u00f4tel doivent \u00eatre durables et r\u00e9sistants, d\u2019autant plus qu\u2019ils sont soumis \u00e0 un usage intensif. Les rev\u00eatements de sol des h\u00f4tels sont utilis\u00e9s quotidiennement par des centaines de personnes ; Il est donc primordial que les tapis soient r\u00e9sistants \u00e0 l\u2019abrasion. De plus, les tapis offrent une isolation phonique, contribuant ainsi \u00e0 ce que les clients vivent une exp\u00e9rience d'h\u00e9bergement plus paisible.<\/p>\n<h4 style=\"text-align: justify;\">S\u00e9lection des mat\u00e9riaux<\/h4>\n<p style=\"text-align: justify;\">Le choix des mat\u00e9riaux pour les tapis d\u2019h\u00f4tel est l\u2019un des facteurs les plus importants en mati\u00e8re de qualit\u00e9 et de durabilit\u00e9. G\u00e9n\u00e9ralement, les tapis d'h\u00f4tel sont fabriqu\u00e9s \u00e0 partir des mat\u00e9riaux suivants :<\/p>\n<ol style=\"text-align: justify;\">\n<li><strong>Tapis en laine\u00a0:<\/strong>\u00a0La laine, mati\u00e8re naturelle, attire l'attention par ses propri\u00e9t\u00e9s de maintien de la chaleur et d'isolation phonique. Les tapis en laine offrent des options de motifs esth\u00e9tiquement riches. Cependant, les tapis en laine peuvent \u00eatre un peu plus difficiles \u00e0 entretenir et co\u00fbter plus cher que les autres options.<\/li>\n<li><strong>Tapis en polyester\u00a0:<\/strong>\u00a0Le polyester, une option \u00e9conomique, se d\u00e9marque par sa durabilit\u00e9 et sa nettoyabilit\u00e9. Les tapis en polyester r\u00e9sistent \u00e0 l\u2019eau et aux taches, ce qui les rend fr\u00e9quemment pr\u00e9f\u00e9r\u00e9s dans les environnements h\u00f4teliers.<\/li>\n<li><strong>Tapis acryliques\u00a0:<\/strong>\u00a0Bien que l\u2019acrylique offre une texture naturelle semblable \u00e0 celle de la laine, il est \u00e9galement durable en tant que mat\u00e9riau synth\u00e9tique. Ses couleurs r\u00e9sistent \u00e0 la d\u00e9coloration et il est tr\u00e8s facile d'entretien.<\/li>\n<li><strong>Fibres m\u00e9lang\u00e9es\u00a0:<\/strong>\u00a0Les fibres m\u00e9lang\u00e9es cr\u00e9\u00e9es en combinant diff\u00e9rents mat\u00e9riaux attirent l'attention \u00e0 la fois par leur durabilit\u00e9 et leur aspect esth\u00e9tique. Ils se pr\u00e9sentent souvent comme une option rentable.<\/li>\n<\/ol>\n<h4 style=\"text-align: justify;\">Design et esth\u00e9tique<\/h4>\n<p style=\"text-align: justify;\">La conception des tapis d'h\u00f4tel affecte l'atmosph\u00e8re g\u00e9n\u00e9rale de l'h\u00f4tel. Outre le design, la s\u00e9lection des couleurs est \u00e9galement d'une grande importance pour am\u00e9liorer l'exp\u00e9rience des clients. Les tapis doivent s'adapter \u00e0 la d\u00e9coration g\u00e9n\u00e9rale de l'h\u00f4tel et refl\u00e9ter l'esprit des lieux.<\/p>\n<ul style=\"text-align: justify;\">\n<li><strong>Chambres d'h\u00f4tes\u00a0:<\/strong>\u00a0Les tapis utilis\u00e9s dans les chambres ont g\u00e9n\u00e9ralement des tons de couleurs chaudes. Il aide les invit\u00e9s \u00e0 se d\u00e9tendre gr\u00e2ce \u00e0 sa texture douce et son aspect esth\u00e9tique.<\/li>\n<li><strong>Couloirs\u00a0:<\/strong>\u00a0Les tapis utilis\u00e9s dans les couloirs des h\u00f4tels contiennent g\u00e9n\u00e9ralement des couleurs et des motifs sombres. Cela masque les imperfections tout en augmentant l\u2019\u00e9l\u00e9gance.<\/li>\n<li><strong>Espaces communs\u00a0:<\/strong>\u00a0Les tapis utilis\u00e9s dans les espaces communs tels que les halls d\u2019entr\u00e9e, les restaurants et les salles de r\u00e9union sont con\u00e7us avec des couleurs et des motifs vibrants et encouragent les interactions sociales. Les tapis utilis\u00e9s dans ces espaces cr\u00e9ent une atmosph\u00e8re chaleureuse o\u00f9 les clients peuvent passer du temps confortablement.<\/li>\n<\/ul>\n<h4 style=\"text-align: justify;\">Nettoyage et entretien<\/h4>\n<p style=\"text-align: justify;\">Le nettoyage et l\u2019entretien des tapis d\u2019h\u00f4tel sont d\u2019une importance cruciale en termes d\u2019hygi\u00e8ne et d\u2019esth\u00e9tique. Dans les h\u00f4tels \u00e0 forte fr\u00e9quentation, un nettoyage r\u00e9gulier des tapis est n\u00e9cessaire pour r\u00e9duire les allerg\u00e8nes et les microbes.<\/p>\n<p style=\"text-align: justify;\">Les \u00e9tapes suivantes sont recommand\u00e9es pour l\u2019entretien des tapis :<\/p>\n<ol style=\"text-align: justify;\">\n<li><strong>Passage r\u00e9gulier \u00e0 l'aspirateur\u00a0:<\/strong>\u00a0Les tapis doivent \u00eatre aspir\u00e9s quotidiennement pour \u00e9liminer la poussi\u00e8re et la salet\u00e9. Ce processus est important pour garantir un environnement hygi\u00e9nique.<\/li>\n<li><strong>Nettoyage des taches\u00a0:<\/strong>\u00a0Les taches sur les tapis peuvent devenir permanentes si elles ne sont pas trait\u00e9es imm\u00e9diatement. Lorsqu'une tache appara\u00eet, elle doit \u00eatre trait\u00e9e avec des produits de nettoyage appropri\u00e9s dans les plus brefs d\u00e9lais.<\/li>\n<li><strong>Nettoyage professionnel :<\/strong>\u00a0Le recours \u00e0 des services professionnels de nettoyage de tapis \u00e0 intervalles r\u00e9guliers prolonge la dur\u00e9e de vie des tapis et permet un nettoyage en profondeur. Ce processus aide les tapis \u00e0 conserver leurs couleurs \u00e9clatantes.<\/li>\n<\/ol>\n<h4 style=\"text-align: justify;\">Effet psychologique des tapis d'h\u00f4tel<\/h4>\n<p style=\"text-align: justify;\">Une autre dimension importante des tapis d\u2019h\u00f4tel est leur effet psychologique. La couleur et le design des tapis peuvent affecter l\u2019humeur des invit\u00e9s. Un environnement chaleureux et accueillant peut r\u00e9duire le niveau de stress des clients et offrir un s\u00e9jour plus agr\u00e9able.<\/p>\n<p style=\"text-align: justify;\">La psychologie des couleurs doit \u00eatre prise en compte lors du choix des tapis. Alors que les couleurs vives apportent \u00e9nergie et motivation, les tons plus calmes peuvent donner un sentiment de paix et de s\u00e9r\u00e9nit\u00e9. En particulier dans les espaces spa ou d\u00e9tente, les clients peuvent \u00eatre encourag\u00e9s \u00e0 se d\u00e9tendre en choisissant des tons de couleurs calmes.<\/p>\n<h4 style=\"text-align: justify;\">en conclusion<\/h4>\n<p style=\"text-align: justify;\">Les tapis d'h\u00f4tel jouent un r\u00f4le important dans l'industrie h\u00f4teli\u00e8re. Les tapis produits avec des mat\u00e9riaux de qualit\u00e9 et soigneusement con\u00e7us ont un impact esth\u00e9tique positif sur l'exp\u00e9rience des clients. La durabilit\u00e9, le confort et l'esth\u00e9tique sont les \u00e9l\u00e9ments de base \u00e0 prendre en compte lors du choix des tapis d'h\u00f4tel.<\/p>\n<p style=\"text-align: justify;\">L\u2019entretien r\u00e9gulier des tapis est important en termes d\u2019hygi\u00e8ne et d\u2019esth\u00e9tique. Par cons\u00e9quent, le fait que les directions de l\u2019h\u00f4tel soient prudentes dans la s\u00e9lection et l\u2019entretien des tapis augmentera la qualit\u00e9 globale de l\u2019h\u00f4tel. En cons\u00e9quence, les tapis d'h\u00f4tel sont un \u00e9l\u00e9ment important qui approfondit l'exp\u00e9rience d'h\u00e9bergement des clients, offre un environnement confortable et cr\u00e9e l'image de l'h\u00f4tel.<\/p>\n<\/div>\n<\/div>\n<\/div>\n<\/section>\n\n\t\t<\/div>\n\t<\/div>\n<div class=\"mf-empty-space\" style=\"\"><div class=\"mf_empty_space_lg\"  style=\"height: 60px\"><\/div><div class=\"mf_empty_space_md\"  style=\"height: 25px\"><\/div><div class=\"mf_empty_space_xs\"  style=\"height: 25px\"><\/div><\/div>\n<div class=\"vc_grid-container-wrapper vc_clearfix vc_grid-animation-zoomIn\">\n\t<div class=\"vc_grid-container vc_clearfix wpb_content_element vc_masonry_media_grid\" data-initial-loading-animation=\"zoomIn\" data-vc-grid-settings=\"{&quot;page_id&quot;:4621,&quot;style&quot;:&quot;all-masonry&quot;,&quot;action&quot;:&quot;vc_get_vc_grid_data&quot;,&quot;shortcode_id&quot;:&quot;1730757398847-3a913dd0e6c999aa623d8b46f8d7e54f-10&quot;,&quot;tag&quot;:&quot;vc_masonry_media_grid&quot;}\" data-vc-request=\"https:\/\/moscheeteppich.net\/wp-admin\/admin-ajax.php\" data-vc-post-id=\"4621\" data-vc-public-nonce=\"6c679b3860\">\n\t\t\n\t<\/div>\n<\/div><div class=\"mf-empty-space\" style=\"\"><div class=\"mf_empty_space_lg\"  style=\"height: 60px\"><\/div><div class=\"mf_empty_space_md\"  style=\"height: 25px\"><\/div><div class=\"mf_empty_space_xs\"  style=\"height: 25px\"><\/div><\/div><div class=\"mf-empty-space\" style=\"\"><div class=\"mf_empty_space_lg\"  style=\"height: 60px\"><\/div><div class=\"mf_empty_space_md\"  style=\"height: 25px\"><\/div><div class=\"mf_empty_space_xs\"  style=\"height: 25px\"><\/div><\/div><div class=\"mf-empty-space\" style=\"\"><div class=\"mf_empty_space_lg\"  style=\"height: 15px\"><\/div><div class=\"mf_empty_space_md\"  style=\"height: 15px\"><\/div><div class=\"mf_empty_space_xs\"  style=\"height: 15px\"><\/div><\/div><\/div><\/div><\/div><\/div><\/div><\/div>\n<\/div>","protected":false},"excerpt":{"rendered":"Otel Hal\u0131lar\u0131 Otel Hal\u0131lar\u0131: Konfor ve Esteti\u011fin Birle\u015fimi Otel hal\u0131lar\u0131, konaklama sekt\u00f6r\u00fcnde \u00f6nemli bir rol oynar. Misafirlerin rahatl\u0131\u011f\u0131n\u0131 art\u0131rman\u0131n yan\u0131 s\u0131ra, otelin estetik g\u00f6r\u00fcn\u00fcm\u00fcn\u00fc de belirleyen unsurlard\u0131r. Otel hal\u0131lar\u0131n\u0131n kalitesi, dayan\u0131kl\u0131l\u0131\u011f\u0131 ve tasar\u0131m\u0131, hem misafir deneyimini hem de otelin genel imaj\u0131n\u0131 do\u011frudan etkiler. Bu makalede, otel hal\u0131lar\u0131n\u0131n \u00f6nemi, malzeme se\u00e7imi, tasar\u0131m\u0131, bak\u0131m s\u00fcre\u00e7leri ve psikolojik [...]","protected":false},"author":1,"featured_media":0,"parent":0,"menu_order":0,"comment_status":"closed","ping_status":"closed","template":"template-fullwidth.php","meta":{"_themeisle_gutenberg_block_has_review":false,"footnotes":""},"class_list":["post-4621","page","type-page","status-publish","hentry","no-thumb"],"yoast_head":"<!-- This site is optimized with the Yoast SEO Premium plugin v20.6 (Yoast SEO v26.6) - https:\/\/yoast.com\/wordpress\/plugins\/seo\/ -->\n<title>Otel Hal\u0131lar\u0131 - Moschee Teppich<\/title>\n<meta name=\"description\" content=\"Otel Hal\u0131lar\u0131\" \/>\n<meta name=\"robots\" content=\"index, follow, max-snippet:-1, max-image-preview:large, max-video-preview:-1\" \/>\n<link rel=\"canonical\" href=\"https:\/\/moscheeteppich.net\/fr\/otel-halilari\/\" \/>\n<meta property=\"og:locale\" content=\"fr_FR\" \/>\n<meta property=\"og:type\" content=\"article\" \/>\n<meta property=\"og:title\" content=\"Otel Hal\u0131lar\u0131\" \/>\n<meta property=\"og:description\" content=\"Otel Hal\u0131lar\u0131\" \/>\n<meta property=\"og:url\" content=\"https:\/\/moscheeteppich.net\/fr\/otel-halilari\/\" \/>\n<meta property=\"og:site_name\" content=\"Moschee Teppich\" \/>\n<meta property=\"article:modified_time\" content=\"2024-11-04T21:56:48+00:00\" \/>\n<meta property=\"og:image\" content=\"https:\/\/moscheeteppich.net\/wp-content\/uploads\/2024\/11\/LOGO-1.jpg\" \/>\n\t<meta property=\"og:image:width\" content=\"188\" \/>\n\t<meta property=\"og:image:height\" content=\"68\" \/>\n\t<meta property=\"og:image:type\" content=\"image\/jpeg\" \/>\n<meta name=\"twitter:card\" content=\"summary_large_image\" \/>\n<meta name=\"twitter:label1\" content=\"Dur\u00e9e de lecture estim\u00e9e\" \/>\n\t<meta name=\"twitter:data1\" content=\"3 minutes\" \/>\n<script type=\"application\/ld+json\" class=\"yoast-schema-graph\">{\"@context\":\"https:\/\/schema.org\",\"@graph\":[{\"@type\":\"Article\",\"@id\":\"https:\/\/moscheeteppich.net\/otel-halilari\/#article\",\"isPartOf\":{\"@id\":\"https:\/\/moscheeteppich.net\/otel-halilari\/\"},\"author\":{\"name\":\"Moscheeteppich-Metin\",\"@id\":\"https:\/\/moscheeteppich.net\/#\/schema\/person\/bb41ec405224e657cf72022ef62c711f\"},\"headline\":\"Otel Hal\u0131lar\u0131\",\"datePublished\":\"2024-11-02T12:50:17+00:00\",\"dateModified\":\"2024-11-04T21:56:48+00:00\",\"mainEntityOfPage\":{\"@id\":\"https:\/\/moscheeteppich.net\/otel-halilari\/\"},\"wordCount\":1081,\"publisher\":{\"@id\":\"https:\/\/moscheeteppich.net\/#organization\"},\"inLanguage\":\"fr-FR\"},{\"@type\":\"WebPage\",\"@id\":\"https:\/\/moscheeteppich.net\/otel-halilari\/\",\"url\":\"https:\/\/moscheeteppich.net\/otel-halilari\/\",\"name\":\"Otel Hal\u0131lar\u0131 - Moschee Teppich\",\"isPartOf\":{\"@id\":\"https:\/\/moscheeteppich.net\/#website\"},\"datePublished\":\"2024-11-02T12:50:17+00:00\",\"dateModified\":\"2024-11-04T21:56:48+00:00\",\"description\":\"Otel Hal\u0131lar\u0131\",\"breadcrumb\":{\"@id\":\"https:\/\/moscheeteppich.net\/otel-halilari\/#breadcrumb\"},\"inLanguage\":\"fr-FR\",\"potentialAction\":[{\"@type\":\"ReadAction\",\"target\":[\"https:\/\/moscheeteppich.net\/otel-halilari\/\"]}]},{\"@type\":\"BreadcrumbList\",\"@id\":\"https:\/\/moscheeteppich.net\/otel-halilari\/#breadcrumb\",\"itemListElement\":[{\"@type\":\"ListItem\",\"position\":1,\"name\":\"Anasayfa\",\"item\":\"https:\/\/moscheeteppich.net\/\"},{\"@type\":\"ListItem\",\"position\":2,\"name\":\"Otel Hal\u0131lar\u0131\"}]},{\"@type\":\"WebSite\",\"@id\":\"https:\/\/moscheeteppich.net\/#website\",\"url\":\"https:\/\/moscheeteppich.net\/\",\"name\":\"https:\/\/moscheeteppich.net\/\",\"description\":\"Moschee Teppich\",\"publisher\":{\"@id\":\"https:\/\/moscheeteppich.net\/#organization\"},\"potentialAction\":[{\"@type\":\"SearchAction\",\"target\":{\"@type\":\"EntryPoint\",\"urlTemplate\":\"https:\/\/moscheeteppich.net\/?s={search_term_string}\"},\"query-input\":{\"@type\":\"PropertyValueSpecification\",\"valueRequired\":true,\"valueName\":\"search_term_string\"}}],\"inLanguage\":\"fr-FR\"},{\"@type\":[\"Organization\",\"Place\",\"LocalBusiness\"],\"@id\":\"https:\/\/moscheeteppich.net\/#organization\",\"name\":\"Moschee Teppich\",\"alternateName\":\"Moschee Teppich\",\"url\":\"https:\/\/moscheeteppich.net\/\",\"logo\":{\"@id\":\"https:\/\/moscheeteppich.net\/otel-halilari\/#local-main-organization-logo\"},\"image\":{\"@id\":\"https:\/\/moscheeteppich.net\/otel-halilari\/#local-main-organization-logo\"},\"address\":{\"@id\":\"https:\/\/moscheeteppich.net\/otel-halilari\/#local-main-place-address\"},\"geo\":{\"@type\":\"GeoCoordinates\",\"latitude\":\"51.52012440287321\",\"longitude\":\"7.083073803230826\"},\"telephone\":[\"+49 177 3276 389\"],\"openingHoursSpecification\":[{\"@type\":\"OpeningHoursSpecification\",\"dayOfWeek\":[\"Monday\",\"Tuesday\",\"Wednesday\",\"Thursday\",\"Friday\",\"Saturday\",\"Sunday\"],\"opens\":\"09:00\",\"closes\":\"17:00\"}],\"email\":\"info@moscheeteppich.net\"},{\"@type\":\"Person\",\"@id\":\"https:\/\/moscheeteppich.net\/#\/schema\/person\/bb41ec405224e657cf72022ef62c711f\",\"name\":\"Moscheeteppich-Metin\",\"image\":{\"@type\":\"ImageObject\",\"inLanguage\":\"fr-FR\",\"@id\":\"https:\/\/moscheeteppich.net\/#\/schema\/person\/image\/\",\"url\":\"https:\/\/secure.gravatar.com\/avatar\/35107ac0e47cbcbcfa7ca45a7c9b38c13972f3597eca9316c825572c4dcbc75b?s=96&d=mm&r=g\",\"contentUrl\":\"https:\/\/secure.gravatar.com\/avatar\/35107ac0e47cbcbcfa7ca45a7c9b38c13972f3597eca9316c825572c4dcbc75b?s=96&d=mm&r=g\",\"caption\":\"Moscheeteppich-Metin\"},\"sameAs\":[\"https:\/\/moscheeteppich.net\"],\"url\":\"https:\/\/moscheeteppich.net\/fr\/author\/admin\/\"},{\"@type\":\"PostalAddress\",\"@id\":\"https:\/\/moscheeteppich.net\/otel-halilari\/#local-main-place-address\",\"streetAddress\":\"Meraner Weg 4\",\"addressLocality\":\"Gelsenkirchen\",\"postalCode\":\"45881\",\"addressCountry\":\"DE\"},{\"@type\":\"ImageObject\",\"inLanguage\":\"fr-FR\",\"@id\":\"https:\/\/moscheeteppich.net\/otel-halilari\/#local-main-organization-logo\",\"url\":\"https:\/\/moscheeteppich.net\/wp-content\/uploads\/2024\/11\/LOGO-1.jpg\",\"contentUrl\":\"https:\/\/moscheeteppich.net\/wp-content\/uploads\/2024\/11\/LOGO-1.jpg\",\"width\":188,\"height\":68,\"caption\":\"Moschee Teppich\"}]}<\/script>\n<meta name=\"geo.placename\" content=\"Gelsenkirchen\" \/>\n<meta name=\"geo.position\" content=\"51.52012440287321;7.083073803230826\" \/>\n<meta name=\"geo.region\" content=\"Allemagne\" \/>\n<!-- \/ Yoast SEO Premium plugin. -->","yoast_head_json":{"title":"Otel Hal\u0131lar\u0131 - Moschee Teppich","description":"Tapis d'h\u00f4tel","robots":{"index":"index","follow":"follow","max-snippet":"max-snippet:-1","max-image-preview":"max-image-preview:large","max-video-preview":"max-video-preview:-1"},"canonical":"https:\/\/moscheeteppich.net\/fr\/otel-halilari\/","og_locale":"fr_FR","og_type":"article","og_title":"Otel Hal\u0131lar\u0131","og_description":"Otel Hal\u0131lar\u0131","og_url":"https:\/\/moscheeteppich.net\/fr\/otel-halilari\/","og_site_name":"Moschee Teppich","article_modified_time":"2024-11-04T21:56:48+00:00","og_image":[{"width":188,"height":68,"url":"https:\/\/moscheeteppich.net\/wp-content\/uploads\/2024\/11\/LOGO-1.jpg","type":"image\/jpeg"}],"twitter_card":"summary_large_image","twitter_misc":{"Dur\u00e9e de lecture estim\u00e9e":"3 minutes"},"schema":{"@context":"https:\/\/schema.org","@graph":[{"@type":"Article","@id":"https:\/\/moscheeteppich.net\/otel-halilari\/#article","isPartOf":{"@id":"https:\/\/moscheeteppich.net\/otel-halilari\/"},"author":{"name":"Moscheeteppich-Metin","@id":"https:\/\/moscheeteppich.net\/#\/schema\/person\/bb41ec405224e657cf72022ef62c711f"},"headline":"Otel Hal\u0131lar\u0131","datePublished":"2024-11-02T12:50:17+00:00","dateModified":"2024-11-04T21:56:48+00:00","mainEntityOfPage":{"@id":"https:\/\/moscheeteppich.net\/otel-halilari\/"},"wordCount":1081,"publisher":{"@id":"https:\/\/moscheeteppich.net\/#organization"},"inLanguage":"fr-FR"},{"@type":"WebPage","@id":"https:\/\/moscheeteppich.net\/otel-halilari\/","url":"https:\/\/moscheeteppich.net\/otel-halilari\/","name":"Otel Hal\u0131lar\u0131 - Moschee Teppich","isPartOf":{"@id":"https:\/\/moscheeteppich.net\/#website"},"datePublished":"2024-11-02T12:50:17+00:00","dateModified":"2024-11-04T21:56:48+00:00","description":"Tapis d'h\u00f4tel","breadcrumb":{"@id":"https:\/\/moscheeteppich.net\/otel-halilari\/#breadcrumb"},"inLanguage":"fr-FR","potentialAction":[{"@type":"ReadAction","target":["https:\/\/moscheeteppich.net\/otel-halilari\/"]}]},{"@type":"BreadcrumbList","@id":"https:\/\/moscheeteppich.net\/otel-halilari\/#breadcrumb","itemListElement":[{"@type":"ListItem","position":1,"name":"Anasayfa","item":"https:\/\/moscheeteppich.net\/"},{"@type":"ListItem","position":2,"name":"Otel Hal\u0131lar\u0131"}]},{"@type":"WebSite","@id":"https:\/\/moscheeteppich.net\/#website","url":"https:\/\/moscheeteppich.net\/","name":"https:\/\/moscheeteppich.net\/fr\/","description":"Tapis de mosqu\u00e9e","publisher":{"@id":"https:\/\/moscheeteppich.net\/#organization"},"potentialAction":[{"@type":"SearchAction","target":{"@type":"EntryPoint","urlTemplate":"https:\/\/moscheeteppich.net\/?s={search_term_string}"},"query-input":{"@type":"PropertyValueSpecification","valueRequired":true,"valueName":"search_term_string"}}],"inLanguage":"fr-FR"},{"@type":["Organization","Place","LocalBusiness"],"@id":"https:\/\/moscheeteppich.net\/#organization","name":"Tapis de mosqu\u00e9e","alternateName":"Moschee Teppich","url":"https:\/\/moscheeteppich.net\/","logo":{"@id":"https:\/\/moscheeteppich.net\/otel-halilari\/#local-main-organization-logo"},"image":{"@id":"https:\/\/moscheeteppich.net\/otel-halilari\/#local-main-organization-logo"},"address":{"@id":"https:\/\/moscheeteppich.net\/otel-halilari\/#local-main-place-address"},"geo":{"@type":"GeoCoordinates","latitude":"51.52012440287321","longitude":"7.083073803230826"},"telephone":["+49 177 3276 389"],"openingHoursSpecification":[{"@type":"OpeningHoursSpecification","dayOfWeek":["Monday","Tuesday","Wednesday","Thursday","Friday","Saturday","Sunday"],"opens":"09:00","closes":"17:00"}],"email":"info@moscheeteppich.net"},{"@type":"Person","@id":"https:\/\/moscheeteppich.net\/#\/schema\/person\/bb41ec405224e657cf72022ef62c711f","name":"Moscheeteppich-Metin","image":{"@type":"ImageObject","inLanguage":"fr-FR","@id":"https:\/\/moscheeteppich.net\/#\/schema\/person\/image\/","url":"https:\/\/secure.gravatar.com\/avatar\/35107ac0e47cbcbcfa7ca45a7c9b38c13972f3597eca9316c825572c4dcbc75b?s=96&d=mm&r=g","contentUrl":"https:\/\/secure.gravatar.com\/avatar\/35107ac0e47cbcbcfa7ca45a7c9b38c13972f3597eca9316c825572c4dcbc75b?s=96&d=mm&r=g","caption":"Moscheeteppich-Metin"},"sameAs":["https:\/\/moscheeteppich.net"],"url":"https:\/\/moscheeteppich.net\/fr\/author\/admin\/"},{"@type":"PostalAddress","@id":"https:\/\/moscheeteppich.net\/otel-halilari\/#local-main-place-address","streetAddress":"Meraner Weg 4","addressLocality":"Gelsenkirchen","postalCode":"45881","addressCountry":"DE"},{"@type":"ImageObject","inLanguage":"fr-FR","@id":"https:\/\/moscheeteppich.net\/otel-halilari\/#local-main-organization-logo","url":"https:\/\/moscheeteppich.net\/wp-content\/uploads\/2024\/11\/LOGO-1.jpg","contentUrl":"https:\/\/moscheeteppich.net\/wp-content\/uploads\/2024\/11\/LOGO-1.jpg","width":188,"height":68,"caption":"Moschee Teppich"}]},"geo.placename":"Gelsenkirchen","geo.position":{"lat":"51.52012440287321","long":"7.083073803230826"},"geo.region":"Allemagne"},"_links":{"self":[{"href":"https:\/\/moscheeteppich.net\/fr\/wp-json\/wp\/v2\/pages\/4621","targetHints":{"allow":["GET"]}}],"collection":[{"href":"https:\/\/moscheeteppich.net\/fr\/wp-json\/wp\/v2\/pages"}],"about":[{"href":"https:\/\/moscheeteppich.net\/fr\/wp-json\/wp\/v2\/types\/page"}],"author":[{"embeddable":true,"href":"https:\/\/moscheeteppich.net\/fr\/wp-json\/wp\/v2\/users\/1"}],"replies":[{"embeddable":true,"href":"https:\/\/moscheeteppich.net\/fr\/wp-json\/wp\/v2\/comments?post=4621"}],"version-history":[{"count":0,"href":"https:\/\/moscheeteppich.net\/fr\/wp-json\/wp\/v2\/pages\/4621\/revisions"}],"wp:attachment":[{"href":"https:\/\/moscheeteppich.net\/fr\/wp-json\/wp\/v2\/media?parent=4621"}],"curies":[{"name":"wp","href":"https:\/\/api.w.org\/{rel}","templated":true}]}}